{"id":1520,"date":"2022-08-22T12:30:35","date_gmt":"2022-08-22T11:30:35","guid":{"rendered":"https:\/\/rib-lofoten.com\/?page_id=1520"},"modified":"2024-08-25T18:41:43","modified_gmt":"2024-08-25T16:41:43","slug":"we-wir-sind","status":"publish","type":"page","link":"https:\/\/rib-lofoten.com\/de\/hvem-vi-er\/","title":{"rendered":"Wer wir sind"},"content":{"rendered":"<div data-elementor-type=\"wp-page\" data-elementor-id=\"1520\" class=\"elementor elementor-1520\" data-elementor-post-type=\"page\">\n\t\t\t\t\t\t<section class=\"elementor-section elementor-top-section elementor-element elementor-element-db3a7ae elementor-section-stretched elementor-section-full_width elementor-section-height-default elementor-section-height-default\" data-id=\"db3a7ae\" data-element_type=\"section\" data-e-type=\"section\" data-settings=\"{&quot;stretch_section&quot;:&quot;section-stretched&quot;,&quot;background_background&quot;:&quot;classic&quot;,&quot;background_image&quot;:{&quot;url&quot;:&quot;&quot;,&quot;id&quot;:&quot;&quot;,&quot;size&quot;:&quot;&quot;},&quot;background_image_tablet&quot;:{&quot;url&quot;:&quot;&quot;,&quot;id&quot;:&quot;&quot;,&quot;size&quot;:&quot;&quot;},&quot;background_image_mobile&quot;:{&quot;url&quot;:&quot;&quot;,&quot;id&quot;:&quot;&quot;,&quot;size&quot;:&quot;&quot;}}\">\n\t\t\t\t\t\t<div class=\"elementor-container elementor-column-gap-no\">\n\t\t\t\t\t<div class=\"elementor-column elementor-col-100 elementor-top-column elementor-element elementor-element-7041cfc\" data-id=\"7041cfc\" data-element_type=\"column\" data-e-type=\"column\">\n\t\t\t<div class=\"elementor-widget-wrap elementor-element-populated\">\n\t\t\t\t\t\t<div class=\"elementor-element elementor-element-dac6a6e elementor--h-position-center elementor--v-position-middle elementor-arrows-position-inside elementor-widget elementor-widget-slides\" data-id=\"dac6a6e\" data-element_type=\"widget\" data-e-type=\"widget\" data-settings=\"{&quot;transition_speed&quot;:1500,&quot;navigation&quot;:&quot;arrows&quot;,&quot;transition&quot;:&quot;slide&quot;}\" data-widget_type=\"slides.default\">\n\t\t\t\t<div class=\"elementor-widget-container\">\n\t\t\t\t\t\t\t\t\t<div class=\"elementor-swiper\">\n\t\t\t\t\t<div class=\"elementor-slides-wrapper elementor-main-swiper swiper\" role=\"region\" aria-roledescription=\"carousel\" aria-label=\"Diapositivas\" dir=\"ltr\" data-animation=\"fadeInDown\">\n\t\t\t\t<div class=\"swiper-wrapper elementor-slides\">\n\t\t\t\t\t\t\t\t\t\t<div class=\"elementor-repeater-item-43b27f7 swiper-slide\" role=\"group\" aria-roledescription=\"slide\"><div class=\"swiper-slide-bg\" role=\"img\" aria-label=\"9i-vesteralen-and-lofoten-by-rib_11_10961\"><\/div><div class=\"elementor-background-overlay\"><\/div><div class=\"swiper-slide-inner\" ><div class=\"swiper-slide-contents\"><div class=\"elementor-slide-heading\">Wer wir sind<\/div><div class=\"elementor-slide-description\"><br>Einige kurze und unterhaltsame Informationen, um uns etwas besser kennenzulernen<\/div><\/div><\/div><\/div>\t\t\t\t<\/div>\n\t\t\t\t\t\t\t<\/div>\n\t\t\t\t<\/div>\n\t\t\t\t\t\t\t\t<\/div>\n\t\t\t\t<\/div>\n\t\t\t\t\t<\/div>\n\t\t<\/div>\n\t\t\t\t\t<\/div>\n\t\t<\/section>\n\t\t\t\t<section class=\"elementor-section elementor-top-section elementor-element elementor-element-ef67d08 elementor-reverse-mobile elementor-reverse-tablet elementor-section-boxed elementor-section-height-default elementor-section-height-default\" data-id=\"ef67d08\" data-element_type=\"section\" data-e-type=\"section\">\n\t\t\t\t\t\t<div class=\"elementor-container elementor-column-gap-default\">\n\t\t\t\t\t<div class=\"elementor-column elementor-col-50 elementor-top-column elementor-element elementor-element-1423caf\" data-id=\"1423caf\" data-element_type=\"column\" data-e-type=\"column\">\n\t\t\t<div class=\"elementor-widget-wrap elementor-element-populated\">\n\t\t\t\t\t\t<div class=\"elementor-element elementor-element-642cca3 elementor-widget elementor-widget-image\" data-id=\"642cca3\" data-element_type=\"widget\" data-e-type=\"widget\" data-settings=\"{&quot;_animation&quot;:&quot;none&quot;}\" data-widget_type=\"image.default\">\n\t\t\t\t<div class=\"elementor-widget-container\">\n\t\t\t\t\t\t\t\t\t\t\t\t\t\t\t<img fetchpriority=\"high\" decoding=\"async\" width=\"1024\" height=\"512\" src=\"https:\/\/rib-lofoten.com\/wp-content\/uploads\/2022\/09\/9e-rib-adventure-in-lofoten_10_10959-1024x512.jpg\" class=\"attachment-large size-large wp-image-2298\" alt=\"Bootsfahrten auf den Lofoten\" srcset=\"https:\/\/rib-lofoten.com\/wp-content\/uploads\/2022\/09\/9e-rib-adventure-in-lofoten_10_10959-1024x512.jpg 1024w, https:\/\/rib-lofoten.com\/wp-content\/uploads\/2022\/09\/9e-rib-adventure-in-lofoten_10_10959-300x150.jpg 300w, https:\/\/rib-lofoten.com\/wp-content\/uploads\/2022\/09\/9e-rib-adventure-in-lofoten_10_10959-768x384.jpg 768w, https:\/\/rib-lofoten.com\/wp-content\/uploads\/2022\/09\/9e-rib-adventure-in-lofoten_10_10959-1536x768.jpg 1536w, https:\/\/rib-lofoten.com\/wp-content\/uploads\/2022\/09\/9e-rib-adventure-in-lofoten_10_10959-18x9.jpg 18w, https:\/\/rib-lofoten.com\/wp-content\/uploads\/2022\/09\/9e-rib-adventure-in-lofoten_10_10959.jpg 1900w\" sizes=\"(max-width: 1024px) 100vw, 1024px\" title=\"\">\t\t\t\t\t\t\t\t\t\t\t\t\t\t\t<\/div>\n\t\t\t\t<\/div>\n\t\t\t\t\t<\/div>\n\t\t<\/div>\n\t\t\t\t<div class=\"elementor-column elementor-col-50 elementor-top-column elementor-element elementor-element-5be41cd\" data-id=\"5be41cd\" data-element_type=\"column\" data-e-type=\"column\">\n\t\t\t<div class=\"elementor-widget-wrap elementor-element-populated\">\n\t\t\t\t\t\t<div class=\"elementor-element elementor-element-bffd417 elementor-widget elementor-widget-heading\" data-id=\"bffd417\" data-element_type=\"widget\" data-e-type=\"widget\" data-widget_type=\"heading.default\">\n\t\t\t\t<div class=\"elementor-widget-container\">\n\t\t\t\t\t<h2 class=\"elementor-heading-title elementor-size-default\">UNSERE GESCHICHTE<\/h2>\t\t\t\t<\/div>\n\t\t\t\t<\/div>\n\t\t\t\t<div class=\"elementor-element elementor-element-3af5735 elementor-widget elementor-widget-text-editor\" data-id=\"3af5735\" data-element_type=\"widget\" data-e-type=\"widget\" data-widget_type=\"text-editor.default\">\n\t\t\t\t<div class=\"elementor-widget-container\">\n\t\t\t\t\t\t\t\t\t<p>RIB Lofoten wurde 2008 von Roar und Hans Egil gegr\u00fcndet, um RIB-Fahrten und Charterfahrten auf den gesamten Lofoten und Nordland anzubieten.<\/p><p>Der Tourismus auf den Lofoten ist in den letzten Jahren stetig gewachsen und z\u00e4hlt mittlerweile mehr als 1 Million Besucher pro Jahr.<\/p><p>Wir waren einer der ersten Anbieter hier in Svolv\u00e6r, der begonnen hat, Menschen mit seinen Booten zu bef\u00f6rdern, und wir geh\u00f6ren zu den f\u00fchrenden RIB-Unternehmen in der Region.<\/p>\t\t\t\t\t\t\t\t<\/div>\n\t\t\t\t<\/div>\n\t\t\t\t\t<\/div>\n\t\t<\/div>\n\t\t\t\t\t<\/div>\n\t\t<\/section>\n\t\t\t\t<section class=\"elementor-section elementor-top-section elementor-element elementor-element-b0ec0c7 elementor-section-boxed elementor-section-height-default elementor-section-height-default\" data-id=\"b0ec0c7\" data-element_type=\"section\" data-e-type=\"section\">\n\t\t\t\t\t\t<div class=\"elementor-container elementor-column-gap-default\">\n\t\t\t\t\t<div class=\"elementor-column elementor-col-50 elementor-top-column elementor-element elementor-element-6cae5ad\" data-id=\"6cae5ad\" data-element_type=\"column\" data-e-type=\"column\">\n\t\t\t<div class=\"elementor-widget-wrap elementor-element-populated\">\n\t\t\t\t\t\t<div class=\"elementor-element elementor-element-fdcfae4 elementor-widget elementor-widget-heading\" data-id=\"fdcfae4\" data-element_type=\"widget\" data-e-type=\"widget\" data-widget_type=\"heading.default\">\n\t\t\t\t<div class=\"elementor-widget-container\">\n\t\t\t\t\t<h2 class=\"elementor-heading-title elementor-size-default\">UNSERE PHILOSOPHIE<\/h2>\t\t\t\t<\/div>\n\t\t\t\t<\/div>\n\t\t\t\t<div class=\"elementor-element elementor-element-18775f1 elementor-widget elementor-widget-text-editor\" data-id=\"18775f1\" data-element_type=\"widget\" data-e-type=\"widget\" data-widget_type=\"text-editor.default\">\n\t\t\t\t<div class=\"elementor-widget-container\">\n\t\t\t\t\t\t\t\t\t<p>Wir konzentrieren uns immer darauf, dass Sie zufrieden sind, deshalb ist jede Reise mit uns einzigartig und individuell.<br \/>Nat\u00fcrlich ist es nicht immer m\u00f6glich, es zu 100 % f\u00fcr jede Person an Bord anzupassen, aber wir versuchen immer, unseren Kunden zuzuh\u00f6ren, um ein Produkt liefern zu k\u00f6nnen, das am Besten ihren Bed\u00fcrfnissen und W\u00fcnschen entspricht.<\/p><p>Haben Sie also keine Angst: Wir wollen Sie weder mit zu vielen Informationen langweilen, die Sie nur \u00fcberfordern und Ihr Erlebnis ruinieren, noch die ganze Zeit mit Vollgas fahren und Ihnen die atemberaubende Landschaften entgehen lassen, die der Ort zu bieten hat.<\/p><p>Wir versuchen immer, ein Gleichgewicht zwischen Besichtigungen, Wissen und Spannung zu wahren, denn wir glauben, dass eine ausgewogene Kombination dieser drei Elemente Ihnen die beste Unterhaltung bietet.<\/p><p>Auch die Umwelt liegt uns am Herzen, deshalb haben wir auf allen unseren Booten neue emissionsarme Motoren eingebaut und zwei unserer Motoren verf\u00fcgen sogar \u00fcber einen Filter, der Mikroplastik aus dem Meer auff\u00e4ngt.<\/p><p>Unsere Benzinmotoren verbrauchen viel weniger Kraftstoff pro Person und verschmutzen die Umwelt deutlich weniger als die Dieselmotoren gro\u00dfer Schiffe.\u00a0<\/p>\t\t\t\t\t\t\t\t<\/div>\n\t\t\t\t<\/div>\n\t\t\t\t\t<\/div>\n\t\t<\/div>\n\t\t\t\t<div class=\"elementor-column elementor-col-50 elementor-top-column elementor-element elementor-element-5410bf6\" data-id=\"5410bf6\" data-element_type=\"column\" data-e-type=\"column\">\n\t\t\t<div class=\"elementor-widget-wrap elementor-element-populated\">\n\t\t\t\t\t\t<div class=\"elementor-element elementor-element-48a4973 elementor-hidden-mobile elementor-hidden-tablet elementor-widget elementor-widget-image\" data-id=\"48a4973\" data-element_type=\"widget\" data-e-type=\"widget\" data-widget_type=\"image.default\">\n\t\t\t\t<div class=\"elementor-widget-container\">\n\t\t\t\t\t\t\t\t\t\t\t\t\t\t\t<img decoding=\"async\" width=\"885\" height=\"584\" src=\"https:\/\/rib-lofoten.com\/wp-content\/uploads\/2022\/08\/Untitled4.png\" class=\"attachment-large size-large wp-image-1503\" alt=\"\" srcset=\"https:\/\/rib-lofoten.com\/wp-content\/uploads\/2022\/08\/Untitled4.png 885w, https:\/\/rib-lofoten.com\/wp-content\/uploads\/2022\/08\/Untitled4-300x198.png 300w, https:\/\/rib-lofoten.com\/wp-content\/uploads\/2022\/08\/Untitled4-768x507.png 768w\" sizes=\"(max-width: 885px) 100vw, 885px\" title=\"\">\t\t\t\t\t\t\t\t\t\t\t\t\t\t\t<\/div>\n\t\t\t\t<\/div>\n\t\t\t\t<div class=\"elementor-element elementor-element-1f4923e elementor-widget elementor-widget-image\" data-id=\"1f4923e\" data-element_type=\"widget\" data-e-type=\"widget\" data-widget_type=\"image.default\">\n\t\t\t\t<div class=\"elementor-widget-container\">\n\t\t\t\t\t\t\t\t\t\t\t\t\t\t\t<img decoding=\"async\" width=\"1024\" height=\"683\" src=\"https:\/\/rib-lofoten.com\/wp-content\/uploads\/2018\/11\/RIB-lofoten-forside-1024x683.jpg\" class=\"attachment-large size-large wp-image-115\" alt=\"Seeadler Safari Trollfjord Kreuzfahrt\" srcset=\"https:\/\/rib-lofoten.com\/wp-content\/uploads\/2018\/11\/RIB-lofoten-forside-1024x683.jpg 1024w, https:\/\/rib-lofoten.com\/wp-content\/uploads\/2018\/11\/RIB-lofoten-forside-300x200.jpg 300w, https:\/\/rib-lofoten.com\/wp-content\/uploads\/2018\/11\/RIB-lofoten-forside-768x512.jpg 768w, https:\/\/rib-lofoten.com\/wp-content\/uploads\/2018\/11\/RIB-lofoten-forside.jpg 1920w\" sizes=\"(max-width: 1024px) 100vw, 1024px\" title=\"\">\t\t\t\t\t\t\t\t\t\t\t\t\t\t\t<\/div>\n\t\t\t\t<\/div>\n\t\t\t\t\t<\/div>\n\t\t<\/div>\n\t\t\t\t\t<\/div>\n\t\t<\/section>\n\t\t\t\t<section class=\"elementor-section elementor-top-section elementor-element elementor-element-2860397 elementor-reverse-mobile elementor-reverse-tablet elementor-section-boxed elementor-section-height-default elementor-section-height-default\" data-id=\"2860397\" data-element_type=\"section\" data-e-type=\"section\">\n\t\t\t\t\t\t<div class=\"elementor-container elementor-column-gap-default\">\n\t\t\t\t\t<div class=\"elementor-column elementor-col-50 elementor-top-column elementor-element elementor-element-7b1a48c\" data-id=\"7b1a48c\" data-element_type=\"column\" data-e-type=\"column\">\n\t\t\t<div class=\"elementor-widget-wrap elementor-element-populated\">\n\t\t\t\t\t\t<div class=\"elementor-element elementor-element-a1953de elementor-widget elementor-widget-image\" data-id=\"a1953de\" data-element_type=\"widget\" data-e-type=\"widget\" data-widget_type=\"image.default\">\n\t\t\t\t<div class=\"elementor-widget-container\">\n\t\t\t\t\t\t\t\t\t\t\t\t\t\t\t<img decoding=\"async\" width=\"885\" height=\"584\" src=\"https:\/\/rib-lofoten.com\/wp-content\/uploads\/2022\/08\/Untitled4.png\" class=\"attachment-large size-large wp-image-1503\" alt=\"\" srcset=\"https:\/\/rib-lofoten.com\/wp-content\/uploads\/2022\/08\/Untitled4.png 885w, https:\/\/rib-lofoten.com\/wp-content\/uploads\/2022\/08\/Untitled4-300x198.png 300w, https:\/\/rib-lofoten.com\/wp-content\/uploads\/2022\/08\/Untitled4-768x507.png 768w\" sizes=\"(max-width: 885px) 100vw, 885px\" title=\"\">\t\t\t\t\t\t\t\t\t\t\t\t\t\t\t<\/div>\n\t\t\t\t<\/div>\n\t\t\t\t<div class=\"elementor-element elementor-element-3be0e7f elementor-hidden-mobile elementor-hidden-tablet elementor-widget elementor-widget-image\" data-id=\"3be0e7f\" data-element_type=\"widget\" data-e-type=\"widget\" data-widget_type=\"image.default\">\n\t\t\t\t<div class=\"elementor-widget-container\">\n\t\t\t\t\t\t\t\t\t\t\t\t\t\t\t<img loading=\"lazy\" decoding=\"async\" width=\"1024\" height=\"590\" src=\"https:\/\/rib-lofoten.com\/wp-content\/uploads\/2022\/08\/DSC_7048-1024x590.jpg\" class=\"attachment-large size-large wp-image-1507\" alt=\"\" srcset=\"https:\/\/rib-lofoten.com\/wp-content\/uploads\/2022\/08\/DSC_7048-1024x590.jpg 1024w, https:\/\/rib-lofoten.com\/wp-content\/uploads\/2022\/08\/DSC_7048-300x173.jpg 300w, https:\/\/rib-lofoten.com\/wp-content\/uploads\/2022\/08\/DSC_7048-768x442.jpg 768w, https:\/\/rib-lofoten.com\/wp-content\/uploads\/2022\/08\/DSC_7048-1536x885.jpg 1536w, https:\/\/rib-lofoten.com\/wp-content\/uploads\/2022\/08\/DSC_7048-2048x1180.jpg 2048w\" sizes=\"(max-width: 1024px) 100vw, 1024px\" title=\"\">\t\t\t\t\t\t\t\t\t\t\t\t\t\t\t<\/div>\n\t\t\t\t<\/div>\n\t\t\t\t\t<\/div>\n\t\t<\/div>\n\t\t\t\t<div class=\"elementor-column elementor-col-50 elementor-top-column elementor-element elementor-element-08e07fa\" data-id=\"08e07fa\" data-element_type=\"column\" data-e-type=\"column\">\n\t\t\t<div class=\"elementor-widget-wrap elementor-element-populated\">\n\t\t\t\t\t\t<div class=\"elementor-element elementor-element-a1179b0 elementor-widget elementor-widget-heading\" data-id=\"a1179b0\" data-element_type=\"widget\" data-e-type=\"widget\" data-widget_type=\"heading.default\">\n\t\t\t\t<div class=\"elementor-widget-container\">\n\t\t\t\t\t<h2 class=\"elementor-heading-title elementor-size-default\">UNSER PRODUKT<\/h2>\t\t\t\t<\/div>\n\t\t\t\t<\/div>\n\t\t\t\t<div class=\"elementor-element elementor-element-bc2c302 elementor-widget elementor-widget-text-editor\" data-id=\"bc2c302\" data-element_type=\"widget\" data-e-type=\"widget\" data-widget_type=\"text-editor.default\">\n\t\t\t\t<div class=\"elementor-widget-container\">\n\t\t\t\t\t\t\t\t\t<p>Wir glauben, dass wir derzeit das beste Produkt auf dem Markt anbieten, und wir waren sehr stolz, als die Hurtigruten-Gruppe uns als offiziellen Lieferanten sowohl auf den Lofoten als auch auf den Vester\u00e5len ausgew\u00e4hlt hat.<br \/>Das bedeutet, dass jedes Mal, wenn ein Schiff im Hafen liegt, alle unsere Boote zur Verf\u00fcgung stehen.<\/p><p>Wir f\u00fchlen uns hier auf den Lofoten sehr gl\u00fccklich, denn die erstaunliche Natur und Tierwelt schafft unser Produkt fast von selbst, aber wir erg\u00e4nzen es mit lehrreichen und unterhaltsamen Informationen, die Sie w\u00e4hrend der gesamten Reise unterhalten werden.<\/p><p>Dank der geringen Gr\u00f6\u00dfe unserer Boote, k\u00f6nnen Sie die gro\u00dfartige Tierwelt der Region aus n\u00e4chster N\u00e4he genie\u00dfen.<br \/>Seeadler k\u00f6nnen wir praktisch garantieren, aber auch Otter, Robben, Papageientaucher, Schweinswale, Killerwale und Wale sind eine M\u00f6glichkeit. Wir k\u00f6nnen dies jedoch nicht versprechen, da es auch von der Jahreszeit abh\u00e4ngt.<\/p><p>Und dank der Geschwindigkeit unserer Boote k\u00f6nnen wir in derselben Zeit ein viel gr\u00f6\u00dferes Gebiet abdecken als mit einem normalen gro\u00dfen Schiff, sodass Sie zum gleichen Preis auch viel mehr erleben k\u00f6nnen.<\/p>\t\t\t\t\t\t\t\t<\/div>\n\t\t\t\t<\/div>\n\t\t\t\t\t<\/div>\n\t\t<\/div>\n\t\t\t\t\t<\/div>\n\t\t<\/section>\n\t\t\t\t<section class=\"elementor-section elementor-top-section elementor-element elementor-element-3ab0f7e elementor-section-boxed elementor-section-height-default elementor-section-height-default\" data-id=\"3ab0f7e\" data-element_type=\"section\" data-e-type=\"section\">\n\t\t\t\t\t\t<div class=\"elementor-container elementor-column-gap-default\">\n\t\t\t\t\t<div class=\"elementor-column elementor-col-50 elementor-top-column elementor-element elementor-element-61c713e\" data-id=\"61c713e\" data-element_type=\"column\" data-e-type=\"column\">\n\t\t\t<div class=\"elementor-widget-wrap elementor-element-populated\">\n\t\t\t\t\t\t<div class=\"elementor-element elementor-element-e7d6f77 elementor-widget elementor-widget-heading\" data-id=\"e7d6f77\" data-element_type=\"widget\" data-e-type=\"widget\" data-widget_type=\"heading.default\">\n\t\t\t\t<div class=\"elementor-widget-container\">\n\t\t\t\t\t<h2 class=\"elementor-heading-title elementor-size-default\">UNSERE BOOTE<\/h2>\t\t\t\t<\/div>\n\t\t\t\t<\/div>\n\t\t\t\t<div class=\"elementor-element elementor-element-79816ff elementor-widget elementor-widget-text-editor\" data-id=\"79816ff\" data-element_type=\"widget\" data-e-type=\"widget\" data-widget_type=\"text-editor.default\">\n\t\t\t\t<div class=\"elementor-widget-container\">\n\t\t\t\t\t\t\t\t\t<p>Unsere Flotte besteht aus 4 modernen Schlauchboote (RIB) und wir bewegen jedes Jahr zwischen 2.500 und 3.500 Personen, sowohl im Sommer als auch im Winter, im Gegensatz zu den meisten anderen Anbietern, die nur im Sommer arbeiten.<\/p><p>Alle unsere RIB sind mit 2 starken 300-PS-Suzuki-Motoren (insgesamt 600 PS) ausgestattet, die unsere Boote sowohl schnell als auch zuverl\u00e4ssig machen, aber nat\u00fcrlich passen wir die Geschwindigkeit an die Wetterbedingungen und die Wellenh\u00f6he an. Unser Ziel ist es, allen eine komfortable Fahrt bei jedem Wetter anzubieten.<\/p><p>Jedes Boot kann insgesamt 12 Passagiere und 1 Fahrer an Bord nehmen.<\/p>\t\t\t\t\t\t\t\t<\/div>\n\t\t\t\t<\/div>\n\t\t\t\t\t<\/div>\n\t\t<\/div>\n\t\t\t\t<div class=\"elementor-column elementor-col-50 elementor-top-column elementor-element elementor-element-82e9203\" data-id=\"82e9203\" data-element_type=\"column\" data-e-type=\"column\">\n\t\t\t<div class=\"elementor-widget-wrap elementor-element-populated\">\n\t\t\t\t\t\t<div class=\"elementor-element elementor-element-641c3d3 elementor-widget elementor-widget-image\" data-id=\"641c3d3\" data-element_type=\"widget\" data-e-type=\"widget\" data-widget_type=\"image.default\">\n\t\t\t\t<div class=\"elementor-widget-container\">\n\t\t\t\t\t\t\t\t\t\t\t\t\t\t\t<img loading=\"lazy\" decoding=\"async\" width=\"1024\" height=\"577\" src=\"https:\/\/rib-lofoten.com\/wp-content\/uploads\/2022\/08\/70824409_128760158491423_2916691477302083584_n-1024x577.jpg\" class=\"attachment-large size-large wp-image-1477\" alt=\"\" srcset=\"https:\/\/rib-lofoten.com\/wp-content\/uploads\/2022\/08\/70824409_128760158491423_2916691477302083584_n-1024x577.jpg 1024w, https:\/\/rib-lofoten.com\/wp-content\/uploads\/2022\/08\/70824409_128760158491423_2916691477302083584_n-300x169.jpg 300w, https:\/\/rib-lofoten.com\/wp-content\/uploads\/2022\/08\/70824409_128760158491423_2916691477302083584_n-768x432.jpg 768w, https:\/\/rib-lofoten.com\/wp-content\/uploads\/2022\/08\/70824409_128760158491423_2916691477302083584_n-1536x865.jpg 1536w, https:\/\/rib-lofoten.com\/wp-content\/uploads\/2022\/08\/70824409_128760158491423_2916691477302083584_n.jpg 2048w\" sizes=\"(max-width: 1024px) 100vw, 1024px\" title=\"\">\t\t\t\t\t\t\t\t\t\t\t\t\t\t\t<\/div>\n\t\t\t\t<\/div>\n\t\t\t\t\t<\/div>\n\t\t<\/div>\n\t\t\t\t\t<\/div>\n\t\t<\/section>\n\t\t\t\t<\/div>","protected":false},"excerpt":{"rendered":"<p>hvem vi erLitt kort og morsom informasjon for \u00e5 bli litt bedre kjent med oss V\u00c5R HISTORIE RIB Lofoten ble grunnlagt i 2008 av Roar og Hans Egil for \u00e5 tilby RIB-turer og charterturer over hele Lofoten og Nordland. Reiselivet i Lofoten har vokst jevnt og trutt de siste \u00e5rene og st\u00e5r n\u00e5 for mer [&hellip;]<\/p>\n","protected":false},"author":6,"featured_media":0,"parent":0,"menu_order":0,"comment_status":"closed","ping_status":"closed","template":"","meta":{"inline_featured_image":false,"site-sidebar-layout":"no-sidebar","site-content-layout":"page-builder","ast-site-content-layout":"default","site-content-style":"default","site-sidebar-style":"default","ast-global-header-display":"","ast-banner-title-visibility":"","ast-main-header-display":"","ast-hfb-above-header-display":"","ast-hfb-below-header-display":"","ast-hfb-mobile-header-display":"","site-post-title":"disabled","ast-breadcrumbs-content":"","ast-featured-img":"disabled","footer-sml-layout":"","ast-disable-related-posts":"","theme-transparent-header-meta":"default","adv-header-id-meta":"","stick-header-meta":"","header-above-stick-meta":"","header-main-stick-meta":"","header-below-stick-meta":"","astra-migrate-meta-layouts":"default","ast-page-background-enabled":"default","ast-page-background-meta":{"desktop":{"background-color":"","background-image":"","background-repeat":"repeat","background-position":"center center","background-size":"auto","background-attachment":"scroll","background-type":"","background-media":"","overlay-type":"","overlay-color":"","overlay-opacity":"","overlay-gradient":""},"tablet":{"background-color":"","background-image":"","background-repeat":"repeat","background-position":"center center","background-size":"auto","background-attachment":"scroll","background-type":"","background-media":"","overlay-type":"","overlay-color":"","overlay-opacity":"","overlay-gradient":""},"mobile":{"background-color":"","background-image":"","background-repeat":"repeat","background-position":"center center","background-size":"auto","background-attachment":"scroll","background-type":"","background-media":"","overlay-type":"","overlay-color":"","overlay-opacity":"","overlay-gradient":""}},"ast-content-background-meta":{"desktop":{"background-color":"var(--ast-global-color-5)","background-image":"","background-repeat":"repeat","background-position":"center center","background-size":"auto","background-attachment":"scroll","background-type":"","background-media":"","overlay-type":"","overlay-color":"","overlay-opacity":"","overlay-gradient":""},"tablet":{"background-color":"var(--ast-global-color-5)","background-image":"","background-repeat":"repeat","background-position":"center center","background-size":"auto","background-attachment":"scroll","background-type":"","background-media":"","overlay-type":"","overlay-color":"","overlay-opacity":"","overlay-gradient":""},"mobile":{"background-color":"var(--ast-global-color-5)","background-image":"","background-repeat":"repeat","background-position":"center center","background-size":"auto","background-attachment":"scroll","background-type":"","background-media":"","overlay-type":"","overlay-color":"","overlay-opacity":"","overlay-gradient":""}},"footnotes":""},"class_list":["post-1520","page","type-page","status-publish","hentry"],"_links":{"self":[{"href":"https:\/\/rib-lofoten.com\/de\/wp-json\/wp\/v2\/pages\/1520","targetHints":{"allow":["GET"]}}],"collection":[{"href":"https:\/\/rib-lofoten.com\/de\/wp-json\/wp\/v2\/pages"}],"about":[{"href":"https:\/\/rib-lofoten.com\/de\/wp-json\/wp\/v2\/types\/page"}],"author":[{"embeddable":true,"href":"https:\/\/rib-lofoten.com\/de\/wp-json\/wp\/v2\/users\/6"}],"replies":[{"embeddable":true,"href":"https:\/\/rib-lofoten.com\/de\/wp-json\/wp\/v2\/comments?post=1520"}],"version-history":[{"count":10,"href":"https:\/\/rib-lofoten.com\/de\/wp-json\/wp\/v2\/pages\/1520\/revisions"}],"predecessor-version":[{"id":5061,"href":"https:\/\/rib-lofoten.com\/de\/wp-json\/wp\/v2\/pages\/1520\/revisions\/5061"}],"wp:attachment":[{"href":"https:\/\/rib-lofoten.com\/de\/wp-json\/wp\/v2\/media?parent=1520"}],"curies":[{"name":"wp","href":"https:\/\/api.w.org\/{rel}","templated":true}]}}