{"id":271,"date":"2019-01-09T10:19:25","date_gmt":"2019-01-09T09:19:25","guid":{"rendered":"http:\/\/185.7.63.197\/~riblofoten\/?page_id=271"},"modified":"2025-03-28T05:15:38","modified_gmt":"2025-03-28T04:15:38","slug":"masgeschneiderte-rib-tour","status":"publish","type":"page","link":"https:\/\/rib-lofoten.com\/de\/skreddersydd-rib-tur\/","title":{"rendered":"Ma\u00dfgeschneiderte RIB-Tour"},"content":{"rendered":"\t\t<div data-elementor-type=\"wp-post\" data-elementor-id=\"271\" class=\"elementor elementor-271\" data-elementor-post-type=\"page\">\n\t\t\t\t\t\t<section class=\"elementor-section elementor-top-section elementor-element elementor-element-dcef88b elementor-section-stretched elementor-section-full_width elementor-section-height-default elementor-section-height-default\" data-id=\"dcef88b\" data-element_type=\"section\" data-e-type=\"section\" data-settings=\"{&quot;stretch_section&quot;:&quot;section-stretched&quot;}\">\n\t\t\t\t\t\t<div class=\"elementor-container elementor-column-gap-no\">\n\t\t\t\t\t<div class=\"elementor-column elementor-col-100 elementor-top-column elementor-element elementor-element-5ea9d80\" data-id=\"5ea9d80\" data-element_type=\"column\" data-e-type=\"column\">\n\t\t\t<div class=\"elementor-widget-wrap elementor-element-populated\">\n\t\t\t\t\t\t<div class=\"elementor-element elementor-element-6bba03d elementor--h-position-center elementor--v-position-middle elementor-arrows-position-inside elementor-widget elementor-widget-slides\" data-id=\"6bba03d\" data-element_type=\"widget\" data-e-type=\"widget\" data-settings=\"{&quot;autoplay_speed&quot;:40000,&quot;transition_speed&quot;:1500,&quot;navigation&quot;:&quot;arrows&quot;,&quot;autoplay&quot;:&quot;yes&quot;,&quot;pause_on_hover&quot;:&quot;yes&quot;,&quot;pause_on_interaction&quot;:&quot;yes&quot;,&quot;infinite&quot;:&quot;yes&quot;,&quot;transition&quot;:&quot;slide&quot;}\" data-widget_type=\"slides.default\">\n\t\t\t\t<div class=\"elementor-widget-container\">\n\t\t\t\t\t\t\t\t\t<div class=\"elementor-swiper\">\n\t\t\t\t\t<div class=\"elementor-slides-wrapper elementor-main-swiper swiper\" role=\"region\" aria-roledescription=\"carousel\" aria-label=\"Slides\" dir=\"ltr\" data-animation=\"fadeInDown\">\n\t\t\t\t<div class=\"swiper-wrapper elementor-slides\">\n\t\t\t\t\t\t\t\t\t\t<div class=\"elementor-repeater-item-43b27f7 swiper-slide\" role=\"group\" aria-roledescription=\"slide\"><div class=\"swiper-slide-bg\" role=\"img\" aria-label=\"RIB-Lofoten-DSC_8916-1920px\"><\/div><div class=\"elementor-background-overlay\"><\/div><div class=\"swiper-slide-inner\" ><div class=\"swiper-slide-contents\"><div class=\"elementor-slide-heading\">Skreddersydde RIB-turer<\/div><div class=\"elementor-slide-description\">Vi tilbyr et stort utvalg av transfers og charterturer etter dine behov<\/div><a href=\"#contact%20us\" class=\"elementor-button elementor-slide-button elementor-size-md\">Send en foresp\u00f8rsel<\/a><\/div><\/div><\/div>\t\t\t\t<\/div>\n\t\t\t\t\t\t\t<\/div>\n\t\t\t\t<\/div>\n\t\t\t\t\t\t\t\t<\/div>\n\t\t\t\t<\/div>\n\t\t\t\t\t<\/div>\n\t\t<\/div>\n\t\t\t\t\t<\/div>\n\t\t<\/section>\n\t\t\t\t<section class=\"elementor-section elementor-top-section elementor-element elementor-element-d23a552 elementor-section-boxed elementor-section-height-default elementor-section-height-default\" data-id=\"d23a552\" data-element_type=\"section\" data-e-type=\"section\">\n\t\t\t\t\t\t<div class=\"elementor-container elementor-column-gap-default\">\n\t\t\t\t\t<div class=\"elementor-column elementor-col-50 elementor-top-column elementor-element elementor-element-6c6dcc2\" data-id=\"6c6dcc2\" data-element_type=\"column\" data-e-type=\"column\">\n\t\t\t<div class=\"elementor-widget-wrap elementor-element-populated\">\n\t\t\t\t\t\t<div class=\"elementor-element elementor-element-9cedff3 elementor-widget elementor-widget-heading\" data-id=\"9cedff3\" data-element_type=\"widget\" data-e-type=\"widget\" data-widget_type=\"heading.default\">\n\t\t\t\t<div class=\"elementor-widget-container\">\n\t\t\t\t\t<h1 class=\"elementor-heading-title elementor-size-default\">CHARTER<\/h1>\t\t\t\t<\/div>\n\t\t\t\t<\/div>\n\t\t\t\t<div class=\"elementor-element elementor-element-753c89d elementor-widget elementor-widget-text-editor\" data-id=\"753c89d\" data-element_type=\"widget\" data-e-type=\"widget\" data-widget_type=\"text-editor.default\">\n\t\t\t\t<div class=\"elementor-widget-container\">\n\t\t\t\t\t\t\t\t\t<p>Opplev Lofoten p\u00e5 en helt unik m\u00e5te med en safari i Lofoten! V\u00e5re skreddersydde RIB-turer tar deg med p\u00e5 en uforglemmelig reise gjennom det vakre landskapet i Lofoten. Med v\u00e5re erfarne guider og komfortable b\u00e5ter kan du oppleve det beste av Lofoten fra sj\u00f8siden.\u00a0<\/p><p>V\u00e5re safari i Lofoten er perfekte for alle som \u00f8nsker \u00e5 utforske de spektakul\u00e6re fjordene, se de majestetiske hav\u00f8rnene og nyte den friske sj\u00f8luften. Du vil bli tatt med p\u00e5 en reise gjennom det krystallklare vannet, hvor du kan se det rike dyrelivet og de imponerende fjellene som stiger opp fra havet.\u00a0<\/p><p>Planlegger du et spesielt arrangement bare for familien eller kanskje et firmaarrangement?<br \/>Da er det ingenting som er bedre enn en RIB-tur for \u00e5 f\u00e5 b\u00e5de litt frisk luft og mye positiv energi!<\/p><p>RIB Lofoten arrangerer alle slags charterturer du kan tenke deg. Enten du planlegger et bryllup, et utdrikningslag, et teambuilding-arrangement eller om du \u00f8nsker \u00e5 kombinere v\u00e5r RIB-tur med lunsj, middag, kaffepause osv. et sted i omr\u00e5det kan vi definitivt fikse det ogs\u00e5.<br \/>Takket v\u00e6re mange \u00e5rs samarbeid med de fleste lokale akt\u00f8rer har vi mange forslag klare for deg, ogs\u00e5 hvis du ikke helt vet hva du kunne tenke deg \u00e5 gj\u00f8re.<\/p><p>Vi lover deg en minneverdig opplevelse!<\/p>\t\t\t\t\t\t\t\t<\/div>\n\t\t\t\t<\/div>\n\t\t\t\t\t<\/div>\n\t\t<\/div>\n\t\t\t\t<div class=\"elementor-column elementor-col-50 elementor-top-column elementor-element elementor-element-c71dc17\" data-id=\"c71dc17\" data-element_type=\"column\" data-e-type=\"column\">\n\t\t\t<div class=\"elementor-widget-wrap elementor-element-populated\">\n\t\t\t\t\t\t<div class=\"elementor-element elementor-element-9ba0709 elementor-widget elementor-widget-image\" data-id=\"9ba0709\" data-element_type=\"widget\" data-e-type=\"widget\" data-widget_type=\"image.default\">\n\t\t\t\t<div class=\"elementor-widget-container\">\n\t\t\t\t\t\t\t\t\t\t\t\t\t\t\t<img fetchpriority=\"high\" decoding=\"async\" width=\"1024\" height=\"512\" src=\"https:\/\/rib-lofoten.com\/wp-content\/uploads\/2018\/11\/9i-vesteralen-and-lofoten-by-rib_11_10961-1024x512.jpg\" class=\"attachment-large size-large wp-image-122\" alt=\"\" srcset=\"https:\/\/rib-lofoten.com\/wp-content\/uploads\/2018\/11\/9i-vesteralen-and-lofoten-by-rib_11_10961-1024x512.jpg 1024w, https:\/\/rib-lofoten.com\/wp-content\/uploads\/2018\/11\/9i-vesteralen-and-lofoten-by-rib_11_10961-300x150.jpg 300w, https:\/\/rib-lofoten.com\/wp-content\/uploads\/2018\/11\/9i-vesteralen-and-lofoten-by-rib_11_10961-768x384.jpg 768w, https:\/\/rib-lofoten.com\/wp-content\/uploads\/2018\/11\/9i-vesteralen-and-lofoten-by-rib_11_10961.jpg 1900w\" sizes=\"(max-width: 1024px) 100vw, 1024px\" title=\"\">\t\t\t\t\t\t\t\t\t\t\t\t\t\t\t<\/div>\n\t\t\t\t<\/div>\n\t\t\t\t\t<\/div>\n\t\t<\/div>\n\t\t\t\t\t<\/div>\n\t\t<\/section>\n\t\t\t\t<section class=\"elementor-section elementor-top-section elementor-element elementor-element-d82111b elementor-reverse-tablet elementor-reverse-mobile elementor-section-boxed elementor-section-height-default elementor-section-height-default\" data-id=\"d82111b\" data-element_type=\"section\" data-e-type=\"section\">\n\t\t\t\t\t\t<div class=\"elementor-container elementor-column-gap-default\">\n\t\t\t\t\t<div class=\"elementor-column elementor-col-50 elementor-top-column elementor-element elementor-element-f8ddb15\" data-id=\"f8ddb15\" data-element_type=\"column\" data-e-type=\"column\">\n\t\t\t<div class=\"elementor-widget-wrap elementor-element-populated\">\n\t\t\t\t\t\t<div class=\"elementor-element elementor-element-cc7c6dc elementor-widget elementor-widget-image\" data-id=\"cc7c6dc\" data-element_type=\"widget\" data-e-type=\"widget\" data-widget_type=\"image.default\">\n\t\t\t\t<div class=\"elementor-widget-container\">\n\t\t\t\t\t\t\t\t\t\t\t\t\t\t\t<img decoding=\"async\" width=\"1024\" height=\"686\" src=\"https:\/\/rib-lofoten.com\/wp-content\/uploads\/2022\/09\/msnot9v9zjdtvlmllifq-1024x686.jpg\" class=\"attachment-large size-large wp-image-2672\" alt=\"trollfjordhytta tur\" srcset=\"https:\/\/rib-lofoten.com\/wp-content\/uploads\/2022\/09\/msnot9v9zjdtvlmllifq-1024x686.jpg 1024w, https:\/\/rib-lofoten.com\/wp-content\/uploads\/2022\/09\/msnot9v9zjdtvlmllifq-300x201.jpg 300w, https:\/\/rib-lofoten.com\/wp-content\/uploads\/2022\/09\/msnot9v9zjdtvlmllifq-768x514.jpg 768w, https:\/\/rib-lofoten.com\/wp-content\/uploads\/2022\/09\/msnot9v9zjdtvlmllifq-18x12.jpg 18w, https:\/\/rib-lofoten.com\/wp-content\/uploads\/2022\/09\/msnot9v9zjdtvlmllifq.jpg 1280w\" sizes=\"(max-width: 1024px) 100vw, 1024px\" title=\"\">\t\t\t\t\t\t\t\t\t\t\t\t\t\t\t<\/div>\n\t\t\t\t<\/div>\n\t\t\t\t\t<\/div>\n\t\t<\/div>\n\t\t\t\t<div class=\"elementor-column elementor-col-50 elementor-top-column elementor-element elementor-element-0ebcf21\" data-id=\"0ebcf21\" data-element_type=\"column\" data-e-type=\"column\">\n\t\t\t<div class=\"elementor-widget-wrap elementor-element-populated\">\n\t\t\t\t\t\t<div class=\"elementor-element elementor-element-6da47b7 elementor-widget elementor-widget-heading\" data-id=\"6da47b7\" data-element_type=\"widget\" data-e-type=\"widget\" data-widget_type=\"heading.default\">\n\t\t\t\t<div class=\"elementor-widget-container\">\n\t\t\t\t\t<h1 class=\"elementor-heading-title elementor-size-default\">TRANSFER<\/h1>\t\t\t\t<\/div>\n\t\t\t\t<\/div>\n\t\t\t\t<div class=\"elementor-element elementor-element-8065a5c elementor-widget elementor-widget-text-editor\" data-id=\"8065a5c\" data-element_type=\"widget\" data-e-type=\"widget\" data-widget_type=\"text-editor.default\">\n\t\t\t\t<div class=\"elementor-widget-container\">\n\t\t\t\t\t\t\t\t\t<p>Vi arrangerer ogs\u00e5 enhver form for transfer for enkeltpersoner eller for grupper.<br \/>Trenger du \u00e5 komme deg et sted innenfor Lofoten, Vester\u00e5len eller til og med til kysten av Bod\u00f8, s\u00e5 kan vi garantert ta deg dit.<\/p><p>Bare skriv ned hva som er reisem\u00e5let ditt og alle relevante detaljer, s\u00e5 kommer vi tilbake til deg med et forslag.<\/p><p>Trollfjordhytta er v\u00e5r mest etterspurte transfer b\u00e5de om sommeren og om vinteren. Klikk <a href=\"https:\/\/rib-lofoten.com\/trollfjordhytta\"><strong>her<\/strong> <\/a>for \u00e5 lese mer.<\/p>\t\t\t\t\t\t\t\t<\/div>\n\t\t\t\t<\/div>\n\t\t\t\t\t<\/div>\n\t\t<\/div>\n\t\t\t\t\t<\/div>\n\t\t<\/section>\n\t\t\t\t<section class=\"elementor-section elementor-top-section elementor-element elementor-element-bccc910 elementor-section-boxed elementor-section-height-default elementor-section-height-default\" data-id=\"bccc910\" data-element_type=\"section\" data-e-type=\"section\">\n\t\t\t\t\t\t<div class=\"elementor-container elementor-column-gap-default\">\n\t\t\t\t\t<div class=\"elementor-column elementor-col-50 elementor-top-column elementor-element elementor-element-645d10a\" data-id=\"645d10a\" data-element_type=\"column\" data-e-type=\"column\">\n\t\t\t<div class=\"elementor-widget-wrap elementor-element-populated\">\n\t\t\t\t\t\t<div class=\"elementor-element elementor-element-5582631 elementor-widget elementor-widget-heading\" data-id=\"5582631\" data-element_type=\"widget\" data-e-type=\"widget\" data-widget_type=\"heading.default\">\n\t\t\t\t<div class=\"elementor-widget-container\">\n\t\t\t\t\t<h1 class=\"elementor-heading-title elementor-size-default\">PRIVATE TURER<\/h1>\t\t\t\t<\/div>\n\t\t\t\t<\/div>\n\t\t\t\t<div class=\"elementor-element elementor-element-3341940 elementor-widget elementor-widget-text-editor\" data-id=\"3341940\" data-element_type=\"widget\" data-e-type=\"widget\" data-widget_type=\"text-editor.default\">\n\t\t\t\t<div class=\"elementor-widget-container\">\n\t\t\t\t\t\t\t\t\t<p>Kunne du tenke deg \u00e5 gj\u00f8re en av v\u00e5re faste <a href=\"https:\/\/rib-lofoten.com\/havorn-safari-trollfjord-cruise\/\"><strong>Eagle Safari Trollfjord Cruises<\/strong><\/a>, men samtidig kunne nyte b\u00e5ten bare for deg selv og\/eller familien din\/vennegjengen?<br \/>Eller vil du kombinere en hav\u00f8rnsafari med \u00e5 bes\u00f8ke noen andre steder ?<\/p><p>Ikke noe problem, bare fortell oss hvor mange dere blir, n\u00e5r og hvor dere vil dra og s\u00e5 tar vi h\u00e5nd om resten!<br \/>Vi kan tilberede en fantastisk og personlig tur som perfekt matcher alle dine behov og foresp\u00f8rsler.<\/p>\t\t\t\t\t\t\t\t<\/div>\n\t\t\t\t<\/div>\n\t\t\t\t\t<\/div>\n\t\t<\/div>\n\t\t\t\t<div class=\"elementor-column elementor-col-50 elementor-top-column elementor-element elementor-element-8e085bd\" data-id=\"8e085bd\" data-element_type=\"column\" data-e-type=\"column\">\n\t\t\t<div class=\"elementor-widget-wrap elementor-element-populated\">\n\t\t\t\t\t\t<div class=\"elementor-element elementor-element-a2702e3 elementor-widget elementor-widget-image\" data-id=\"a2702e3\" data-element_type=\"widget\" data-e-type=\"widget\" data-widget_type=\"image.default\">\n\t\t\t\t<div class=\"elementor-widget-container\">\n\t\t\t\t\t\t\t\t\t\t\t\t\t\t\t<img decoding=\"async\" width=\"1024\" height=\"615\" src=\"https:\/\/rib-lofoten.com\/wp-content\/uploads\/2022\/08\/71446659_130199291680843_5218439961048514560_n-1024x615.jpg\" class=\"attachment-large size-large wp-image-1480\" alt=\"\" srcset=\"https:\/\/rib-lofoten.com\/wp-content\/uploads\/2022\/08\/71446659_130199291680843_5218439961048514560_n-1024x615.jpg 1024w, https:\/\/rib-lofoten.com\/wp-content\/uploads\/2022\/08\/71446659_130199291680843_5218439961048514560_n-300x180.jpg 300w, https:\/\/rib-lofoten.com\/wp-content\/uploads\/2022\/08\/71446659_130199291680843_5218439961048514560_n-768x461.jpg 768w, https:\/\/rib-lofoten.com\/wp-content\/uploads\/2022\/08\/71446659_130199291680843_5218439961048514560_n-1536x922.jpg 1536w, https:\/\/rib-lofoten.com\/wp-content\/uploads\/2022\/08\/71446659_130199291680843_5218439961048514560_n.jpg 2046w\" sizes=\"(max-width: 1024px) 100vw, 1024px\" title=\"\">\t\t\t\t\t\t\t\t\t\t\t\t\t\t\t<\/div>\n\t\t\t\t<\/div>\n\t\t\t\t\t<\/div>\n\t\t<\/div>\n\t\t\t\t\t<\/div>\n\t\t<\/section>\n\t\t\t\t<section class=\"elementor-section elementor-top-section elementor-element elementor-element-e83a061 elementor-section-boxed elementor-section-height-default elementor-section-height-default\" data-id=\"e83a061\" data-element_type=\"section\" data-e-type=\"section\" id=\"contact us\">\n\t\t\t\t\t\t<div class=\"elementor-container elementor-column-gap-default\">\n\t\t\t\t\t<div class=\"elementor-column elementor-col-100 elementor-top-column elementor-element elementor-element-6430465\" data-id=\"6430465\" data-element_type=\"column\" data-e-type=\"column\">\n\t\t\t<div class=\"elementor-widget-wrap elementor-element-populated\">\n\t\t\t\t\t\t<div class=\"elementor-element elementor-element-0ed5c35 elementor-widget elementor-widget-text-editor\" data-id=\"0ed5c35\" data-element_type=\"widget\" data-e-type=\"widget\" data-widget_type=\"text-editor.default\">\n\t\t\t\t<div class=\"elementor-widget-container\">\n\t\t\t\t\t\t\t\t\t<p>Fyll ut skjemaet under for \u00e5 n\u00e5 oss eller send oss en e-post p\u00e5\u00a0<a href=\"mailto:post@rib-lofoten.com\" target=\"_blank\" rel=\"noopener\">post@rib-lofoten.com<\/a>.<\/p>\t\t\t\t\t\t\t\t<\/div>\n\t\t\t\t<\/div>\n\t\t\t\t<div class=\"elementor-element elementor-element-71af13f elementor-button-align-stretch elementor-widget elementor-widget-form\" data-id=\"71af13f\" data-element_type=\"widget\" data-e-type=\"widget\" data-settings=\"{&quot;step_next_label&quot;:&quot;Next&quot;,&quot;step_previous_label&quot;:&quot;Previous&quot;,&quot;button_width&quot;:&quot;100&quot;,&quot;step_type&quot;:&quot;number_text&quot;,&quot;step_icon_shape&quot;:&quot;circle&quot;}\" data-widget_type=\"form.default\">\n\t\t\t\t<div class=\"elementor-widget-container\">\n\t\t\t\t\t\t\t<form class=\"elementor-form\" method=\"post\" name=\"Kontakt oss\" aria-label=\"Kontakt oss\">\n\t\t\t<input type=\"hidden\" name=\"post_id\" value=\"271\"\/>\n\t\t\t<input type=\"hidden\" name=\"form_id\" value=\"71af13f\"\/>\n\t\t\t<input type=\"hidden\" name=\"referer_title\" value=\"Skreddersydd RIB-tur I Lofoten - Opplev Nord-Norge\" \/>\n\n\t\t\t\t\t\t\t<input type=\"hidden\" name=\"queried_id\" value=\"271\"\/>\n\t\t\t\n\t\t\t<div class=\"elementor-form-fields-wrapper elementor-labels-above\">\n\t\t\t\t\t\t\t\t<div class=\"elementor-field-type-text elementor-field-group elementor-column elementor-field-group-name elementor-col-40 elementor-field-required elementor-mark-required\">\n\t\t\t\t\t\t\t\t\t\t\t\t<label for=\"form-field-name\" class=\"elementor-field-label\">\n\t\t\t\t\t\t\t\tNavn:\t\t\t\t\t\t\t<\/label>\n\t\t\t\t\t\t\t\t\t\t\t\t\t\t<input size=\"1\" type=\"text\" name=\"form_fields[name]\" id=\"form-field-name\" class=\"elementor-field elementor-size-sm  elementor-field-textual\" required=\"required\">\n\t\t\t\t\t\t\t\t\t\t\t<\/div>\n\t\t\t\t\t\t\t\t<div class=\"elementor-field-type-text elementor-field-group elementor-column elementor-field-group-last_name elementor-col-40 elementor-field-required elementor-mark-required\">\n\t\t\t\t\t\t\t\t\t\t\t\t<label for=\"form-field-last_name\" class=\"elementor-field-label\">\n\t\t\t\t\t\t\t\tEtternavn:\t\t\t\t\t\t\t<\/label>\n\t\t\t\t\t\t\t\t\t\t\t\t\t\t<input size=\"1\" type=\"text\" name=\"form_fields[last_name]\" id=\"form-field-last_name\" class=\"elementor-field elementor-size-sm  elementor-field-textual\" required=\"required\">\n\t\t\t\t\t\t\t\t\t\t\t<\/div>\n\t\t\t\t\t\t\t\t<div class=\"elementor-field-type-email elementor-field-group elementor-column elementor-field-group-email elementor-col-40 elementor-field-required elementor-mark-required\">\n\t\t\t\t\t\t\t\t\t\t\t\t<label for=\"form-field-email\" class=\"elementor-field-label\">\n\t\t\t\t\t\t\t\tE-post:\t\t\t\t\t\t\t<\/label>\n\t\t\t\t\t\t\t\t\t\t\t\t\t\t<input size=\"1\" type=\"email\" name=\"form_fields[email]\" id=\"form-field-email\" class=\"elementor-field elementor-size-sm  elementor-field-textual\" required=\"required\">\n\t\t\t\t\t\t\t\t\t\t\t<\/div>\n\t\t\t\t\t\t\t\t<div class=\"elementor-field-type-tel elementor-field-group elementor-column elementor-field-group-phone elementor-col-40\">\n\t\t\t\t\t\t\t\t\t\t\t\t<label for=\"form-field-phone\" class=\"elementor-field-label\">\n\t\t\t\t\t\t\t\tTelefon:\t\t\t\t\t\t\t<\/label>\n\t\t\t\t\t\t\t\t<input size=\"1\" type=\"tel\" name=\"form_fields[phone]\" id=\"form-field-phone\" class=\"elementor-field elementor-size-sm  elementor-field-textual\" pattern=\"[0-9()#&amp;+*-=.]+\" title=\"Only numbers and phone characters (#, -, *, etc) are accepted.\">\n\n\t\t\t\t\t\t<\/div>\n\t\t\t\t\t\t\t\t<div class=\"elementor-field-type-checkbox elementor-field-group elementor-column elementor-field-group-field_621943d elementor-col-100\">\n\t\t\t\t\t\t\t\t\t\t\t\t<label for=\"form-field-field_621943d\" class=\"elementor-field-label\">\n\t\t\t\t\t\t\t\tVelg ditt alternativ:\t\t\t\t\t\t\t<\/label>\n\t\t\t\t\t\t<div class=\"elementor-field-subgroup  elementor-subgroup-inline\"><span class=\"elementor-field-option\"><input type=\"checkbox\" value=\"Privat tur\" id=\"form-field-field_621943d-0\" name=\"form_fields[field_621943d][]\"> <label for=\"form-field-field_621943d-0\">Privat tur<\/label><\/span><span class=\"elementor-field-option\"><input type=\"checkbox\" value=\"Charter\" id=\"form-field-field_621943d-1\" name=\"form_fields[field_621943d][]\"> <label for=\"form-field-field_621943d-1\">Charter<\/label><\/span><span class=\"elementor-field-option\"><input type=\"checkbox\" value=\"Transfer\" id=\"form-field-field_621943d-2\" name=\"form_fields[field_621943d][]\"> <label for=\"form-field-field_621943d-2\">Transfer<\/label><\/span><\/div>\t\t\t\t<\/div>\n\t\t\t\t\t\t\t\t<div class=\"elementor-field-type-textarea elementor-field-group elementor-column elementor-field-group-message elementor-col-100 elementor-field-required elementor-mark-required\">\n\t\t\t\t\t\t\t\t\t\t\t\t<label for=\"form-field-message\" class=\"elementor-field-label\">\n\t\t\t\t\t\t\t\tMelding:\t\t\t\t\t\t\t<\/label>\n\t\t\t\t\t\t<textarea class=\"elementor-field-textual elementor-field  elementor-size-sm\" name=\"form_fields[message]\" id=\"form-field-message\" rows=\"7\" required=\"required\"><\/textarea>\t\t\t\t<\/div>\n\t\t\t\t\t\t\t\t<div class=\"elementor-field-type-recaptcha elementor-field-group elementor-column elementor-field-group-field_0248110 elementor-col-100\">\n\t\t\t\t\t<div class=\"elementor-field\" id=\"form-field-field_0248110\"><div class=\"elementor-g-recaptcha\" data-sitekey=\"6LfKtrwhAAAAAGxov6QVkIS_QFzK3Nztn3bXHzX5\" data-type=\"v2_checkbox\" data-theme=\"light\" data-size=\"normal\"><\/div><\/div>\t\t\t\t<\/div>\n\t\t\t\t\t\t\t\t<div class=\"elementor-field-group elementor-column elementor-field-type-submit elementor-col-100 e-form__buttons\">\n\t\t\t\t\t<button class=\"elementor-button elementor-size-md\" type=\"submit\">\n\t\t\t\t\t\t<span class=\"elementor-button-content-wrapper\">\n\t\t\t\t\t\t\t\t\t\t\t\t\t\t\t\t\t\t\t\t\t\t<span class=\"elementor-button-text\">SEND<\/span>\n\t\t\t\t\t\t\t\t\t\t\t\t\t<\/span>\n\t\t\t\t\t<\/button>\n\t\t\t\t<\/div>\n\t\t\t<\/div>\n\t\t<\/form>\n\t\t\t\t\t\t<\/div>\n\t\t\t\t<\/div>\n\t\t\t\t<div class=\"elementor-element elementor-element-b56a95e elementor-widget elementor-widget-spacer\" data-id=\"b56a95e\" data-element_type=\"widget\" data-e-type=\"widget\" data-widget_type=\"spacer.default\">\n\t\t\t\t<div class=\"elementor-widget-container\">\n\t\t\t\t\t\t\t<div class=\"elementor-spacer\">\n\t\t\t<div class=\"elementor-spacer-inner\"><\/div>\n\t\t<\/div>\n\t\t\t\t\t\t<\/div>\n\t\t\t\t<\/div>\n\t\t\t\t\t<\/div>\n\t\t<\/div>\n\t\t\t\t\t<\/div>\n\t\t<\/section>\n\t\t\t\t<\/div>\n\t\t","protected":false},"excerpt":{"rendered":"<p>Skreddersydde RIB-turerVi tilbyr et stort utvalg av transfers og charterturer etter dine behovSend en foresp\u00f8rsel CHARTER Opplev Lofoten p\u00e5 en helt unik m\u00e5te med en safari i Lofoten! V\u00e5re skreddersydde RIB-turer tar deg med p\u00e5 en uforglemmelig reise gjennom det vakre landskapet i Lofoten. Med v\u00e5re erfarne guider og komfortable b\u00e5ter kan du oppleve det [&hellip;]<\/p>\n","protected":false},"author":2,"featured_media":98,"parent":0,"menu_order":0,"comment_status":"closed","ping_status":"closed","template":"","meta":{"inline_featured_image":false,"site-sidebar-layout":"no-sidebar","site-content-layout":"page-builder","ast-site-content-layout":"full-width-container","site-content-style":"unboxed","site-sidebar-style":"unboxed","ast-global-header-display":"","ast-banner-title-visibility":"","ast-main-header-display":"","ast-hfb-above-header-display":"","ast-hfb-below-header-display":"","ast-hfb-mobile-header-display":"","site-post-title":"disabled","ast-breadcrumbs-content":"","ast-featured-img":"disabled","footer-sml-layout":"","ast-disable-related-posts":"","theme-transparent-header-meta":"default","adv-header-id-meta":"","stick-header-meta":"","header-above-stick-meta":"","header-main-stick-meta":"","header-below-stick-meta":"","astra-migrate-meta-layouts":"set","ast-page-background-enabled":"default","ast-page-background-meta":{"desktop":{"background-color":"","background-image":"","background-repeat":"repeat","background-position":"center center","background-size":"auto","background-attachment":"scroll","background-type":"","background-media":"","overlay-type":"","overlay-color":"","overlay-opacity":"","overlay-gradient":""},"tablet":{"background-color":"","background-image":"","background-repeat":"repeat","background-position":"center center","background-size":"auto","background-attachment":"scroll","background-type":"","background-media":"","overlay-type":"","overlay-color":"","overlay-opacity":"","overlay-gradient":""},"mobile":{"background-color":"","background-image":"","background-repeat":"repeat","background-position":"center center","background-size":"auto","background-attachment":"scroll","background-type":"","background-media":"","overlay-type":"","overlay-color":"","overlay-opacity":"","overlay-gradient":""}},"ast-content-background-meta":{"desktop":{"background-color":"var(--ast-global-color-5)","background-image":"","background-repeat":"repeat","background-position":"center center","background-size":"auto","background-attachment":"scroll","background-type":"","background-media":"","overlay-type":"","overlay-color":"","overlay-opacity":"","overlay-gradient":""},"tablet":{"background-color":"var(--ast-global-color-5)","background-image":"","background-repeat":"repeat","background-position":"center center","background-size":"auto","background-attachment":"scroll","background-type":"","background-media":"","overlay-type":"","overlay-color":"","overlay-opacity":"","overlay-gradient":""},"mobile":{"background-color":"var(--ast-global-color-5)","background-image":"","background-repeat":"repeat","background-position":"center center","background-size":"auto","background-attachment":"scroll","background-type":"","background-media":"","overlay-type":"","overlay-color":"","overlay-opacity":"","overlay-gradient":""}},"footnotes":""},"class_list":["post-271","page","type-page","status-publish","has-post-thumbnail","hentry"],"_links":{"self":[{"href":"https:\/\/rib-lofoten.com\/de\/wp-json\/wp\/v2\/pages\/271","targetHints":{"allow":["GET"]}}],"collection":[{"href":"https:\/\/rib-lofoten.com\/de\/wp-json\/wp\/v2\/pages"}],"about":[{"href":"https:\/\/rib-lofoten.com\/de\/wp-json\/wp\/v2\/types\/page"}],"author":[{"embeddable":true,"href":"https:\/\/rib-lofoten.com\/de\/wp-json\/wp\/v2\/users\/2"}],"replies":[{"embeddable":true,"href":"https:\/\/rib-lofoten.com\/de\/wp-json\/wp\/v2\/comments?post=271"}],"version-history":[{"count":40,"href":"https:\/\/rib-lofoten.com\/de\/wp-json\/wp\/v2\/pages\/271\/revisions"}],"predecessor-version":[{"id":5200,"href":"https:\/\/rib-lofoten.com\/de\/wp-json\/wp\/v2\/pages\/271\/revisions\/5200"}],"wp:featuredmedia":[{"embeddable":true,"href":"https:\/\/rib-lofoten.com\/de\/wp-json\/wp\/v2\/media\/98"}],"wp:attachment":[{"href":"https:\/\/rib-lofoten.com\/de\/wp-json\/wp\/v2\/media?parent=271"}],"curies":[{"name":"wp","href":"https:\/\/api.w.org\/{rel}","templated":true}]}}