{"id":681,"date":"2022-07-18T15:09:07","date_gmt":"2022-07-18T14:09:07","guid":{"rendered":"https:\/\/rib-lofoten.com\/?page_id=681"},"modified":"2024-08-25T18:45:25","modified_gmt":"2024-08-25T16:45:25","slug":"boote-und-sicherheit","status":"publish","type":"page","link":"https:\/\/rib-lofoten.com\/de\/bater-og-sikkerhet\/","title":{"rendered":"Boote und Sicherheit"},"content":{"rendered":"<div data-elementor-type=\"wp-page\" data-elementor-id=\"681\" class=\"elementor elementor-681\" data-elementor-post-type=\"page\">\n\t\t\t\t\t\t<section class=\"elementor-section elementor-top-section elementor-element elementor-element-21e7fc7 elementor-section-stretched elementor-section-full_width elementor-section-height-default elementor-section-height-default\" data-id=\"21e7fc7\" data-element_type=\"section\" data-e-type=\"section\" data-settings=\"{&quot;stretch_section&quot;:&quot;section-stretched&quot;}\">\n\t\t\t\t\t\t<div class=\"elementor-container elementor-column-gap-no\">\n\t\t\t\t\t<div class=\"elementor-column elementor-col-100 elementor-top-column elementor-element elementor-element-e9d7c92\" data-id=\"e9d7c92\" data-element_type=\"column\" data-e-type=\"column\">\n\t\t\t<div class=\"elementor-widget-wrap elementor-element-populated\">\n\t\t\t\t\t\t<div class=\"elementor-element elementor-element-2af7d3c elementor--h-position-center elementor--v-position-middle elementor-widget elementor-widget-slides\" data-id=\"2af7d3c\" data-element_type=\"widget\" data-e-type=\"widget\" data-settings=\"{&quot;transition_speed&quot;:1500,&quot;navigation&quot;:&quot;none&quot;,&quot;transition&quot;:&quot;slide&quot;}\" data-widget_type=\"slides.default\">\n\t\t\t\t<div class=\"elementor-widget-container\">\n\t\t\t\t\t\t\t\t\t<div class=\"elementor-swiper\">\n\t\t\t\t\t<div class=\"elementor-slides-wrapper elementor-main-swiper swiper\" role=\"region\" aria-roledescription=\"carousel\" aria-label=\"Slides\" dir=\"ltr\" data-animation=\"fadeInDown\">\n\t\t\t\t<div class=\"swiper-wrapper elementor-slides\">\n\t\t\t\t\t\t\t\t\t\t<div class=\"elementor-repeater-item-bc92736 swiper-slide\" role=\"group\" aria-roledescription=\"slide\"><div class=\"swiper-slide-bg\" role=\"img\" aria-label=\"70824409_128760158491423_2916691477302083584_n\"><\/div><div class=\"elementor-background-overlay\"><\/div><div class=\"swiper-slide-inner\" ><div class=\"swiper-slide-contents\"><div class=\"elementor-slide-heading\">Boote und Sicherheit<\/div><div class=\"elementor-slide-description\">Lernen Sie die Boote und die Sicherheitsausr\u00fcstung kennen<\/div><\/div><\/div><\/div>\t\t\t\t<\/div>\n\t\t\t\t\t\t\t<\/div>\n\t\t\t\t<\/div>\n\t\t\t\t\t\t\t\t<\/div>\n\t\t\t\t<\/div>\n\t\t\t\t\t<\/div>\n\t\t<\/div>\n\t\t\t\t\t<\/div>\n\t\t<\/section>\n\t\t\t\t<section class=\"elementor-section elementor-top-section elementor-element elementor-element-fa17297 elementor-section-boxed elementor-section-height-default elementor-section-height-default\" data-id=\"fa17297\" data-element_type=\"section\" data-e-type=\"section\">\n\t\t\t\t\t\t<div class=\"elementor-container elementor-column-gap-default\">\n\t\t\t\t\t<div class=\"elementor-column elementor-col-50 elementor-top-column elementor-element elementor-element-cc5ce9a\" data-id=\"cc5ce9a\" data-element_type=\"column\" data-e-type=\"column\">\n\t\t\t<div class=\"elementor-widget-wrap elementor-element-populated\">\n\t\t\t\t\t\t<div class=\"elementor-element elementor-element-d37eb3c elementor-widget elementor-widget-heading\" data-id=\"d37eb3c\" data-element_type=\"widget\" data-e-type=\"widget\" data-widget_type=\"heading.default\">\n\t\t\t\t<div class=\"elementor-widget-container\">\n\t\t\t\t\t<h2 class=\"elementor-heading-title elementor-size-default\">unsere Boote<\/h2>\t\t\t\t<\/div>\n\t\t\t\t<\/div>\n\t\t\t\t<div class=\"elementor-element elementor-element-8752253 elementor-widget elementor-widget-text-editor\" data-id=\"8752253\" data-element_type=\"widget\" data-e-type=\"widget\" data-widget_type=\"text-editor.default\">\n\t\t\t\t<div class=\"elementor-widget-container\">\n\t\t\t\t\t\t\t\t\t<p>Unsere Flotte besteht aus 4 modernen Schlauchboote (RIB) und wir bewegen jedes Jahr zwischen 2.500 und 3.500 Personen, sowohl im Sommer als auch im Winter, im Gegensatz zu den meisten anderen Anbietern, die nur im Sommer arbeiten.<\/p><p>Alle unsere RIB sind mit 2 starken 300-PS-Suzuki-Motoren (insgesamt 600 PS) ausgestattet, die unsere Boote sowohl schnell als auch zuverl\u00e4ssig machen, aber nat\u00fcrlich passen wir die Geschwindigkeit an die Wetterbedingungen und die Wellenh\u00f6he an. Unser Ziel ist es, allen eine komfortable Fahrt bei jedem Wetter anzubieten.<\/p><p>Jedes Boot kann insgesamt 12 Passagiere und 1 Fahrer an Bord nehmen.<\/p>\t\t\t\t\t\t\t\t<\/div>\n\t\t\t\t<\/div>\n\t\t\t\t\t<\/div>\n\t\t<\/div>\n\t\t\t\t<div class=\"elementor-column elementor-col-50 elementor-top-column elementor-element elementor-element-bc9ad3d\" data-id=\"bc9ad3d\" data-element_type=\"column\" data-e-type=\"column\">\n\t\t\t<div class=\"elementor-widget-wrap elementor-element-populated\">\n\t\t\t\t\t\t<div class=\"elementor-element elementor-element-3ede240 elementor-widget elementor-widget-image\" data-id=\"3ede240\" data-element_type=\"widget\" data-e-type=\"widget\" data-widget_type=\"image.default\">\n\t\t\t\t<div class=\"elementor-widget-container\">\n\t\t\t\t\t\t\t\t\t\t\t\t\t\t\t<img fetchpriority=\"high\" decoding=\"async\" width=\"1024\" height=\"679\" src=\"https:\/\/rib-lofoten.com\/wp-content\/uploads\/2022\/08\/71537082_128729011827871_5406207014877528064_n-1024x679.jpg\" class=\"attachment-large size-large wp-image-1481\" alt=\"\" srcset=\"https:\/\/rib-lofoten.com\/wp-content\/uploads\/2022\/08\/71537082_128729011827871_5406207014877528064_n-1024x679.jpg 1024w, https:\/\/rib-lofoten.com\/wp-content\/uploads\/2022\/08\/71537082_128729011827871_5406207014877528064_n-300x199.jpg 300w, https:\/\/rib-lofoten.com\/wp-content\/uploads\/2022\/08\/71537082_128729011827871_5406207014877528064_n-768x509.jpg 768w, https:\/\/rib-lofoten.com\/wp-content\/uploads\/2022\/08\/71537082_128729011827871_5406207014877528064_n-1536x1018.jpg 1536w, https:\/\/rib-lofoten.com\/wp-content\/uploads\/2022\/08\/71537082_128729011827871_5406207014877528064_n.jpg 2048w\" sizes=\"(max-width: 1024px) 100vw, 1024px\" title=\"\">\t\t\t\t\t\t\t\t\t\t\t\t\t\t\t<\/div>\n\t\t\t\t<\/div>\n\t\t\t\t\t<\/div>\n\t\t<\/div>\n\t\t\t\t\t<\/div>\n\t\t<\/section>\n\t\t\t\t<section class=\"elementor-section elementor-top-section elementor-element elementor-element-054e115 elementor-reverse-mobile elementor-reverse-tablet elementor-section-boxed elementor-section-height-default elementor-section-height-default\" data-id=\"054e115\" data-element_type=\"section\" data-e-type=\"section\">\n\t\t\t\t\t\t<div class=\"elementor-container elementor-column-gap-default\">\n\t\t\t\t\t<div class=\"elementor-column elementor-col-50 elementor-top-column elementor-element elementor-element-ec422df elementor-hidden-tablet\" data-id=\"ec422df\" data-element_type=\"column\" data-e-type=\"column\">\n\t\t\t<div class=\"elementor-widget-wrap elementor-element-populated\">\n\t\t\t\t\t\t<div class=\"elementor-element elementor-element-bac56f0 elementor-hidden-tablet elementor-widget elementor-widget-image\" data-id=\"bac56f0\" data-element_type=\"widget\" data-e-type=\"widget\" data-widget_type=\"image.default\">\n\t\t\t\t<div class=\"elementor-widget-container\">\n\t\t\t\t\t\t\t\t\t\t\t\t\t\t\t<img decoding=\"async\" width=\"880\" height=\"880\" src=\"https:\/\/rib-lofoten.com\/wp-content\/uploads\/2022\/08\/IMAGE_FLADEN_22-845BG.jpg\" class=\"attachment-large size-large wp-image-1552\" alt=\"\" srcset=\"https:\/\/rib-lofoten.com\/wp-content\/uploads\/2022\/08\/IMAGE_FLADEN_22-845BG.jpg 880w, https:\/\/rib-lofoten.com\/wp-content\/uploads\/2022\/08\/IMAGE_FLADEN_22-845BG-300x300.jpg 300w, https:\/\/rib-lofoten.com\/wp-content\/uploads\/2022\/08\/IMAGE_FLADEN_22-845BG-150x150.jpg 150w, https:\/\/rib-lofoten.com\/wp-content\/uploads\/2022\/08\/IMAGE_FLADEN_22-845BG-768x768.jpg 768w\" sizes=\"(max-width: 880px) 100vw, 880px\" title=\"\">\t\t\t\t\t\t\t\t\t\t\t\t\t\t\t<\/div>\n\t\t\t\t<\/div>\n\t\t\t\t<section class=\"elementor-section elementor-inner-section elementor-element elementor-element-d66c59b elementor-hidden-tablet elementor-section-boxed elementor-section-height-default elementor-section-height-default\" data-id=\"d66c59b\" data-element_type=\"section\" data-e-type=\"section\">\n\t\t\t\t\t\t<div class=\"elementor-container elementor-column-gap-default\">\n\t\t\t\t\t<div class=\"elementor-column elementor-col-50 elementor-inner-column elementor-element elementor-element-8199e6c\" data-id=\"8199e6c\" data-element_type=\"column\" data-e-type=\"column\">\n\t\t\t<div class=\"elementor-widget-wrap elementor-element-populated\">\n\t\t\t\t\t\t<div class=\"elementor-element elementor-element-0bd17ee elementor-widget elementor-widget-image\" data-id=\"0bd17ee\" data-element_type=\"widget\" data-e-type=\"widget\" data-widget_type=\"image.default\">\n\t\t\t\t<div class=\"elementor-widget-container\">\n\t\t\t\t\t\t\t\t\t\t\t\t\t\t\t<img decoding=\"async\" width=\"191\" height=\"263\" src=\"https:\/\/rib-lofoten.com\/wp-content\/uploads\/2022\/08\/download.jpg\" class=\"attachment-large size-large wp-image-1553\" alt=\"\" title=\"\">\t\t\t\t\t\t\t\t\t\t\t\t\t\t\t<\/div>\n\t\t\t\t<\/div>\n\t\t\t\t\t<\/div>\n\t\t<\/div>\n\t\t\t\t<div class=\"elementor-column elementor-col-50 elementor-inner-column elementor-element elementor-element-2b005a1\" data-id=\"2b005a1\" data-element_type=\"column\" data-e-type=\"column\">\n\t\t\t<div class=\"elementor-widget-wrap elementor-element-populated\">\n\t\t\t\t\t\t<div class=\"elementor-element elementor-element-1b0cd24 elementor-widget elementor-widget-image\" data-id=\"1b0cd24\" data-element_type=\"widget\" data-e-type=\"widget\" data-widget_type=\"image.default\">\n\t\t\t\t<div class=\"elementor-widget-container\">\n\t\t\t\t\t\t\t\t\t\t\t\t\t\t\t<img loading=\"lazy\" decoding=\"async\" width=\"700\" height=\"400\" src=\"https:\/\/rib-lofoten.com\/wp-content\/uploads\/2022\/08\/620U.02.10.00.jpg\" class=\"attachment-large size-large wp-image-1551\" alt=\"\" srcset=\"https:\/\/rib-lofoten.com\/wp-content\/uploads\/2022\/08\/620U.02.10.00.jpg 700w, https:\/\/rib-lofoten.com\/wp-content\/uploads\/2022\/08\/620U.02.10.00-300x171.jpg 300w\" sizes=\"(max-width: 700px) 100vw, 700px\" title=\"\">\t\t\t\t\t\t\t\t\t\t\t\t\t\t\t<\/div>\n\t\t\t\t<\/div>\n\t\t\t\t\t<\/div>\n\t\t<\/div>\n\t\t\t\t\t<\/div>\n\t\t<\/section>\n\t\t\t\t\t<\/div>\n\t\t<\/div>\n\t\t\t\t<div class=\"elementor-column elementor-col-50 elementor-top-column elementor-element elementor-element-6342437\" data-id=\"6342437\" data-element_type=\"column\" data-e-type=\"column\">\n\t\t\t<div class=\"elementor-widget-wrap elementor-element-populated\">\n\t\t\t\t\t\t<div class=\"elementor-element elementor-element-c465b14 elementor-widget elementor-widget-heading\" data-id=\"c465b14\" data-element_type=\"widget\" data-e-type=\"widget\" data-widget_type=\"heading.default\">\n\t\t\t\t<div class=\"elementor-widget-container\">\n\t\t\t\t\t<h2 class=\"elementor-heading-title elementor-size-default\">AUSSTATTUNG UND SICHERHEIT<\/h2>\t\t\t\t<\/div>\n\t\t\t\t<\/div>\n\t\t\t\t<div class=\"elementor-element elementor-element-d49cfce elementor-widget elementor-widget-text-editor\" data-id=\"d49cfce\" data-element_type=\"widget\" data-e-type=\"widget\" data-widget_type=\"text-editor.default\">\n\t\t\t\t<div class=\"elementor-widget-container\">\n\t\t\t\t\t\t\t\t\t<p>Wir nehmen Sicherheit sehr ernst, und da wir uns \u00fcber dem Polarkreis befinden, ist eine spezielle Ausr\u00fcstung erforderlich, um mit allen m\u00f6glichen Wetterbedingungen fertig zu werden.<\/p><p>Aus diesem Grund ist jeder verpflichtet, einen warmen Anzug zu tragen, der nat\u00fcrlich von uns gestellt wird. Das h\u00e4lt dich jederzeit warm auch f\u00fcr den unwahrscheinlichen Fall, dass Sie ins Wasser fallen. Aber keine Sorge, das ist uns noch nie passiert!<br \/>Der andere obligatorische Gegenstand ist die Schwimmweste, die Ihnen ebenfalls ausgeh\u00e4ndigt wird.<br \/>Sie erhalten auch eine Schutzbrille, um Ihre Augen vor Wind zu sch\u00fctzen und bei Bedarf Handschuhe.<\/p><p>Sie m\u00fcssen sich nur den Wetterbedingungen am Reisetag entsprechend kleiden und lieber warme und bequeme Schuhe haben.<\/p><p>Wir haben keine strengen Altersbeschr\u00e4nkungen f\u00fcr unsere RIB, was bedeutet, dass jeder mehr als willkommen ist,  und dies ist ein klarer Beweis daf\u00fcr, wie sicher unsere Reisen sind. Wir verlangen nur, dass Kinder alleine sitzen k\u00f6nnen.<\/p><p>Aus Sicherheitsgr\u00fcnden verlangen wir von unseren Kunden gen\u00fcgend Mobilit\u00e4t, um problemlos in unsere Boote ein- und aussteigen zu k\u00f6nnen.\nDie einzigen Kategorien, denen wir unser Produkt nicht empfehlen, sind schwangere Frauen und Menschen mit schweren R\u00fccken-problemen oder -verletzungen.<\/p>\t\t\t\t\t\t\t\t<\/div>\n\t\t\t\t<\/div>\n\t\t\t\t\t<\/div>\n\t\t<\/div>\n\t\t\t\t\t<\/div>\n\t\t<\/section>\n\t\t\t\t<section class=\"elementor-section elementor-top-section elementor-element elementor-element-e9e2fa8 elementor-hidden-desktop elementor-hidden-mobile elementor-section-boxed elementor-section-height-default elementor-section-height-default\" data-id=\"e9e2fa8\" data-element_type=\"section\" data-e-type=\"section\">\n\t\t\t\t\t\t<div class=\"elementor-container elementor-column-gap-default\">\n\t\t\t\t\t<div class=\"elementor-column elementor-col-50 elementor-top-column elementor-element elementor-element-08ede66\" data-id=\"08ede66\" data-element_type=\"column\" data-e-type=\"column\">\n\t\t\t<div class=\"elementor-widget-wrap elementor-element-populated\">\n\t\t\t\t\t\t<div class=\"elementor-element elementor-element-78a71a1 elementor-widget elementor-widget-image\" data-id=\"78a71a1\" data-element_type=\"widget\" data-e-type=\"widget\" data-widget_type=\"image.default\">\n\t\t\t\t<div class=\"elementor-widget-container\">\n\t\t\t\t\t\t\t\t\t\t\t\t\t\t\t<img decoding=\"async\" width=\"880\" height=\"880\" src=\"https:\/\/rib-lofoten.com\/wp-content\/uploads\/2022\/08\/IMAGE_FLADEN_22-845BG.jpg\" class=\"attachment-large size-large wp-image-1552\" alt=\"\" srcset=\"https:\/\/rib-lofoten.com\/wp-content\/uploads\/2022\/08\/IMAGE_FLADEN_22-845BG.jpg 880w, https:\/\/rib-lofoten.com\/wp-content\/uploads\/2022\/08\/IMAGE_FLADEN_22-845BG-300x300.jpg 300w, https:\/\/rib-lofoten.com\/wp-content\/uploads\/2022\/08\/IMAGE_FLADEN_22-845BG-150x150.jpg 150w, https:\/\/rib-lofoten.com\/wp-content\/uploads\/2022\/08\/IMAGE_FLADEN_22-845BG-768x768.jpg 768w\" sizes=\"(max-width: 880px) 100vw, 880px\" title=\"\">\t\t\t\t\t\t\t\t\t\t\t\t\t\t\t<\/div>\n\t\t\t\t<\/div>\n\t\t\t\t\t<\/div>\n\t\t<\/div>\n\t\t\t\t<div class=\"elementor-column elementor-col-50 elementor-top-column elementor-element elementor-element-4ef7197\" data-id=\"4ef7197\" data-element_type=\"column\" data-e-type=\"column\">\n\t\t\t<div class=\"elementor-widget-wrap elementor-element-populated\">\n\t\t\t\t\t\t<section class=\"elementor-section elementor-inner-section elementor-element elementor-element-968bcdf elementor-section-boxed elementor-section-height-default elementor-section-height-default\" data-id=\"968bcdf\" data-element_type=\"section\" data-e-type=\"section\">\n\t\t\t\t\t\t<div class=\"elementor-container elementor-column-gap-default\">\n\t\t\t\t\t<div class=\"elementor-column elementor-col-50 elementor-inner-column elementor-element elementor-element-16a265f\" data-id=\"16a265f\" data-element_type=\"column\" data-e-type=\"column\">\n\t\t\t<div class=\"elementor-widget-wrap elementor-element-populated\">\n\t\t\t\t\t\t<div class=\"elementor-element elementor-element-b73a1e6 elementor-widget elementor-widget-image\" data-id=\"b73a1e6\" data-element_type=\"widget\" data-e-type=\"widget\" data-widget_type=\"image.default\">\n\t\t\t\t<div class=\"elementor-widget-container\">\n\t\t\t\t\t\t\t\t\t\t\t\t\t\t\t<img decoding=\"async\" width=\"191\" height=\"263\" src=\"https:\/\/rib-lofoten.com\/wp-content\/uploads\/2022\/08\/download.jpg\" class=\"attachment-large size-large wp-image-1553\" alt=\"\" title=\"\">\t\t\t\t\t\t\t\t\t\t\t\t\t\t\t<\/div>\n\t\t\t\t<\/div>\n\t\t\t\t\t<\/div>\n\t\t<\/div>\n\t\t\t\t<div class=\"elementor-column elementor-col-50 elementor-inner-column elementor-element elementor-element-a008c20\" data-id=\"a008c20\" data-element_type=\"column\" data-e-type=\"column\">\n\t\t\t<div class=\"elementor-widget-wrap elementor-element-populated\">\n\t\t\t\t\t\t<div class=\"elementor-element elementor-element-d1a4a78 elementor-widget elementor-widget-image\" data-id=\"d1a4a78\" data-element_type=\"widget\" data-e-type=\"widget\" data-widget_type=\"image.default\">\n\t\t\t\t<div class=\"elementor-widget-container\">\n\t\t\t\t\t\t\t\t\t\t\t\t\t\t\t<img loading=\"lazy\" decoding=\"async\" width=\"700\" height=\"400\" src=\"https:\/\/rib-lofoten.com\/wp-content\/uploads\/2022\/08\/620U.02.10.00.jpg\" class=\"attachment-large size-large wp-image-1551\" alt=\"\" srcset=\"https:\/\/rib-lofoten.com\/wp-content\/uploads\/2022\/08\/620U.02.10.00.jpg 700w, https:\/\/rib-lofoten.com\/wp-content\/uploads\/2022\/08\/620U.02.10.00-300x171.jpg 300w\" sizes=\"(max-width: 700px) 100vw, 700px\" title=\"\">\t\t\t\t\t\t\t\t\t\t\t\t\t\t\t<\/div>\n\t\t\t\t<\/div>\n\t\t\t\t\t<\/div>\n\t\t<\/div>\n\t\t\t\t\t<\/div>\n\t\t<\/section>\n\t\t\t\t\t<\/div>\n\t\t<\/div>\n\t\t\t\t\t<\/div>\n\t\t<\/section>\n\t\t\t\t<\/div>","protected":false},"excerpt":{"rendered":"<p>B\u00e5ter og SikkerhetBli kjent med b\u00e5tene og sikkerhetsutstyret v\u00e5re b\u00e5ter V\u00e5r fl\u00e5te best\u00e5r av 4 moderne RIB-b\u00e5ter og vi flytter mellom 2500 og 3500 personer hvert \u00e5r. Vi opererer b\u00e5de sommer og vinter, i motsetning til de fleste andre leverand\u00f8rer som kun jobber om sommeren. Alle v\u00e5re RIB-er er utstyrt med 2 kraftige 300 hk [&hellip;]<\/p>\n","protected":false},"author":6,"featured_media":0,"parent":0,"menu_order":0,"comment_status":"closed","ping_status":"closed","template":"","meta":{"inline_featured_image":false,"site-sidebar-layout":"no-sidebar","site-content-layout":"page-builder","ast-site-content-layout":"default","site-content-style":"default","site-sidebar-style":"default","ast-global-header-display":"","ast-banner-title-visibility":"","ast-main-header-display":"","ast-hfb-above-header-display":"","ast-hfb-below-header-display":"","ast-hfb-mobile-header-display":"","site-post-title":"disabled","ast-breadcrumbs-content":"","ast-featured-img":"disabled","footer-sml-layout":"","ast-disable-related-posts":"","theme-transparent-header-meta":"default","adv-header-id-meta":"","stick-header-meta":"","header-above-stick-meta":"","header-main-stick-meta":"","header-below-stick-meta":"","astra-migrate-meta-layouts":"default","ast-page-background-enabled":"default","ast-page-background-meta":{"desktop":{"background-color":"","background-image":"","background-repeat":"repeat","background-position":"center center","background-size":"auto","background-attachment":"scroll","background-type":"","background-media":"","overlay-type":"","overlay-color":"","overlay-opacity":"","overlay-gradient":""},"tablet":{"background-color":"","background-image":"","background-repeat":"repeat","background-position":"center center","background-size":"auto","background-attachment":"scroll","background-type":"","background-media":"","overlay-type":"","overlay-color":"","overlay-opacity":"","overlay-gradient":""},"mobile":{"background-color":"","background-image":"","background-repeat":"repeat","background-position":"center center","background-size":"auto","background-attachment":"scroll","background-type":"","background-media":"","overlay-type":"","overlay-color":"","overlay-opacity":"","overlay-gradient":""}},"ast-content-background-meta":{"desktop":{"background-color":"var(--ast-global-color-5)","background-image":"","background-repeat":"repeat","background-position":"center center","background-size":"auto","background-attachment":"scroll","background-type":"","background-media":"","overlay-type":"","overlay-color":"","overlay-opacity":"","overlay-gradient":""},"tablet":{"background-color":"var(--ast-global-color-5)","background-image":"","background-repeat":"repeat","background-position":"center center","background-size":"auto","background-attachment":"scroll","background-type":"","background-media":"","overlay-type":"","overlay-color":"","overlay-opacity":"","overlay-gradient":""},"mobile":{"background-color":"var(--ast-global-color-5)","background-image":"","background-repeat":"repeat","background-position":"center center","background-size":"auto","background-attachment":"scroll","background-type":"","background-media":"","overlay-type":"","overlay-color":"","overlay-opacity":"","overlay-gradient":""}},"footnotes":""},"class_list":["post-681","page","type-page","status-publish","hentry"],"_links":{"self":[{"href":"https:\/\/rib-lofoten.com\/de\/wp-json\/wp\/v2\/pages\/681","targetHints":{"allow":["GET"]}}],"collection":[{"href":"https:\/\/rib-lofoten.com\/de\/wp-json\/wp\/v2\/pages"}],"about":[{"href":"https:\/\/rib-lofoten.com\/de\/wp-json\/wp\/v2\/types\/page"}],"author":[{"embeddable":true,"href":"https:\/\/rib-lofoten.com\/de\/wp-json\/wp\/v2\/users\/6"}],"replies":[{"embeddable":true,"href":"https:\/\/rib-lofoten.com\/de\/wp-json\/wp\/v2\/comments?post=681"}],"version-history":[{"count":7,"href":"https:\/\/rib-lofoten.com\/de\/wp-json\/wp\/v2\/pages\/681\/revisions"}],"predecessor-version":[{"id":5064,"href":"https:\/\/rib-lofoten.com\/de\/wp-json\/wp\/v2\/pages\/681\/revisions\/5064"}],"wp:attachment":[{"href":"https:\/\/rib-lofoten.com\/de\/wp-json\/wp\/v2\/media?parent=681"}],"curies":[{"name":"wp","href":"https:\/\/api.w.org\/{rel}","templated":true}]}}