{"id":681,"date":"2022-07-18T15:09:07","date_gmt":"2022-07-18T14:09:07","guid":{"rendered":"https:\/\/rib-lofoten.com\/?page_id=681"},"modified":"2024-08-25T18:45:25","modified_gmt":"2024-08-25T16:45:25","slug":"boats-and-safety","status":"publish","type":"page","link":"https:\/\/rib-lofoten.com\/en\/bater-og-sikkerhet\/","title":{"rendered":"Boats and Safety"},"content":{"rendered":"<div data-elementor-type=\"wp-page\" data-elementor-id=\"681\" class=\"elementor elementor-681\" data-elementor-post-type=\"page\">\n\t\t\t\t\t\t<section class=\"elementor-section elementor-top-section elementor-element elementor-element-21e7fc7 elementor-section-stretched elementor-section-full_width elementor-section-height-default elementor-section-height-default\" data-id=\"21e7fc7\" data-element_type=\"section\" data-e-type=\"section\" data-settings=\"{&quot;stretch_section&quot;:&quot;section-stretched&quot;}\">\n\t\t\t\t\t\t<div class=\"elementor-container elementor-column-gap-no\">\n\t\t\t\t\t<div class=\"elementor-column elementor-col-100 elementor-top-column elementor-element elementor-element-e9d7c92\" data-id=\"e9d7c92\" data-element_type=\"column\" data-e-type=\"column\">\n\t\t\t<div class=\"elementor-widget-wrap elementor-element-populated\">\n\t\t\t\t\t\t<div class=\"elementor-element elementor-element-2af7d3c elementor--h-position-center elementor--v-position-middle elementor-widget elementor-widget-slides\" data-id=\"2af7d3c\" data-element_type=\"widget\" data-e-type=\"widget\" data-settings=\"{&quot;transition_speed&quot;:1500,&quot;navigation&quot;:&quot;none&quot;,&quot;transition&quot;:&quot;slide&quot;}\" data-widget_type=\"slides.default\">\n\t\t\t\t<div class=\"elementor-widget-container\">\n\t\t\t\t\t\t\t\t\t<div class=\"elementor-swiper\">\n\t\t\t\t\t<div class=\"elementor-slides-wrapper elementor-main-swiper swiper\" role=\"region\" aria-roledescription=\"carousel\" aria-label=\"Diapositivas\" dir=\"ltr\" data-animation=\"fadeInDown\">\n\t\t\t\t<div class=\"swiper-wrapper elementor-slides\">\n\t\t\t\t\t\t\t\t\t\t<div class=\"elementor-repeater-item-bc92736 swiper-slide\" role=\"group\" aria-roledescription=\"slide\"><div class=\"swiper-slide-bg\" role=\"img\" aria-label=\"70824409_128760158491423_2916691477302083584_n\"><\/div><div class=\"elementor-background-overlay\"><\/div><div class=\"swiper-slide-inner\" ><div class=\"swiper-slide-contents\"><div class=\"elementor-slide-heading\">Boats and Safety<\/div><div class=\"elementor-slide-description\">Get to know the boats and the safety equipment<\/div><\/div><\/div><\/div>\t\t\t\t<\/div>\n\t\t\t\t\t\t\t<\/div>\n\t\t\t\t<\/div>\n\t\t\t\t\t\t\t\t<\/div>\n\t\t\t\t<\/div>\n\t\t\t\t\t<\/div>\n\t\t<\/div>\n\t\t\t\t\t<\/div>\n\t\t<\/section>\n\t\t\t\t<section class=\"elementor-section elementor-top-section elementor-element elementor-element-fa17297 elementor-section-boxed elementor-section-height-default elementor-section-height-default\" data-id=\"fa17297\" data-element_type=\"section\" data-e-type=\"section\">\n\t\t\t\t\t\t<div class=\"elementor-container elementor-column-gap-default\">\n\t\t\t\t\t<div class=\"elementor-column elementor-col-50 elementor-top-column elementor-element elementor-element-cc5ce9a\" data-id=\"cc5ce9a\" data-element_type=\"column\" data-e-type=\"column\">\n\t\t\t<div class=\"elementor-widget-wrap elementor-element-populated\">\n\t\t\t\t\t\t<div class=\"elementor-element elementor-element-d37eb3c elementor-widget elementor-widget-heading\" data-id=\"d37eb3c\" data-element_type=\"widget\" data-e-type=\"widget\" data-widget_type=\"heading.default\">\n\t\t\t\t<div class=\"elementor-widget-container\">\n\t\t\t\t\t<h2 class=\"elementor-heading-title elementor-size-default\">our boats<\/h2>\t\t\t\t<\/div>\n\t\t\t\t<\/div>\n\t\t\t\t<div class=\"elementor-element elementor-element-8752253 elementor-widget elementor-widget-text-editor\" data-id=\"8752253\" data-element_type=\"widget\" data-e-type=\"widget\" data-widget_type=\"text-editor.default\">\n\t\t\t\t<div class=\"elementor-widget-container\">\n\t\t\t\t\t\t\t\t\t<p>Our fleet consists of 4 modern RIB boats and we move between 2,500 and 3,500 people each year, both in summer and winter, unlike most other suppliers who only work in the summer.<\/p><p>All our RIBs are equipped with 2 powerful 300 hp Suzuki engines (for a total of 600 hp) which make our boats both fast and reliable, but of course we adjust the speed according to weather conditions and wave height. Our aim is to give everyone a comfortable ride in all weathers.<\/p><p>Each boat can take on board a total of 12 passengers and 1 driver.<\/p>\t\t\t\t\t\t\t\t<\/div>\n\t\t\t\t<\/div>\n\t\t\t\t\t<\/div>\n\t\t<\/div>\n\t\t\t\t<div class=\"elementor-column elementor-col-50 elementor-top-column elementor-element elementor-element-bc9ad3d\" data-id=\"bc9ad3d\" data-element_type=\"column\" data-e-type=\"column\">\n\t\t\t<div class=\"elementor-widget-wrap elementor-element-populated\">\n\t\t\t\t\t\t<div class=\"elementor-element elementor-element-3ede240 elementor-widget elementor-widget-image\" data-id=\"3ede240\" data-element_type=\"widget\" data-e-type=\"widget\" data-widget_type=\"image.default\">\n\t\t\t\t<div class=\"elementor-widget-container\">\n\t\t\t\t\t\t\t\t\t\t\t\t\t\t\t<img fetchpriority=\"high\" decoding=\"async\" width=\"1024\" height=\"679\" src=\"https:\/\/rib-lofoten.com\/wp-content\/uploads\/2022\/08\/71537082_128729011827871_5406207014877528064_n-1024x679.jpg\" class=\"attachment-large size-large wp-image-1481\" alt=\"\" srcset=\"https:\/\/rib-lofoten.com\/wp-content\/uploads\/2022\/08\/71537082_128729011827871_5406207014877528064_n-1024x679.jpg 1024w, https:\/\/rib-lofoten.com\/wp-content\/uploads\/2022\/08\/71537082_128729011827871_5406207014877528064_n-300x199.jpg 300w, https:\/\/rib-lofoten.com\/wp-content\/uploads\/2022\/08\/71537082_128729011827871_5406207014877528064_n-768x509.jpg 768w, https:\/\/rib-lofoten.com\/wp-content\/uploads\/2022\/08\/71537082_128729011827871_5406207014877528064_n-1536x1018.jpg 1536w, https:\/\/rib-lofoten.com\/wp-content\/uploads\/2022\/08\/71537082_128729011827871_5406207014877528064_n.jpg 2048w\" sizes=\"(max-width: 1024px) 100vw, 1024px\" title=\"\">\t\t\t\t\t\t\t\t\t\t\t\t\t\t\t<\/div>\n\t\t\t\t<\/div>\n\t\t\t\t\t<\/div>\n\t\t<\/div>\n\t\t\t\t\t<\/div>\n\t\t<\/section>\n\t\t\t\t<section class=\"elementor-section elementor-top-section elementor-element elementor-element-054e115 elementor-reverse-mobile elementor-reverse-tablet elementor-section-boxed elementor-section-height-default elementor-section-height-default\" data-id=\"054e115\" data-element_type=\"section\" data-e-type=\"section\">\n\t\t\t\t\t\t<div class=\"elementor-container elementor-column-gap-default\">\n\t\t\t\t\t<div class=\"elementor-column elementor-col-50 elementor-top-column elementor-element elementor-element-ec422df elementor-hidden-tablet\" data-id=\"ec422df\" data-element_type=\"column\" data-e-type=\"column\">\n\t\t\t<div class=\"elementor-widget-wrap elementor-element-populated\">\n\t\t\t\t\t\t<div class=\"elementor-element elementor-element-bac56f0 elementor-hidden-tablet elementor-widget elementor-widget-image\" data-id=\"bac56f0\" data-element_type=\"widget\" data-e-type=\"widget\" data-widget_type=\"image.default\">\n\t\t\t\t<div class=\"elementor-widget-container\">\n\t\t\t\t\t\t\t\t\t\t\t\t\t\t\t<img decoding=\"async\" width=\"880\" height=\"880\" src=\"https:\/\/rib-lofoten.com\/wp-content\/uploads\/2022\/08\/IMAGE_FLADEN_22-845BG.jpg\" class=\"attachment-large size-large wp-image-1552\" alt=\"\" srcset=\"https:\/\/rib-lofoten.com\/wp-content\/uploads\/2022\/08\/IMAGE_FLADEN_22-845BG.jpg 880w, https:\/\/rib-lofoten.com\/wp-content\/uploads\/2022\/08\/IMAGE_FLADEN_22-845BG-300x300.jpg 300w, https:\/\/rib-lofoten.com\/wp-content\/uploads\/2022\/08\/IMAGE_FLADEN_22-845BG-150x150.jpg 150w, https:\/\/rib-lofoten.com\/wp-content\/uploads\/2022\/08\/IMAGE_FLADEN_22-845BG-768x768.jpg 768w\" sizes=\"(max-width: 880px) 100vw, 880px\" title=\"\">\t\t\t\t\t\t\t\t\t\t\t\t\t\t\t<\/div>\n\t\t\t\t<\/div>\n\t\t\t\t<section class=\"elementor-section elementor-inner-section elementor-element elementor-element-d66c59b elementor-hidden-tablet elementor-section-boxed elementor-section-height-default elementor-section-height-default\" data-id=\"d66c59b\" data-element_type=\"section\" data-e-type=\"section\">\n\t\t\t\t\t\t<div class=\"elementor-container elementor-column-gap-default\">\n\t\t\t\t\t<div class=\"elementor-column elementor-col-50 elementor-inner-column elementor-element elementor-element-8199e6c\" data-id=\"8199e6c\" data-element_type=\"column\" data-e-type=\"column\">\n\t\t\t<div class=\"elementor-widget-wrap elementor-element-populated\">\n\t\t\t\t\t\t<div class=\"elementor-element elementor-element-0bd17ee elementor-widget elementor-widget-image\" data-id=\"0bd17ee\" data-element_type=\"widget\" data-e-type=\"widget\" data-widget_type=\"image.default\">\n\t\t\t\t<div class=\"elementor-widget-container\">\n\t\t\t\t\t\t\t\t\t\t\t\t\t\t\t<img decoding=\"async\" width=\"191\" height=\"263\" src=\"https:\/\/rib-lofoten.com\/wp-content\/uploads\/2022\/08\/download.jpg\" class=\"attachment-large size-large wp-image-1553\" alt=\"\" title=\"\">\t\t\t\t\t\t\t\t\t\t\t\t\t\t\t<\/div>\n\t\t\t\t<\/div>\n\t\t\t\t\t<\/div>\n\t\t<\/div>\n\t\t\t\t<div class=\"elementor-column elementor-col-50 elementor-inner-column elementor-element elementor-element-2b005a1\" data-id=\"2b005a1\" data-element_type=\"column\" data-e-type=\"column\">\n\t\t\t<div class=\"elementor-widget-wrap elementor-element-populated\">\n\t\t\t\t\t\t<div class=\"elementor-element elementor-element-1b0cd24 elementor-widget elementor-widget-image\" data-id=\"1b0cd24\" data-element_type=\"widget\" data-e-type=\"widget\" data-widget_type=\"image.default\">\n\t\t\t\t<div class=\"elementor-widget-container\">\n\t\t\t\t\t\t\t\t\t\t\t\t\t\t\t<img loading=\"lazy\" decoding=\"async\" width=\"700\" height=\"400\" src=\"https:\/\/rib-lofoten.com\/wp-content\/uploads\/2022\/08\/620U.02.10.00.jpg\" class=\"attachment-large size-large wp-image-1551\" alt=\"\" srcset=\"https:\/\/rib-lofoten.com\/wp-content\/uploads\/2022\/08\/620U.02.10.00.jpg 700w, https:\/\/rib-lofoten.com\/wp-content\/uploads\/2022\/08\/620U.02.10.00-300x171.jpg 300w\" sizes=\"(max-width: 700px) 100vw, 700px\" title=\"\">\t\t\t\t\t\t\t\t\t\t\t\t\t\t\t<\/div>\n\t\t\t\t<\/div>\n\t\t\t\t\t<\/div>\n\t\t<\/div>\n\t\t\t\t\t<\/div>\n\t\t<\/section>\n\t\t\t\t\t<\/div>\n\t\t<\/div>\n\t\t\t\t<div class=\"elementor-column elementor-col-50 elementor-top-column elementor-element elementor-element-6342437\" data-id=\"6342437\" data-element_type=\"column\" data-e-type=\"column\">\n\t\t\t<div class=\"elementor-widget-wrap elementor-element-populated\">\n\t\t\t\t\t\t<div class=\"elementor-element elementor-element-c465b14 elementor-widget elementor-widget-heading\" data-id=\"c465b14\" data-element_type=\"widget\" data-e-type=\"widget\" data-widget_type=\"heading.default\">\n\t\t\t\t<div class=\"elementor-widget-container\">\n\t\t\t\t\t<h2 class=\"elementor-heading-title elementor-size-default\">EQUIPMENT AND SAFETY<\/h2>\t\t\t\t<\/div>\n\t\t\t\t<\/div>\n\t\t\t\t<div class=\"elementor-element elementor-element-d49cfce elementor-widget elementor-widget-text-editor\" data-id=\"d49cfce\" data-element_type=\"widget\" data-e-type=\"widget\" data-widget_type=\"text-editor.default\">\n\t\t\t\t<div class=\"elementor-widget-container\">\n\t\t\t\t\t\t\t\t\t<p>We take safety very seriously and as we are above the Arctic Circle it is necessary to have special equipment to face all possible weather conditions.<\/p><p>For this reason, everyone is obliged to wear a warm floatation suit, which is of course supplied by us. This will keep you warm at all times also in the unlikely event of fall in the water. But don't worry, this has never happened to us!<br \/>The other mandatory item is the life jacket which will also be given to you.<br \/>You will also be given a pair of goggles to protect your eyes from the wind and gloves if necessary.<\/p><p>You are only required to dress according to the weather conditions on the day you travel and preferably have warm and comfortable shoes.<\/p><p>We have no strict age restrictions on our RIBs, which means that everyone is more than welcome to join, and this is a clear proof of how safe our trips are. We only require that children can sit by themselves.<\/p><p>For safety reasons, we require our customers to have enough mobility to be able to get in and out of our boats without struggles.\nThe only categories we do not recommend our product to are pregnant women and people with serious back problems or injuries.<\/p>\t\t\t\t\t\t\t\t<\/div>\n\t\t\t\t<\/div>\n\t\t\t\t\t<\/div>\n\t\t<\/div>\n\t\t\t\t\t<\/div>\n\t\t<\/section>\n\t\t\t\t<section class=\"elementor-section elementor-top-section elementor-element elementor-element-e9e2fa8 elementor-hidden-desktop elementor-hidden-mobile elementor-section-boxed elementor-section-height-default elementor-section-height-default\" data-id=\"e9e2fa8\" data-element_type=\"section\" data-e-type=\"section\">\n\t\t\t\t\t\t<div class=\"elementor-container elementor-column-gap-default\">\n\t\t\t\t\t<div class=\"elementor-column elementor-col-50 elementor-top-column elementor-element elementor-element-08ede66\" data-id=\"08ede66\" data-element_type=\"column\" data-e-type=\"column\">\n\t\t\t<div class=\"elementor-widget-wrap elementor-element-populated\">\n\t\t\t\t\t\t<div class=\"elementor-element elementor-element-78a71a1 elementor-widget elementor-widget-image\" data-id=\"78a71a1\" data-element_type=\"widget\" data-e-type=\"widget\" data-widget_type=\"image.default\">\n\t\t\t\t<div class=\"elementor-widget-container\">\n\t\t\t\t\t\t\t\t\t\t\t\t\t\t\t<img decoding=\"async\" width=\"880\" height=\"880\" src=\"https:\/\/rib-lofoten.com\/wp-content\/uploads\/2022\/08\/IMAGE_FLADEN_22-845BG.jpg\" class=\"attachment-large size-large wp-image-1552\" alt=\"\" srcset=\"https:\/\/rib-lofoten.com\/wp-content\/uploads\/2022\/08\/IMAGE_FLADEN_22-845BG.jpg 880w, https:\/\/rib-lofoten.com\/wp-content\/uploads\/2022\/08\/IMAGE_FLADEN_22-845BG-300x300.jpg 300w, https:\/\/rib-lofoten.com\/wp-content\/uploads\/2022\/08\/IMAGE_FLADEN_22-845BG-150x150.jpg 150w, https:\/\/rib-lofoten.com\/wp-content\/uploads\/2022\/08\/IMAGE_FLADEN_22-845BG-768x768.jpg 768w\" sizes=\"(max-width: 880px) 100vw, 880px\" title=\"\">\t\t\t\t\t\t\t\t\t\t\t\t\t\t\t<\/div>\n\t\t\t\t<\/div>\n\t\t\t\t\t<\/div>\n\t\t<\/div>\n\t\t\t\t<div class=\"elementor-column elementor-col-50 elementor-top-column elementor-element elementor-element-4ef7197\" data-id=\"4ef7197\" data-element_type=\"column\" data-e-type=\"column\">\n\t\t\t<div class=\"elementor-widget-wrap elementor-element-populated\">\n\t\t\t\t\t\t<section class=\"elementor-section elementor-inner-section elementor-element elementor-element-968bcdf elementor-section-boxed elementor-section-height-default elementor-section-height-default\" data-id=\"968bcdf\" data-element_type=\"section\" data-e-type=\"section\">\n\t\t\t\t\t\t<div class=\"elementor-container elementor-column-gap-default\">\n\t\t\t\t\t<div class=\"elementor-column elementor-col-50 elementor-inner-column elementor-element elementor-element-16a265f\" data-id=\"16a265f\" data-element_type=\"column\" data-e-type=\"column\">\n\t\t\t<div class=\"elementor-widget-wrap elementor-element-populated\">\n\t\t\t\t\t\t<div class=\"elementor-element elementor-element-b73a1e6 elementor-widget elementor-widget-image\" data-id=\"b73a1e6\" data-element_type=\"widget\" data-e-type=\"widget\" data-widget_type=\"image.default\">\n\t\t\t\t<div class=\"elementor-widget-container\">\n\t\t\t\t\t\t\t\t\t\t\t\t\t\t\t<img decoding=\"async\" width=\"191\" height=\"263\" src=\"https:\/\/rib-lofoten.com\/wp-content\/uploads\/2022\/08\/download.jpg\" class=\"attachment-large size-large wp-image-1553\" alt=\"\" title=\"\">\t\t\t\t\t\t\t\t\t\t\t\t\t\t\t<\/div>\n\t\t\t\t<\/div>\n\t\t\t\t\t<\/div>\n\t\t<\/div>\n\t\t\t\t<div class=\"elementor-column elementor-col-50 elementor-inner-column elementor-element elementor-element-a008c20\" data-id=\"a008c20\" data-element_type=\"column\" data-e-type=\"column\">\n\t\t\t<div class=\"elementor-widget-wrap elementor-element-populated\">\n\t\t\t\t\t\t<div class=\"elementor-element elementor-element-d1a4a78 elementor-widget elementor-widget-image\" data-id=\"d1a4a78\" data-element_type=\"widget\" data-e-type=\"widget\" data-widget_type=\"image.default\">\n\t\t\t\t<div class=\"elementor-widget-container\">\n\t\t\t\t\t\t\t\t\t\t\t\t\t\t\t<img loading=\"lazy\" decoding=\"async\" width=\"700\" height=\"400\" src=\"https:\/\/rib-lofoten.com\/wp-content\/uploads\/2022\/08\/620U.02.10.00.jpg\" class=\"attachment-large size-large wp-image-1551\" alt=\"\" srcset=\"https:\/\/rib-lofoten.com\/wp-content\/uploads\/2022\/08\/620U.02.10.00.jpg 700w, https:\/\/rib-lofoten.com\/wp-content\/uploads\/2022\/08\/620U.02.10.00-300x171.jpg 300w\" sizes=\"(max-width: 700px) 100vw, 700px\" title=\"\">\t\t\t\t\t\t\t\t\t\t\t\t\t\t\t<\/div>\n\t\t\t\t<\/div>\n\t\t\t\t\t<\/div>\n\t\t<\/div>\n\t\t\t\t\t<\/div>\n\t\t<\/section>\n\t\t\t\t\t<\/div>\n\t\t<\/div>\n\t\t\t\t\t<\/div>\n\t\t<\/section>\n\t\t\t\t<\/div>","protected":false},"excerpt":{"rendered":"<p>B\u00e5ter og SikkerhetBli kjent med b\u00e5tene og sikkerhetsutstyret v\u00e5re b\u00e5ter V\u00e5r fl\u00e5te best\u00e5r av 4 moderne RIB-b\u00e5ter og vi flytter mellom 2500 og 3500 personer hvert \u00e5r. Vi opererer b\u00e5de sommer og vinter, i motsetning til de fleste andre leverand\u00f8rer som kun jobber om sommeren. Alle v\u00e5re RIB-er er utstyrt med 2 kraftige 300 hk [&hellip;]<\/p>\n","protected":false},"author":6,"featured_media":0,"parent":0,"menu_order":0,"comment_status":"closed","ping_status":"closed","template":"","meta":{"inline_featured_image":false,"site-sidebar-layout":"no-sidebar","site-content-layout":"page-builder","ast-site-content-layout":"default","site-content-style":"default","site-sidebar-style":"default","ast-global-header-display":"","ast-banner-title-visibility":"","ast-main-header-display":"","ast-hfb-above-header-display":"","ast-hfb-below-header-display":"","ast-hfb-mobile-header-display":"","site-post-title":"disabled","ast-breadcrumbs-content":"","ast-featured-img":"disabled","footer-sml-layout":"","ast-disable-related-posts":"","theme-transparent-header-meta":"default","adv-header-id-meta":"","stick-header-meta":"","header-above-stick-meta":"","header-main-stick-meta":"","header-below-stick-meta":"","astra-migrate-meta-layouts":"default","ast-page-background-enabled":"default","ast-page-background-meta":{"desktop":{"background-color":"","background-image":"","background-repeat":"repeat","background-position":"center center","background-size":"auto","background-attachment":"scroll","background-type":"","background-media":"","overlay-type":"","overlay-color":"","overlay-opacity":"","overlay-gradient":""},"tablet":{"background-color":"","background-image":"","background-repeat":"repeat","background-position":"center center","background-size":"auto","background-attachment":"scroll","background-type":"","background-media":"","overlay-type":"","overlay-color":"","overlay-opacity":"","overlay-gradient":""},"mobile":{"background-color":"","background-image":"","background-repeat":"repeat","background-position":"center center","background-size":"auto","background-attachment":"scroll","background-type":"","background-media":"","overlay-type":"","overlay-color":"","overlay-opacity":"","overlay-gradient":""}},"ast-content-background-meta":{"desktop":{"background-color":"var(--ast-global-color-5)","background-image":"","background-repeat":"repeat","background-position":"center center","background-size":"auto","background-attachment":"scroll","background-type":"","background-media":"","overlay-type":"","overlay-color":"","overlay-opacity":"","overlay-gradient":""},"tablet":{"background-color":"var(--ast-global-color-5)","background-image":"","background-repeat":"repeat","background-position":"center center","background-size":"auto","background-attachment":"scroll","background-type":"","background-media":"","overlay-type":"","overlay-color":"","overlay-opacity":"","overlay-gradient":""},"mobile":{"background-color":"var(--ast-global-color-5)","background-image":"","background-repeat":"repeat","background-position":"center center","background-size":"auto","background-attachment":"scroll","background-type":"","background-media":"","overlay-type":"","overlay-color":"","overlay-opacity":"","overlay-gradient":""}},"footnotes":""},"class_list":["post-681","page","type-page","status-publish","hentry"],"_links":{"self":[{"href":"https:\/\/rib-lofoten.com\/en\/wp-json\/wp\/v2\/pages\/681","targetHints":{"allow":["GET"]}}],"collection":[{"href":"https:\/\/rib-lofoten.com\/en\/wp-json\/wp\/v2\/pages"}],"about":[{"href":"https:\/\/rib-lofoten.com\/en\/wp-json\/wp\/v2\/types\/page"}],"author":[{"embeddable":true,"href":"https:\/\/rib-lofoten.com\/en\/wp-json\/wp\/v2\/users\/6"}],"replies":[{"embeddable":true,"href":"https:\/\/rib-lofoten.com\/en\/wp-json\/wp\/v2\/comments?post=681"}],"version-history":[{"count":7,"href":"https:\/\/rib-lofoten.com\/en\/wp-json\/wp\/v2\/pages\/681\/revisions"}],"predecessor-version":[{"id":5064,"href":"https:\/\/rib-lofoten.com\/en\/wp-json\/wp\/v2\/pages\/681\/revisions\/5064"}],"wp:attachment":[{"href":"https:\/\/rib-lofoten.com\/en\/wp-json\/wp\/v2\/media?parent=681"}],"curies":[{"name":"wp","href":"https:\/\/api.w.org\/{rel}","templated":true}]}}