{"id":1520,"date":"2022-08-22T12:30:35","date_gmt":"2022-08-22T11:30:35","guid":{"rendered":"https:\/\/rib-lofoten.com\/?page_id=1520"},"modified":"2024-08-25T18:41:43","modified_gmt":"2024-08-25T16:41:43","slug":"quienes-somos","status":"publish","type":"page","link":"https:\/\/rib-lofoten.com\/es\/hvem-vi-er\/","title":{"rendered":"Quienes somos"},"content":{"rendered":"<div data-elementor-type=\"wp-page\" data-elementor-id=\"1520\" class=\"elementor elementor-1520\" data-elementor-post-type=\"page\">\n\t\t\t\t\t\t<section class=\"elementor-section elementor-top-section elementor-element elementor-element-db3a7ae elementor-section-stretched elementor-section-full_width elementor-section-height-default elementor-section-height-default\" data-id=\"db3a7ae\" data-element_type=\"section\" data-e-type=\"section\" data-settings=\"{&quot;stretch_section&quot;:&quot;section-stretched&quot;,&quot;background_background&quot;:&quot;classic&quot;,&quot;background_image&quot;:{&quot;url&quot;:&quot;&quot;,&quot;id&quot;:&quot;&quot;,&quot;size&quot;:&quot;&quot;},&quot;background_image_tablet&quot;:{&quot;url&quot;:&quot;&quot;,&quot;id&quot;:&quot;&quot;,&quot;size&quot;:&quot;&quot;},&quot;background_image_mobile&quot;:{&quot;url&quot;:&quot;&quot;,&quot;id&quot;:&quot;&quot;,&quot;size&quot;:&quot;&quot;}}\">\n\t\t\t\t\t\t<div class=\"elementor-container elementor-column-gap-no\">\n\t\t\t\t\t<div class=\"elementor-column elementor-col-100 elementor-top-column elementor-element elementor-element-7041cfc\" data-id=\"7041cfc\" data-element_type=\"column\" data-e-type=\"column\">\n\t\t\t<div class=\"elementor-widget-wrap elementor-element-populated\">\n\t\t\t\t\t\t<div class=\"elementor-element elementor-element-dac6a6e elementor--h-position-center elementor--v-position-middle elementor-arrows-position-inside elementor-widget elementor-widget-slides\" data-id=\"dac6a6e\" data-element_type=\"widget\" data-e-type=\"widget\" data-settings=\"{&quot;transition_speed&quot;:1500,&quot;navigation&quot;:&quot;arrows&quot;,&quot;transition&quot;:&quot;slide&quot;}\" data-widget_type=\"slides.default\">\n\t\t\t\t<div class=\"elementor-widget-container\">\n\t\t\t\t\t\t\t\t\t<div class=\"elementor-swiper\">\n\t\t\t\t\t<div class=\"elementor-slides-wrapper elementor-main-swiper swiper\" role=\"region\" aria-roledescription=\"carousel\" aria-label=\"Slides\" dir=\"ltr\" data-animation=\"fadeInDown\">\n\t\t\t\t<div class=\"swiper-wrapper elementor-slides\">\n\t\t\t\t\t\t\t\t\t\t<div class=\"elementor-repeater-item-43b27f7 swiper-slide\" role=\"group\" aria-roledescription=\"slide\"><div class=\"swiper-slide-bg\" role=\"img\" aria-label=\"9i-vesteralen-and-lofoten-by-rib_11_10961\"><\/div><div class=\"elementor-background-overlay\"><\/div><div class=\"swiper-slide-inner\" ><div class=\"swiper-slide-contents\"><div class=\"elementor-slide-heading\">quienes somos<\/div><div class=\"elementor-slide-description\"><br>Algunos datos breves y divertidos para conocernos un poco mejor<\/div><\/div><\/div><\/div>\t\t\t\t<\/div>\n\t\t\t\t\t\t\t<\/div>\n\t\t\t\t<\/div>\n\t\t\t\t\t\t\t\t<\/div>\n\t\t\t\t<\/div>\n\t\t\t\t\t<\/div>\n\t\t<\/div>\n\t\t\t\t\t<\/div>\n\t\t<\/section>\n\t\t\t\t<section class=\"elementor-section elementor-top-section elementor-element elementor-element-ef67d08 elementor-reverse-mobile elementor-reverse-tablet elementor-section-boxed elementor-section-height-default elementor-section-height-default\" data-id=\"ef67d08\" data-element_type=\"section\" data-e-type=\"section\">\n\t\t\t\t\t\t<div class=\"elementor-container elementor-column-gap-default\">\n\t\t\t\t\t<div class=\"elementor-column elementor-col-50 elementor-top-column elementor-element elementor-element-1423caf\" data-id=\"1423caf\" data-element_type=\"column\" data-e-type=\"column\">\n\t\t\t<div class=\"elementor-widget-wrap elementor-element-populated\">\n\t\t\t\t\t\t<div class=\"elementor-element elementor-element-642cca3 elementor-widget elementor-widget-image\" data-id=\"642cca3\" data-element_type=\"widget\" data-e-type=\"widget\" data-settings=\"{&quot;_animation&quot;:&quot;none&quot;}\" data-widget_type=\"image.default\">\n\t\t\t\t<div class=\"elementor-widget-container\">\n\t\t\t\t\t\t\t\t\t\t\t\t\t\t\t<img fetchpriority=\"high\" decoding=\"async\" width=\"1024\" height=\"512\" src=\"https:\/\/rib-lofoten.com\/wp-content\/uploads\/2022\/09\/9e-rib-adventure-in-lofoten_10_10959-1024x512.jpg\" class=\"attachment-large size-large wp-image-2298\" alt=\"Paseos en barco en Lofoten\" srcset=\"https:\/\/rib-lofoten.com\/wp-content\/uploads\/2022\/09\/9e-rib-adventure-in-lofoten_10_10959-1024x512.jpg.webp 1024w, https:\/\/rib-lofoten.com\/wp-content\/uploads\/2022\/09\/9e-rib-adventure-in-lofoten_10_10959-300x150.jpg.webp 300w, https:\/\/rib-lofoten.com\/wp-content\/uploads\/2022\/09\/9e-rib-adventure-in-lofoten_10_10959-768x384.jpg.webp 768w, https:\/\/rib-lofoten.com\/wp-content\/uploads\/2022\/09\/9e-rib-adventure-in-lofoten_10_10959-1536x768.jpg.webp 1536w, https:\/\/rib-lofoten.com\/wp-content\/uploads\/2022\/09\/9e-rib-adventure-in-lofoten_10_10959-18x9.jpg.webp 18w, https:\/\/rib-lofoten.com\/wp-content\/uploads\/2022\/09\/9e-rib-adventure-in-lofoten_10_10959.jpg 1900w\" sizes=\"(max-width: 1024px) 100vw, 1024px\" title=\"\">\t\t\t\t\t\t\t\t\t\t\t\t\t\t\t<\/div>\n\t\t\t\t<\/div>\n\t\t\t\t\t<\/div>\n\t\t<\/div>\n\t\t\t\t<div class=\"elementor-column elementor-col-50 elementor-top-column elementor-element elementor-element-5be41cd\" data-id=\"5be41cd\" data-element_type=\"column\" data-e-type=\"column\">\n\t\t\t<div class=\"elementor-widget-wrap elementor-element-populated\">\n\t\t\t\t\t\t<div class=\"elementor-element elementor-element-bffd417 elementor-widget elementor-widget-heading\" data-id=\"bffd417\" data-element_type=\"widget\" data-e-type=\"widget\" data-widget_type=\"heading.default\">\n\t\t\t\t<div class=\"elementor-widget-container\">\n\t\t\t\t\t<h2 class=\"elementor-heading-title elementor-size-default\">NUESTRA HISTORIA<\/h2>\t\t\t\t<\/div>\n\t\t\t\t<\/div>\n\t\t\t\t<div class=\"elementor-element elementor-element-3af5735 elementor-widget elementor-widget-text-editor\" data-id=\"3af5735\" data-element_type=\"widget\" data-e-type=\"widget\" data-widget_type=\"text-editor.default\">\n\t\t\t\t<div class=\"elementor-widget-container\">\n\t\t\t\t\t\t\t\t\t<p>RIB Lofoten fue fundada en 2008 por Roar y Hans Egil para ofrecer viajes RIB y ch\u00e1rters por todas las islas Lofoten y Nordland.<\/p><p>El turismo en Lofoten ha crecido constantemente en los \u00faltimos a\u00f1os y ahora cuenta con m\u00e1s de 1 mill\u00f3n de visitas cada a\u00f1o.<\/p><p>Fuimos uno de los primeros proveedores aqu\u00ed en Svolv\u00e6r en comenzar a mover personas con nuestros barcos y somos una de las principales empresas de lanchas en la regi\u00f3n.<\/p>\t\t\t\t\t\t\t\t<\/div>\n\t\t\t\t<\/div>\n\t\t\t\t\t<\/div>\n\t\t<\/div>\n\t\t\t\t\t<\/div>\n\t\t<\/section>\n\t\t\t\t<section class=\"elementor-section elementor-top-section elementor-element elementor-element-b0ec0c7 elementor-section-boxed elementor-section-height-default elementor-section-height-default\" data-id=\"b0ec0c7\" data-element_type=\"section\" data-e-type=\"section\">\n\t\t\t\t\t\t<div class=\"elementor-container elementor-column-gap-default\">\n\t\t\t\t\t<div class=\"elementor-column elementor-col-50 elementor-top-column elementor-element elementor-element-6cae5ad\" data-id=\"6cae5ad\" data-element_type=\"column\" data-e-type=\"column\">\n\t\t\t<div class=\"elementor-widget-wrap elementor-element-populated\">\n\t\t\t\t\t\t<div class=\"elementor-element elementor-element-fdcfae4 elementor-widget elementor-widget-heading\" data-id=\"fdcfae4\" data-element_type=\"widget\" data-e-type=\"widget\" data-widget_type=\"heading.default\">\n\t\t\t\t<div class=\"elementor-widget-container\">\n\t\t\t\t\t<h2 class=\"elementor-heading-title elementor-size-default\">NUESTRA FILOSOFIA<\/h2>\t\t\t\t<\/div>\n\t\t\t\t<\/div>\n\t\t\t\t<div class=\"elementor-element elementor-element-18775f1 elementor-widget elementor-widget-text-editor\" data-id=\"18775f1\" data-element_type=\"widget\" data-e-type=\"widget\" data-widget_type=\"text-editor.default\">\n\t\t\t\t<div class=\"elementor-widget-container\">\n\t\t\t\t\t\t\t\t\t<p>Siempre nos enfocamos en que est\u00e9s satisfecho, por lo que cada recorrido con nosotros es \u00fanico y personalizado.<br \/>Por supuesto, no siempre es posible adaptarlo al 100% para cada persona a bordo, pero siempre tratamos de escuchar a nuestros clientes para poder entregar un producto que coincida con sus necesidades y deseos.<\/p><p>As\u00ed que no tengas miedo: tampoco queremos aburrirte con demasiada informaci\u00f3n que solo te arruinar\u00e1 tu experiencia, o conducir a toda velocidad todo el tiempo y dejar que te pierdas todo los paisajes incre\u00edble que el lugar tiene para ofrecer.<\/p><p>Siempre tratamos de mantener un equilibrio entre turismo, conocimiento y emoci\u00f3n porque creemos que una combinaci\u00f3n equilibrada de estos tres elementos es lo que le brindar\u00e1 el mejor entretenimiento.<\/p><p>Tambi\u00e9n nos preocupamos por el medio ambiente, por eso hemos instalado nuevos motores de bajas emisiones en todos nuestros barcos e incluso dos de nuestros motores cuentan con un filtro que recoge micropl\u00e1stico del mar.<\/p><p>Nuestros motores de gasolina utilizan mucho menos combustible por persona y contaminan mucho menos que los motores di\u00e9sel que utilizan los grandes barcos.\u00a0<\/p>\t\t\t\t\t\t\t\t<\/div>\n\t\t\t\t<\/div>\n\t\t\t\t\t<\/div>\n\t\t<\/div>\n\t\t\t\t<div class=\"elementor-column elementor-col-50 elementor-top-column elementor-element elementor-element-5410bf6\" data-id=\"5410bf6\" data-element_type=\"column\" data-e-type=\"column\">\n\t\t\t<div class=\"elementor-widget-wrap elementor-element-populated\">\n\t\t\t\t\t\t<div class=\"elementor-element elementor-element-48a4973 elementor-hidden-mobile elementor-hidden-tablet elementor-widget elementor-widget-image\" data-id=\"48a4973\" data-element_type=\"widget\" data-e-type=\"widget\" data-widget_type=\"image.default\">\n\t\t\t\t<div class=\"elementor-widget-container\">\n\t\t\t\t\t\t\t\t\t\t\t\t\t\t\t<img decoding=\"async\" width=\"885\" height=\"584\" src=\"https:\/\/rib-lofoten.com\/wp-content\/uploads\/2022\/08\/Untitled4.png\" class=\"attachment-large size-large wp-image-1503\" alt=\"\" srcset=\"https:\/\/rib-lofoten.com\/wp-content\/uploads\/2022\/08\/Untitled4.png.webp 885w, https:\/\/rib-lofoten.com\/wp-content\/uploads\/2022\/08\/Untitled4-300x198.png.webp 300w, https:\/\/rib-lofoten.com\/wp-content\/uploads\/2022\/08\/Untitled4-768x507.png.webp 768w\" sizes=\"(max-width: 885px) 100vw, 885px\" title=\"\">\t\t\t\t\t\t\t\t\t\t\t\t\t\t\t<\/div>\n\t\t\t\t<\/div>\n\t\t\t\t<div class=\"elementor-element elementor-element-1f4923e elementor-widget elementor-widget-image\" data-id=\"1f4923e\" data-element_type=\"widget\" data-e-type=\"widget\" data-widget_type=\"image.default\">\n\t\t\t\t<div class=\"elementor-widget-container\">\n\t\t\t\t\t\t\t\t\t\t\t\t\t\t\t<img decoding=\"async\" width=\"1024\" height=\"683\" src=\"https:\/\/rib-lofoten.com\/wp-content\/uploads\/2018\/11\/RIB-lofoten-forside-1024x683.jpg\" class=\"attachment-large size-large wp-image-115\" alt=\"Aguilas marinas crucero en el Trollfjord\" srcset=\"https:\/\/rib-lofoten.com\/wp-content\/uploads\/2018\/11\/RIB-lofoten-forside-1024x683.jpg.webp 1024w, https:\/\/rib-lofoten.com\/wp-content\/uploads\/2018\/11\/RIB-lofoten-forside-300x200.jpg.webp 300w, https:\/\/rib-lofoten.com\/wp-content\/uploads\/2018\/11\/RIB-lofoten-forside-768x512.jpg.webp 768w, https:\/\/rib-lofoten.com\/wp-content\/uploads\/2018\/11\/RIB-lofoten-forside.jpg.webp 1920w\" sizes=\"(max-width: 1024px) 100vw, 1024px\" title=\"\">\t\t\t\t\t\t\t\t\t\t\t\t\t\t\t<\/div>\n\t\t\t\t<\/div>\n\t\t\t\t\t<\/div>\n\t\t<\/div>\n\t\t\t\t\t<\/div>\n\t\t<\/section>\n\t\t\t\t<section class=\"elementor-section elementor-top-section elementor-element elementor-element-2860397 elementor-reverse-mobile elementor-reverse-tablet elementor-section-boxed elementor-section-height-default elementor-section-height-default\" data-id=\"2860397\" data-element_type=\"section\" data-e-type=\"section\">\n\t\t\t\t\t\t<div class=\"elementor-container elementor-column-gap-default\">\n\t\t\t\t\t<div class=\"elementor-column elementor-col-50 elementor-top-column elementor-element elementor-element-7b1a48c\" data-id=\"7b1a48c\" data-element_type=\"column\" data-e-type=\"column\">\n\t\t\t<div class=\"elementor-widget-wrap elementor-element-populated\">\n\t\t\t\t\t\t<div class=\"elementor-element elementor-element-a1953de elementor-widget elementor-widget-image\" data-id=\"a1953de\" data-element_type=\"widget\" data-e-type=\"widget\" data-widget_type=\"image.default\">\n\t\t\t\t<div class=\"elementor-widget-container\">\n\t\t\t\t\t\t\t\t\t\t\t\t\t\t\t<img decoding=\"async\" width=\"885\" height=\"584\" src=\"https:\/\/rib-lofoten.com\/wp-content\/uploads\/2022\/08\/Untitled4.png\" class=\"attachment-large size-large wp-image-1503\" alt=\"\" srcset=\"https:\/\/rib-lofoten.com\/wp-content\/uploads\/2022\/08\/Untitled4.png.webp 885w, https:\/\/rib-lofoten.com\/wp-content\/uploads\/2022\/08\/Untitled4-300x198.png.webp 300w, https:\/\/rib-lofoten.com\/wp-content\/uploads\/2022\/08\/Untitled4-768x507.png.webp 768w\" sizes=\"(max-width: 885px) 100vw, 885px\" title=\"\">\t\t\t\t\t\t\t\t\t\t\t\t\t\t\t<\/div>\n\t\t\t\t<\/div>\n\t\t\t\t<div class=\"elementor-element elementor-element-3be0e7f elementor-hidden-mobile elementor-hidden-tablet elementor-widget elementor-widget-image\" data-id=\"3be0e7f\" data-element_type=\"widget\" data-e-type=\"widget\" data-widget_type=\"image.default\">\n\t\t\t\t<div class=\"elementor-widget-container\">\n\t\t\t\t\t\t\t\t\t\t\t\t\t\t\t<img loading=\"lazy\" decoding=\"async\" width=\"1024\" height=\"590\" src=\"https:\/\/rib-lofoten.com\/wp-content\/uploads\/2022\/08\/DSC_7048-1024x590.jpg\" class=\"attachment-large size-large wp-image-1507\" alt=\"\" srcset=\"https:\/\/rib-lofoten.com\/wp-content\/uploads\/2022\/08\/DSC_7048-1024x590.jpg 1024w, https:\/\/rib-lofoten.com\/wp-content\/uploads\/2022\/08\/DSC_7048-300x173.jpg.webp 300w, https:\/\/rib-lofoten.com\/wp-content\/uploads\/2022\/08\/DSC_7048-768x442.jpg 768w, https:\/\/rib-lofoten.com\/wp-content\/uploads\/2022\/08\/DSC_7048-1536x885.jpg 1536w, https:\/\/rib-lofoten.com\/wp-content\/uploads\/2022\/08\/DSC_7048-2048x1180.jpg.webp 2048w\" sizes=\"(max-width: 1024px) 100vw, 1024px\" title=\"\">\t\t\t\t\t\t\t\t\t\t\t\t\t\t\t<\/div>\n\t\t\t\t<\/div>\n\t\t\t\t\t<\/div>\n\t\t<\/div>\n\t\t\t\t<div class=\"elementor-column elementor-col-50 elementor-top-column elementor-element elementor-element-08e07fa\" data-id=\"08e07fa\" data-element_type=\"column\" data-e-type=\"column\">\n\t\t\t<div class=\"elementor-widget-wrap elementor-element-populated\">\n\t\t\t\t\t\t<div class=\"elementor-element elementor-element-a1179b0 elementor-widget elementor-widget-heading\" data-id=\"a1179b0\" data-element_type=\"widget\" data-e-type=\"widget\" data-widget_type=\"heading.default\">\n\t\t\t\t<div class=\"elementor-widget-container\">\n\t\t\t\t\t<h2 class=\"elementor-heading-title elementor-size-default\">NUESTRO PRODUCTO<\/h2>\t\t\t\t<\/div>\n\t\t\t\t<\/div>\n\t\t\t\t<div class=\"elementor-element elementor-element-bc2c302 elementor-widget elementor-widget-text-editor\" data-id=\"bc2c302\" data-element_type=\"widget\" data-e-type=\"widget\" data-widget_type=\"text-editor.default\">\n\t\t\t\t<div class=\"elementor-widget-container\">\n\t\t\t\t\t\t\t\t\t<p>Creemos que ofrecemos el mejor producto en el mercado en este momento y nos sentimos muy orgullosos cuando Hurtigruten Group nos eligi\u00f3 para representarlos como su proveedor oficial tanto en las islas Lofoten como en Vester\u00e5len.<br \/>Esto significa que cada vez que tienen un barco en el puerto, todos nuestros barcos est\u00e1n a su disposici\u00f3n.<\/p><p>Nos sentimos muy afortunados aqu\u00ed en Lofoten porque la incre\u00edble naturaleza y la vida silvestre casi crean nuestro producto por s\u00ed mismos, pero lo complementamos con informaci\u00f3n educativa y divertida que te mantendr\u00e1 entretenido durante la duraci\u00f3n del viaje.<\/p><p>Gracias al peque\u00f1o tama\u00f1o de nuestras embarcaciones, podr\u00e1s disfrutar de cerca de la gran fauna que ofrece la regi\u00f3n.<br \/>Pr\u00e1cticamente podemos garantizar \u00e1guilas marinas, pero nutrias, focas, frailecillos, marsopas, orcas y ballenas tambi\u00e9n son una posibilidad. Sin embargo, no podemos prometer esto, ya que tambi\u00e9n depende de la temporada.<\/p><p>Y gracias a la velocidad de nuestros barcos, podemos cubrir un \u00e1rea mucho m\u00e1s grande el en mismo tiempo en comparaci\u00f3n con un barco m\u00e0as grande, por lo que tambi\u00e9n podr\u00e1s experimentar mucho m\u00e1s por el mismo precio.<\/p>\t\t\t\t\t\t\t\t<\/div>\n\t\t\t\t<\/div>\n\t\t\t\t\t<\/div>\n\t\t<\/div>\n\t\t\t\t\t<\/div>\n\t\t<\/section>\n\t\t\t\t<section class=\"elementor-section elementor-top-section elementor-element elementor-element-3ab0f7e elementor-section-boxed elementor-section-height-default elementor-section-height-default\" data-id=\"3ab0f7e\" data-element_type=\"section\" data-e-type=\"section\">\n\t\t\t\t\t\t<div class=\"elementor-container elementor-column-gap-default\">\n\t\t\t\t\t<div class=\"elementor-column elementor-col-50 elementor-top-column elementor-element elementor-element-61c713e\" data-id=\"61c713e\" data-element_type=\"column\" data-e-type=\"column\">\n\t\t\t<div class=\"elementor-widget-wrap elementor-element-populated\">\n\t\t\t\t\t\t<div class=\"elementor-element elementor-element-e7d6f77 elementor-widget elementor-widget-heading\" data-id=\"e7d6f77\" data-element_type=\"widget\" data-e-type=\"widget\" data-widget_type=\"heading.default\">\n\t\t\t\t<div class=\"elementor-widget-container\">\n\t\t\t\t\t<h2 class=\"elementor-heading-title elementor-size-default\">NUESTROS BARCOS<\/h2>\t\t\t\t<\/div>\n\t\t\t\t<\/div>\n\t\t\t\t<div class=\"elementor-element elementor-element-79816ff elementor-widget elementor-widget-text-editor\" data-id=\"79816ff\" data-element_type=\"widget\" data-e-type=\"widget\" data-widget_type=\"text-editor.default\">\n\t\t\t\t<div class=\"elementor-widget-container\">\n\t\t\t\t\t\t\t\t\t<p>Nuestra flota consta de 4 modernas lanchas (RIB) y movemos entre 2.500 y 3.500 personas cada a\u00f1o, tanto en verano como en invierno, a diferencia de la mayor\u00eda de otros proveedores que solo trabajan en verano.<\/p><p>Todos nuestros RIB est\u00e1n equipados con 2 potentes motores Suzuki de 300 cv (para un total de 600 cv) que hacen que nuestros barcos sean r\u00e1pidos y fiables, pero, por supuesto, ajustamos la velocidad de acuerdo con las condiciones clim\u00e1ticas y la altura de las olas. Nuestro objetivo es brindar a todos un viaje c\u00f3modo en todos las condiciones climaticas.<\/p><p>Cada barco puede llevar a bordo un total de 12 pasajeros m\u00e0s el patr\u00f2n.<\/p>\t\t\t\t\t\t\t\t<\/div>\n\t\t\t\t<\/div>\n\t\t\t\t\t<\/div>\n\t\t<\/div>\n\t\t\t\t<div class=\"elementor-column elementor-col-50 elementor-top-column elementor-element elementor-element-82e9203\" data-id=\"82e9203\" data-element_type=\"column\" data-e-type=\"column\">\n\t\t\t<div class=\"elementor-widget-wrap elementor-element-populated\">\n\t\t\t\t\t\t<div class=\"elementor-element elementor-element-641c3d3 elementor-widget elementor-widget-image\" data-id=\"641c3d3\" data-element_type=\"widget\" data-e-type=\"widget\" data-widget_type=\"image.default\">\n\t\t\t\t<div class=\"elementor-widget-container\">\n\t\t\t\t\t\t\t\t\t\t\t\t\t\t\t<img loading=\"lazy\" decoding=\"async\" width=\"1024\" height=\"577\" src=\"https:\/\/rib-lofoten.com\/wp-content\/uploads\/2022\/08\/70824409_128760158491423_2916691477302083584_n-1024x577.jpg\" class=\"attachment-large size-large wp-image-1477\" alt=\"\" srcset=\"https:\/\/rib-lofoten.com\/wp-content\/uploads\/2022\/08\/70824409_128760158491423_2916691477302083584_n-1024x577.jpg.webp 1024w, https:\/\/rib-lofoten.com\/wp-content\/uploads\/2022\/08\/70824409_128760158491423_2916691477302083584_n-300x169.jpg.webp 300w, https:\/\/rib-lofoten.com\/wp-content\/uploads\/2022\/08\/70824409_128760158491423_2916691477302083584_n-768x432.jpg.webp 768w, https:\/\/rib-lofoten.com\/wp-content\/uploads\/2022\/08\/70824409_128760158491423_2916691477302083584_n-1536x865.jpg.webp 1536w, https:\/\/rib-lofoten.com\/wp-content\/uploads\/2022\/08\/70824409_128760158491423_2916691477302083584_n.jpg 2048w\" sizes=\"(max-width: 1024px) 100vw, 1024px\" title=\"\">\t\t\t\t\t\t\t\t\t\t\t\t\t\t\t<\/div>\n\t\t\t\t<\/div>\n\t\t\t\t\t<\/div>\n\t\t<\/div>\n\t\t\t\t\t<\/div>\n\t\t<\/section>\n\t\t\t\t<\/div>","protected":false},"excerpt":{"rendered":"<p>hvem vi erLitt kort og morsom informasjon for \u00e5 bli litt bedre kjent med oss V\u00c5R HISTORIE RIB Lofoten ble grunnlagt i 2008 av Roar og Hans Egil for \u00e5 tilby RIB-turer og charterturer over hele Lofoten og Nordland. Reiselivet i Lofoten har vokst jevnt og trutt de siste \u00e5rene og st\u00e5r n\u00e5 for mer [&hellip;]<\/p>\n","protected":false},"author":6,"featured_media":0,"parent":0,"menu_order":0,"comment_status":"closed","ping_status":"closed","template":"","meta":{"inline_featured_image":false,"site-sidebar-layout":"no-sidebar","site-content-layout":"page-builder","ast-site-content-layout":"default","site-content-style":"default","site-sidebar-style":"default","ast-global-header-display":"","ast-banner-title-visibility":"","ast-main-header-display":"","ast-hfb-above-header-display":"","ast-hfb-below-header-display":"","ast-hfb-mobile-header-display":"","site-post-title":"disabled","ast-breadcrumbs-content":"","ast-featured-img":"disabled","footer-sml-layout":"","ast-disable-related-posts":"","theme-transparent-header-meta":"default","adv-header-id-meta":"","stick-header-meta":"","header-above-stick-meta":"","header-main-stick-meta":"","header-below-stick-meta":"","astra-migrate-meta-layouts":"default","ast-page-background-enabled":"default","ast-page-background-meta":{"desktop":{"background-color":"","background-image":"","background-repeat":"repeat","background-position":"center center","background-size":"auto","background-attachment":"scroll","background-type":"","background-media":"","overlay-type":"","overlay-color":"","overlay-opacity":"","overlay-gradient":""},"tablet":{"background-color":"","background-image":"","background-repeat":"repeat","background-position":"center center","background-size":"auto","background-attachment":"scroll","background-type":"","background-media":"","overlay-type":"","overlay-color":"","overlay-opacity":"","overlay-gradient":""},"mobile":{"background-color":"","background-image":"","background-repeat":"repeat","background-position":"center center","background-size":"auto","background-attachment":"scroll","background-type":"","background-media":"","overlay-type":"","overlay-color":"","overlay-opacity":"","overlay-gradient":""}},"ast-content-background-meta":{"desktop":{"background-color":"var(--ast-global-color-5)","background-image":"","background-repeat":"repeat","background-position":"center center","background-size":"auto","background-attachment":"scroll","background-type":"","background-media":"","overlay-type":"","overlay-color":"","overlay-opacity":"","overlay-gradient":""},"tablet":{"background-color":"var(--ast-global-color-5)","background-image":"","background-repeat":"repeat","background-position":"center center","background-size":"auto","background-attachment":"scroll","background-type":"","background-media":"","overlay-type":"","overlay-color":"","overlay-opacity":"","overlay-gradient":""},"mobile":{"background-color":"var(--ast-global-color-5)","background-image":"","background-repeat":"repeat","background-position":"center center","background-size":"auto","background-attachment":"scroll","background-type":"","background-media":"","overlay-type":"","overlay-color":"","overlay-opacity":"","overlay-gradient":""}},"footnotes":""},"class_list":["post-1520","page","type-page","status-publish","hentry"],"_links":{"self":[{"href":"https:\/\/rib-lofoten.com\/es\/wp-json\/wp\/v2\/pages\/1520","targetHints":{"allow":["GET"]}}],"collection":[{"href":"https:\/\/rib-lofoten.com\/es\/wp-json\/wp\/v2\/pages"}],"about":[{"href":"https:\/\/rib-lofoten.com\/es\/wp-json\/wp\/v2\/types\/page"}],"author":[{"embeddable":true,"href":"https:\/\/rib-lofoten.com\/es\/wp-json\/wp\/v2\/users\/6"}],"replies":[{"embeddable":true,"href":"https:\/\/rib-lofoten.com\/es\/wp-json\/wp\/v2\/comments?post=1520"}],"version-history":[{"count":10,"href":"https:\/\/rib-lofoten.com\/es\/wp-json\/wp\/v2\/pages\/1520\/revisions"}],"predecessor-version":[{"id":5061,"href":"https:\/\/rib-lofoten.com\/es\/wp-json\/wp\/v2\/pages\/1520\/revisions\/5061"}],"wp:attachment":[{"href":"https:\/\/rib-lofoten.com\/es\/wp-json\/wp\/v2\/media?parent=1520"}],"curies":[{"name":"wp","href":"https:\/\/api.w.org\/{rel}","templated":true}]}}