{"id":194,"date":"2018-11-28T12:05:43","date_gmt":"2018-11-28T11:05:43","guid":{"rendered":"http:\/\/185.7.63.197\/~riblofoten\/?page_id=194"},"modified":"2023-05-16T12:10:11","modified_gmt":"2023-05-16T11:10:11","slug":"personvernerklaering-gdpr","status":"publish","type":"page","link":"https:\/\/rib-lofoten.com\/es\/personvernerklaering-gdpr\/","title":{"rendered":"Personvernerkl\u00e6ring GDPR"},"content":{"rendered":"<h3>Google Analytics<\/h3>\n<div class=\"modules\">\n<p>Vi benytter analyseverkt\u00f8yet Google Analytics for \u00e5 studere trafikk, bruksm\u00f8nstre og trender p\u00e5 dette nettstedet. Dataene som samles inn brukes for \u00e5 optimalisere brukeropplevelsen og tilpasse innholdet p\u00e5 nettsiden. I henhold til Googles retningslinjer for bruk av Google Analytics samles det ikke inn personlig informasjon om deg som bruker. Dataene som samles inn lagres p\u00e5 Googles servere.<\/p>\n<p>&nbsp;<\/p>\n<h3>Google Tag Manager<\/h3>\n<p>H\u00e5ndterer sporingskoder og refererer til sporingsoppsett og tracking til 3.partsl\u00f8sninger som Universal Analytics (Google Analytics). Alt av sporingskoder kj\u00f8res og h\u00e5ndteres via Google Tag Manager<\/p>\n<p>Hva lagres: Dine bevegelser p\u00e5 dette nettstedet. All data er anonymisert og vi lagrer ingen sensitiv informasjon. Brukes til optimalisering av nettsiden og tjenester.<\/p>\n<p>&nbsp;<\/p>\n<\/div>\n<div id=\"listAll\">\n<div id=\"text_000\" class=\"modules\"><\/div>\n<div id=\"text_94\" class=\"modules\">\n<h3>SSL<\/h3>\n<p>Denne nettsiden har installert et SSL-sertifikat. Dette er et digitalt sertifikat som beviser at nettstedet er ekte. Det vil si at dette nettstedet er den det utgir seg for \u00e5 v\u00e6re, og ikke et \u00ablure-nettsted\u00bb som pr\u00f8ver \u00e5 utgi seg for \u00e5 v\u00e6re noen andre.<\/p>\n<p><strong>Hva er SSL<\/strong><\/p>\n<p>SSL st\u00e5r for\u00a0<em>Secure Sockets Layer, og<\/em>\u00a0sikrer\u00a0at all kommunikasjon mellom din\u00a0brukermaskin\u00a0(ref.1) og denne nettsiden er\u00a0kryptert\u00a0(ref.4)<\/p>\n<p><strong>SSL over HTTPS<\/strong><\/p>\n<p>Dette nettstedet er beskyttet via SSL over HTTPS, noe som gj\u00f8r det n\u00e6rmest umulig for uvedkommende \u00e5 snappe opp sensitiv informasjon som for eksempel et brukernavn, passord, eller informasjon sendt inn via et kontaktskjema.<\/p>\n<p><strong>Et SSL-sertifikat inneholder vanligvis:<\/strong><br \/>\n\u2013 Identiteten til den eller det som sertifikatet skal identifisere<br \/>\n\u2013 En gyldighetsperiode<br \/>\n\u2013 Et l\u00f8penummer som identifiserer sertifikatet unikt<br \/>\n\u2013 Hvilket anvendelsesomr\u00e5de sertifikatet er utstedt for<br \/>\n\u2013 En \u00aboffentlig n\u00f8kkel\u00bb<br \/>\n\u2013 Hele sertifikatet er digitalt signert av en utsteder som bekrefter sertifikatets gyldighet.<\/p>\n<p>Mer info om SSL:\u00a0<a href=\"https:\/\/promonorge.no\/hva-er-ssl-og-ssl-sertifikat\/\" target=\"_blank\" rel=\"noopener\">https:\/\/promonorge.no\/hva-er-ssl-og-ssl-sertifikat\/\u00a0<\/a><\/p>\n<\/div>\n<div id=\"text_78\" class=\"modules\">\n<h3>INFORMASJONSKAPSLER<\/h3>\n<p>Denne nettsiden benytter seg av informasjonskapsler (cookies). Hensikten med informasjonskapslene er \u00e5 gi deg som bruker en best mulig brukeropplevelse.\u00a0Norsk lov, ekomloven fra 1. juli 2013, gj\u00f8r at vi er pliktige til \u00e5 gi v\u00e5re bes\u00f8kende informasjon om hvilke informasjonskapsler vi benytter.<\/p>\n<p>Informasjonskapslene har til hensikt \u00e5 tilf\u00f8re informasjon til v\u00e5re analyseverkt\u00f8y, Google Analytics, for at vi p\u00e5 den m\u00e5ten kan se hvordan v\u00e5re nettsider blir brukt.<\/p>\n<p>I tillegg tilf\u00f8res det informasjon til v\u00e5rt publiseringssystem, WordPress.<\/p>\n<p>For nettsider som har flere spr\u00e5k lagres ditt valgte spr\u00e5k i nettleseren slik at du f\u00e5r samme spr\u00e5k presentert gjennom hele ditt bes\u00f8k p\u00e5 denne nettsiden.<\/p>\n<p>For registrerte brukere s\u00e5 bruker vi informasjonskapsler for \u00e5 huske at du er innlogget, samt huske dine preferanser slik som sist brukte teksteditor osv.<\/p>\n<p>Ved \u00e5 g\u00e5 inn p\u00e5 nettstedet samtykker du til at det lagres informasjonskapsler i din nettleser. Dersom du ikke \u00f8nsker at det skal lagres informasjonskapsler, kan du endre innstillingene i nettleseren. Du kan ogs\u00e5 slette informasjonskapsler som allerede er lagret. Dersom du velger \u00e5 slette eller deaktivere funksjonen for informasjonskapsler kan du oppleve redusert funksjonalitet p\u00e5 enkelte nettsteder.<\/p>\n<p><a href=\"https:\/\/nettvett.no\/slik-administrer-du-informasjonskapsler\/\" target=\"_blank\" rel=\"noopener\">Slik deaktiverer du informasjonskapsler i din nettleser<\/a><\/p>\n<p>Om du har ytterligere sp\u00f8rsm\u00e5l rundt informasjonskapsler, kan du ta kontakt med v\u00e5r\u00a0<strong><a href=\"https:\/\/www.promonorge.no\/\" target=\"_blank\" rel=\"noopener\">V\u00e5r nettsideleverand\u00f8r<\/a><\/strong><\/p>\n<\/div>\n<div id=\"text_115\" class=\"modules\">\n<h3>DEFINISJONER<\/h3>\n<ol>\n<li><strong>Brukermaskin:<\/strong>\u00a0er definisjonen p\u00e5 en<strong>\u00a0<\/strong>datamaskin, mobiltelefon, nettbrett, eller annen enhet som helt eller delvis kan kommunisere med en\u00a0tjenermaskin\u00a0(ref.2<em>)<\/em>\u00a0via internett.<\/li>\n<li><strong>Tjenermaskin:<\/strong>\u00a0er definisjonen p\u00e5 en\u00a0webserver, nettside eller annen enhet som en eller flere\u00a0brukermaskiner (ref.1)\u00a0kan kommunisere med over internett.<\/li>\n<li><strong>Nettleser:<\/strong>\u00a0er definisjonen p\u00e5 nettleseren eller applikasjonen p\u00e5 f.eks. en: datamaskin, mobiltelefon, nettbrett, eller andre enheter som helt eller delvis kan vise innholdet p\u00e5 en nettside.<\/li>\n<li><strong>Kryptering:\u00a0<\/strong>\u00abKryptering\u00a0er det \u00e5 omforme data slik at\u00a0informasjonen\u00a0den inneholder ikke uten videre kan leses av en utenforst\u00e5ende tredjepart.\u00bb\u00a0<em>( Kilde:\u00a0<a href=\"https:\/\/nn.wikipedia.org\/wiki\/Kryptering\" target=\"_blank\" rel=\"noopener\">Wikipedia<\/a>\u00a0)<\/em><\/li>\n<li><strong>Ekstern tjeneste:\u00a0<\/strong>er tjenester som tilbys via eksterne leverand\u00f8rer. Der data data blir hentet automatisk, enten ved faste intervaller eller n\u00e5r\u00a0Brukeren (ref.6)\u00a0laster inn nettsiden.<\/li>\n<li><strong>Brukeren:<\/strong>\u00a0er den personen som opererer\u00a0Brukermaskinen (ref.1)<\/li>\n<li><strong>Cookies:<\/strong>\u00a0Informasjonskapsel.<\/li>\n<li><strong>Mellomlagring \/\u00a0 Caching:<\/strong>\u00a0er en metode for \u00e5 redusere ressursbruken p\u00e5 webserveren. informasjon fra en\u00a0ekstern tjeneste (ref.5)\u00a0blir hentet ved et visst intervall, og lagret i en tekstfil p\u00e5 webserveren slik at den er klar n\u00e5r\u00a0Brukeren (ref.6)\u00a0\u00e5pner nettsiden.<\/li>\n<\/ol>\n<\/div>\n<\/div>\n<h2><\/h2>\n<h3><\/h3>","protected":false},"excerpt":{"rendered":"<p>Google Analytics Vi benytter analyseverkt\u00f8yet Google Analytics for \u00e5 studere trafikk, bruksm\u00f8nstre og trender p\u00e5 dette nettstedet. Dataene som samles inn brukes for \u00e5 optimalisere brukeropplevelsen og tilpasse innholdet p\u00e5 nettsiden. I henhold til Googles retningslinjer for bruk av Google Analytics samles det ikke inn personlig informasjon om deg som bruker. Dataene som samles inn [&hellip;]<\/p>\n","protected":false},"author":2,"featured_media":0,"parent":0,"menu_order":0,"comment_status":"closed","ping_status":"closed","template":"","meta":{"inline_featured_image":false,"site-sidebar-layout":"no-sidebar","site-content-layout":"plain-container","ast-site-content-layout":"default","site-content-style":"default","site-sidebar-style":"default","ast-global-header-display":"","ast-banner-title-visibility":"","ast-main-header-display":"","ast-hfb-above-header-display":"","ast-hfb-below-header-display":"","ast-hfb-mobile-header-display":"","site-post-title":"","ast-breadcrumbs-content":"","ast-featured-img":"","footer-sml-layout":"","ast-disable-related-posts":"","theme-transparent-header-meta":"default","adv-header-id-meta":"","stick-header-meta":"","header-above-stick-meta":"","header-main-stick-meta":"","header-below-stick-meta":"","astra-migrate-meta-layouts":"default","ast-page-background-enabled":"default","ast-page-background-meta":{"desktop":{"background-color":"","background-image":"","background-repeat":"repeat","background-position":"center center","background-size":"auto","background-attachment":"scroll","background-type":"","background-media":"","overlay-type":"","overlay-color":"","overlay-opacity":"","overlay-gradient":""},"tablet":{"background-color":"","background-image":"","background-repeat":"repeat","background-position":"center center","background-size":"auto","background-attachment":"scroll","background-type":"","background-media":"","overlay-type":"","overlay-color":"","overlay-opacity":"","overlay-gradient":""},"mobile":{"background-color":"","background-image":"","background-repeat":"repeat","background-position":"center center","background-size":"auto","background-attachment":"scroll","background-type":"","background-media":"","overlay-type":"","overlay-color":"","overlay-opacity":"","overlay-gradient":""}},"ast-content-background-meta":{"desktop":{"background-color":"var(--ast-global-color-5)","background-image":"","background-repeat":"repeat","background-position":"center center","background-size":"auto","background-attachment":"scroll","background-type":"","background-media":"","overlay-type":"","overlay-color":"","overlay-opacity":"","overlay-gradient":""},"tablet":{"background-color":"var(--ast-global-color-5)","background-image":"","background-repeat":"repeat","background-position":"center center","background-size":"auto","background-attachment":"scroll","background-type":"","background-media":"","overlay-type":"","overlay-color":"","overlay-opacity":"","overlay-gradient":""},"mobile":{"background-color":"var(--ast-global-color-5)","background-image":"","background-repeat":"repeat","background-position":"center center","background-size":"auto","background-attachment":"scroll","background-type":"","background-media":"","overlay-type":"","overlay-color":"","overlay-opacity":"","overlay-gradient":""}},"footnotes":""},"class_list":["post-194","page","type-page","status-publish","hentry"],"_links":{"self":[{"href":"https:\/\/rib-lofoten.com\/es\/wp-json\/wp\/v2\/pages\/194","targetHints":{"allow":["GET"]}}],"collection":[{"href":"https:\/\/rib-lofoten.com\/es\/wp-json\/wp\/v2\/pages"}],"about":[{"href":"https:\/\/rib-lofoten.com\/es\/wp-json\/wp\/v2\/types\/page"}],"author":[{"embeddable":true,"href":"https:\/\/rib-lofoten.com\/es\/wp-json\/wp\/v2\/users\/2"}],"replies":[{"embeddable":true,"href":"https:\/\/rib-lofoten.com\/es\/wp-json\/wp\/v2\/comments?post=194"}],"version-history":[{"count":0,"href":"https:\/\/rib-lofoten.com\/es\/wp-json\/wp\/v2\/pages\/194\/revisions"}],"wp:attachment":[{"href":"https:\/\/rib-lofoten.com\/es\/wp-json\/wp\/v2\/media?parent=194"}],"curies":[{"name":"wp","href":"https:\/\/api.w.org\/{rel}","templated":true}]}}