{"id":1520,"date":"2022-08-22T12:30:35","date_gmt":"2022-08-22T11:30:35","guid":{"rendered":"https:\/\/rib-lofoten.com\/?page_id=1520"},"modified":"2024-08-25T18:41:43","modified_gmt":"2024-08-25T16:41:43","slug":"chi-siamo","status":"publish","type":"page","link":"https:\/\/rib-lofoten.com\/it\/hvem-vi-er\/","title":{"rendered":"Chi siamo"},"content":{"rendered":"<div data-elementor-type=\"wp-page\" data-elementor-id=\"1520\" class=\"elementor elementor-1520\" data-elementor-post-type=\"page\">\n\t\t\t\t\t\t<section class=\"elementor-section elementor-top-section elementor-element elementor-element-db3a7ae elementor-section-stretched elementor-section-full_width elementor-section-height-default elementor-section-height-default\" data-id=\"db3a7ae\" data-element_type=\"section\" data-e-type=\"section\" data-settings=\"{&quot;stretch_section&quot;:&quot;section-stretched&quot;,&quot;background_background&quot;:&quot;classic&quot;,&quot;background_image&quot;:{&quot;url&quot;:&quot;&quot;,&quot;id&quot;:&quot;&quot;,&quot;size&quot;:&quot;&quot;},&quot;background_image_tablet&quot;:{&quot;url&quot;:&quot;&quot;,&quot;id&quot;:&quot;&quot;,&quot;size&quot;:&quot;&quot;},&quot;background_image_mobile&quot;:{&quot;url&quot;:&quot;&quot;,&quot;id&quot;:&quot;&quot;,&quot;size&quot;:&quot;&quot;}}\">\n\t\t\t\t\t\t<div class=\"elementor-container elementor-column-gap-no\">\n\t\t\t\t\t<div class=\"elementor-column elementor-col-100 elementor-top-column elementor-element elementor-element-7041cfc\" data-id=\"7041cfc\" data-element_type=\"column\" data-e-type=\"column\">\n\t\t\t<div class=\"elementor-widget-wrap elementor-element-populated\">\n\t\t\t\t\t\t<div class=\"elementor-element elementor-element-dac6a6e elementor--h-position-center elementor--v-position-middle elementor-arrows-position-inside elementor-widget elementor-widget-slides\" data-id=\"dac6a6e\" data-element_type=\"widget\" data-e-type=\"widget\" data-settings=\"{&quot;transition_speed&quot;:1500,&quot;navigation&quot;:&quot;arrows&quot;,&quot;transition&quot;:&quot;slide&quot;}\" data-widget_type=\"slides.default\">\n\t\t\t\t<div class=\"elementor-widget-container\">\n\t\t\t\t\t\t\t\t\t<div class=\"elementor-swiper\">\n\t\t\t\t\t<div class=\"elementor-slides-wrapper elementor-main-swiper swiper\" role=\"region\" aria-roledescription=\"carousel\" aria-label=\"Slides\" dir=\"ltr\" data-animation=\"fadeInDown\">\n\t\t\t\t<div class=\"swiper-wrapper elementor-slides\">\n\t\t\t\t\t\t\t\t\t\t<div class=\"elementor-repeater-item-43b27f7 swiper-slide\" role=\"group\" aria-roledescription=\"slide\"><div class=\"swiper-slide-bg\" role=\"img\" aria-label=\"9i-vesteralen-and-lofoten-by-rib_11_10961\"><\/div><div class=\"elementor-background-overlay\"><\/div><div class=\"swiper-slide-inner\" ><div class=\"swiper-slide-contents\"><div class=\"elementor-slide-heading\">chi siamo<\/div><div class=\"elementor-slide-description\"><br>Alcune brevi e divertenti informazioni per conoscerci un po' meglio<\/div><\/div><\/div><\/div>\t\t\t\t<\/div>\n\t\t\t\t\t\t\t<\/div>\n\t\t\t\t<\/div>\n\t\t\t\t\t\t\t\t<\/div>\n\t\t\t\t<\/div>\n\t\t\t\t\t<\/div>\n\t\t<\/div>\n\t\t\t\t\t<\/div>\n\t\t<\/section>\n\t\t\t\t<section class=\"elementor-section elementor-top-section elementor-element elementor-element-ef67d08 elementor-reverse-mobile elementor-reverse-tablet elementor-section-boxed elementor-section-height-default elementor-section-height-default\" data-id=\"ef67d08\" data-element_type=\"section\" data-e-type=\"section\">\n\t\t\t\t\t\t<div class=\"elementor-container elementor-column-gap-default\">\n\t\t\t\t\t<div class=\"elementor-column elementor-col-50 elementor-top-column elementor-element elementor-element-1423caf\" data-id=\"1423caf\" data-element_type=\"column\" data-e-type=\"column\">\n\t\t\t<div class=\"elementor-widget-wrap elementor-element-populated\">\n\t\t\t\t\t\t<div class=\"elementor-element elementor-element-642cca3 elementor-widget elementor-widget-image\" data-id=\"642cca3\" data-element_type=\"widget\" data-e-type=\"widget\" data-settings=\"{&quot;_animation&quot;:&quot;none&quot;}\" data-widget_type=\"image.default\">\n\t\t\t\t<div class=\"elementor-widget-container\">\n\t\t\t\t\t\t\t\t\t\t\t\t\t\t\t<img fetchpriority=\"high\" decoding=\"async\" width=\"1024\" height=\"512\" src=\"https:\/\/rib-lofoten.com\/wp-content\/uploads\/2022\/09\/9e-rib-adventure-in-lofoten_10_10959-1024x512.jpg\" class=\"attachment-large size-large wp-image-2298\" alt=\"Gite in barca alle Lofoten\" srcset=\"https:\/\/rib-lofoten.com\/wp-content\/uploads\/2022\/09\/9e-rib-adventure-in-lofoten_10_10959-1024x512.jpg.webp 1024w, https:\/\/rib-lofoten.com\/wp-content\/uploads\/2022\/09\/9e-rib-adventure-in-lofoten_10_10959-300x150.jpg.webp 300w, https:\/\/rib-lofoten.com\/wp-content\/uploads\/2022\/09\/9e-rib-adventure-in-lofoten_10_10959-768x384.jpg.webp 768w, https:\/\/rib-lofoten.com\/wp-content\/uploads\/2022\/09\/9e-rib-adventure-in-lofoten_10_10959-1536x768.jpg.webp 1536w, https:\/\/rib-lofoten.com\/wp-content\/uploads\/2022\/09\/9e-rib-adventure-in-lofoten_10_10959-18x9.jpg.webp 18w, https:\/\/rib-lofoten.com\/wp-content\/uploads\/2022\/09\/9e-rib-adventure-in-lofoten_10_10959.jpg 1900w\" sizes=\"(max-width: 1024px) 100vw, 1024px\" title=\"\">\t\t\t\t\t\t\t\t\t\t\t\t\t\t\t<\/div>\n\t\t\t\t<\/div>\n\t\t\t\t\t<\/div>\n\t\t<\/div>\n\t\t\t\t<div class=\"elementor-column elementor-col-50 elementor-top-column elementor-element elementor-element-5be41cd\" data-id=\"5be41cd\" data-element_type=\"column\" data-e-type=\"column\">\n\t\t\t<div class=\"elementor-widget-wrap elementor-element-populated\">\n\t\t\t\t\t\t<div class=\"elementor-element elementor-element-bffd417 elementor-widget elementor-widget-heading\" data-id=\"bffd417\" data-element_type=\"widget\" data-e-type=\"widget\" data-widget_type=\"heading.default\">\n\t\t\t\t<div class=\"elementor-widget-container\">\n\t\t\t\t\t<h2 class=\"elementor-heading-title elementor-size-default\">LA NOSTRA STORIA<\/h2>\t\t\t\t<\/div>\n\t\t\t\t<\/div>\n\t\t\t\t<div class=\"elementor-element elementor-element-3af5735 elementor-widget elementor-widget-text-editor\" data-id=\"3af5735\" data-element_type=\"widget\" data-e-type=\"widget\" data-widget_type=\"text-editor.default\">\n\t\t\t\t<div class=\"elementor-widget-container\">\n\t\t\t\t\t\t\t\t\t<p>RIB Lofoten \u00e8 stata fondata nel 2008 da Roar e Hans Egil per offrire viaggi in gommone e charter in tutte le isole Lofoten e Nordland.<\/p><p>Il turismo nelle isole Lofoten \u00e8 cresciuto costantemente negli ultimi anni e ora conta pi\u00f9 di 1 milione di visite ogni anno.<\/p><p>Siamo stati uno dei primi fornitori qui a Svolv\u00e6r a iniziare a spostare le persone con le nostre barche e siamo tra le principali agenzia di escursioni in gommone della regione.<\/p>\t\t\t\t\t\t\t\t<\/div>\n\t\t\t\t<\/div>\n\t\t\t\t\t<\/div>\n\t\t<\/div>\n\t\t\t\t\t<\/div>\n\t\t<\/section>\n\t\t\t\t<section class=\"elementor-section elementor-top-section elementor-element elementor-element-b0ec0c7 elementor-section-boxed elementor-section-height-default elementor-section-height-default\" data-id=\"b0ec0c7\" data-element_type=\"section\" data-e-type=\"section\">\n\t\t\t\t\t\t<div class=\"elementor-container elementor-column-gap-default\">\n\t\t\t\t\t<div class=\"elementor-column elementor-col-50 elementor-top-column elementor-element elementor-element-6cae5ad\" data-id=\"6cae5ad\" data-element_type=\"column\" data-e-type=\"column\">\n\t\t\t<div class=\"elementor-widget-wrap elementor-element-populated\">\n\t\t\t\t\t\t<div class=\"elementor-element elementor-element-fdcfae4 elementor-widget elementor-widget-heading\" data-id=\"fdcfae4\" data-element_type=\"widget\" data-e-type=\"widget\" data-widget_type=\"heading.default\">\n\t\t\t\t<div class=\"elementor-widget-container\">\n\t\t\t\t\t<h2 class=\"elementor-heading-title elementor-size-default\">LA NOSTRA FILOSOFIA<\/h2>\t\t\t\t<\/div>\n\t\t\t\t<\/div>\n\t\t\t\t<div class=\"elementor-element elementor-element-18775f1 elementor-widget elementor-widget-text-editor\" data-id=\"18775f1\" data-element_type=\"widget\" data-e-type=\"widget\" data-widget_type=\"text-editor.default\">\n\t\t\t\t<div class=\"elementor-widget-container\">\n\t\t\t\t\t\t\t\t\t<p>Ci concentriamo sempre sulla tua soddisfazione, quindi ogni escursione con noi \u00e8 unica e personalizzata.<br \/>Certo, non sempre \u00e8 possibile adattarlo al 100% a ogni persona a bordo, ma cerchiamo sempre di ascoltare i nostri clienti per potergli fornire un prodotto che corrisponda il pi\u00f9 possibile alle loro esigenze e desideri.<\/p><p>Quindi non aver paura: non ti annoieremo con troppe informazioni che altro non fanno altro che rovinare la tua esperienza, n\u00e9 guideremo a tutta velocit\u00e0 tutto il tempo facendoti perdere tutto gli straordinari scenari che ti circonderanno.<\/p><p>Cerchiamo sempre di mantenere un equilibrio tra turistismo, conoscenza ed eccitazione perch\u00e9 crediamo che una combinazione equilibrata di questi tre elementi sia ci\u00f2 che ti far\u00e0 godere l'esperienza nel migliore dei modi.<\/p><p>Abbiamo a cuore anche l'ambiente e per questo abbiamo installato motori di nuova generazione a basse emissioni su tutte le nostre barche e due dei nostri motori hanno anche un filtro che raccoglie microplastica dal mare.<\/p><p>I nostri motori a benzina consumano molto meno carburante per persona e inquinano molto meno dei motori diesel utilizzati dalle grandi navi.\u00a0<\/p>\t\t\t\t\t\t\t\t<\/div>\n\t\t\t\t<\/div>\n\t\t\t\t\t<\/div>\n\t\t<\/div>\n\t\t\t\t<div class=\"elementor-column elementor-col-50 elementor-top-column elementor-element elementor-element-5410bf6\" data-id=\"5410bf6\" data-element_type=\"column\" data-e-type=\"column\">\n\t\t\t<div class=\"elementor-widget-wrap elementor-element-populated\">\n\t\t\t\t\t\t<div class=\"elementor-element elementor-element-48a4973 elementor-hidden-mobile elementor-hidden-tablet elementor-widget elementor-widget-image\" data-id=\"48a4973\" data-element_type=\"widget\" data-e-type=\"widget\" data-widget_type=\"image.default\">\n\t\t\t\t<div class=\"elementor-widget-container\">\n\t\t\t\t\t\t\t\t\t\t\t\t\t\t\t<img decoding=\"async\" width=\"885\" height=\"584\" src=\"https:\/\/rib-lofoten.com\/wp-content\/uploads\/2022\/08\/Untitled4.png\" class=\"attachment-large size-large wp-image-1503\" alt=\"\" srcset=\"https:\/\/rib-lofoten.com\/wp-content\/uploads\/2022\/08\/Untitled4.png.webp 885w, https:\/\/rib-lofoten.com\/wp-content\/uploads\/2022\/08\/Untitled4-300x198.png.webp 300w, https:\/\/rib-lofoten.com\/wp-content\/uploads\/2022\/08\/Untitled4-768x507.png.webp 768w\" sizes=\"(max-width: 885px) 100vw, 885px\" title=\"\">\t\t\t\t\t\t\t\t\t\t\t\t\t\t\t<\/div>\n\t\t\t\t<\/div>\n\t\t\t\t<div class=\"elementor-element elementor-element-1f4923e elementor-widget elementor-widget-image\" data-id=\"1f4923e\" data-element_type=\"widget\" data-e-type=\"widget\" data-widget_type=\"image.default\">\n\t\t\t\t<div class=\"elementor-widget-container\">\n\t\t\t\t\t\t\t\t\t\t\t\t\t\t\t<img decoding=\"async\" width=\"1024\" height=\"683\" src=\"https:\/\/rib-lofoten.com\/wp-content\/uploads\/2018\/11\/RIB-lofoten-forside-1024x683.jpg\" class=\"attachment-large size-large wp-image-115\" alt=\"Aquile di mare crociera sul Trollfjord\" srcset=\"https:\/\/rib-lofoten.com\/wp-content\/uploads\/2018\/11\/RIB-lofoten-forside-1024x683.jpg.webp 1024w, https:\/\/rib-lofoten.com\/wp-content\/uploads\/2018\/11\/RIB-lofoten-forside-300x200.jpg.webp 300w, https:\/\/rib-lofoten.com\/wp-content\/uploads\/2018\/11\/RIB-lofoten-forside-768x512.jpg.webp 768w, https:\/\/rib-lofoten.com\/wp-content\/uploads\/2018\/11\/RIB-lofoten-forside.jpg.webp 1920w\" sizes=\"(max-width: 1024px) 100vw, 1024px\" title=\"\">\t\t\t\t\t\t\t\t\t\t\t\t\t\t\t<\/div>\n\t\t\t\t<\/div>\n\t\t\t\t\t<\/div>\n\t\t<\/div>\n\t\t\t\t\t<\/div>\n\t\t<\/section>\n\t\t\t\t<section class=\"elementor-section elementor-top-section elementor-element elementor-element-2860397 elementor-reverse-mobile elementor-reverse-tablet elementor-section-boxed elementor-section-height-default elementor-section-height-default\" data-id=\"2860397\" data-element_type=\"section\" data-e-type=\"section\">\n\t\t\t\t\t\t<div class=\"elementor-container elementor-column-gap-default\">\n\t\t\t\t\t<div class=\"elementor-column elementor-col-50 elementor-top-column elementor-element elementor-element-7b1a48c\" data-id=\"7b1a48c\" data-element_type=\"column\" data-e-type=\"column\">\n\t\t\t<div class=\"elementor-widget-wrap elementor-element-populated\">\n\t\t\t\t\t\t<div class=\"elementor-element elementor-element-a1953de elementor-widget elementor-widget-image\" data-id=\"a1953de\" data-element_type=\"widget\" data-e-type=\"widget\" data-widget_type=\"image.default\">\n\t\t\t\t<div class=\"elementor-widget-container\">\n\t\t\t\t\t\t\t\t\t\t\t\t\t\t\t<img decoding=\"async\" width=\"885\" height=\"584\" src=\"https:\/\/rib-lofoten.com\/wp-content\/uploads\/2022\/08\/Untitled4.png\" class=\"attachment-large size-large wp-image-1503\" alt=\"\" srcset=\"https:\/\/rib-lofoten.com\/wp-content\/uploads\/2022\/08\/Untitled4.png.webp 885w, https:\/\/rib-lofoten.com\/wp-content\/uploads\/2022\/08\/Untitled4-300x198.png.webp 300w, https:\/\/rib-lofoten.com\/wp-content\/uploads\/2022\/08\/Untitled4-768x507.png.webp 768w\" sizes=\"(max-width: 885px) 100vw, 885px\" title=\"\">\t\t\t\t\t\t\t\t\t\t\t\t\t\t\t<\/div>\n\t\t\t\t<\/div>\n\t\t\t\t<div class=\"elementor-element elementor-element-3be0e7f elementor-hidden-mobile elementor-hidden-tablet elementor-widget elementor-widget-image\" data-id=\"3be0e7f\" data-element_type=\"widget\" data-e-type=\"widget\" data-widget_type=\"image.default\">\n\t\t\t\t<div class=\"elementor-widget-container\">\n\t\t\t\t\t\t\t\t\t\t\t\t\t\t\t<img loading=\"lazy\" decoding=\"async\" width=\"1024\" height=\"590\" src=\"https:\/\/rib-lofoten.com\/wp-content\/uploads\/2022\/08\/DSC_7048-1024x590.jpg\" class=\"attachment-large size-large wp-image-1507\" alt=\"\" srcset=\"https:\/\/rib-lofoten.com\/wp-content\/uploads\/2022\/08\/DSC_7048-1024x590.jpg 1024w, https:\/\/rib-lofoten.com\/wp-content\/uploads\/2022\/08\/DSC_7048-300x173.jpg.webp 300w, https:\/\/rib-lofoten.com\/wp-content\/uploads\/2022\/08\/DSC_7048-768x442.jpg 768w, https:\/\/rib-lofoten.com\/wp-content\/uploads\/2022\/08\/DSC_7048-1536x885.jpg 1536w, https:\/\/rib-lofoten.com\/wp-content\/uploads\/2022\/08\/DSC_7048-2048x1180.jpg.webp 2048w\" sizes=\"(max-width: 1024px) 100vw, 1024px\" title=\"\">\t\t\t\t\t\t\t\t\t\t\t\t\t\t\t<\/div>\n\t\t\t\t<\/div>\n\t\t\t\t\t<\/div>\n\t\t<\/div>\n\t\t\t\t<div class=\"elementor-column elementor-col-50 elementor-top-column elementor-element elementor-element-08e07fa\" data-id=\"08e07fa\" data-element_type=\"column\" data-e-type=\"column\">\n\t\t\t<div class=\"elementor-widget-wrap elementor-element-populated\">\n\t\t\t\t\t\t<div class=\"elementor-element elementor-element-a1179b0 elementor-widget elementor-widget-heading\" data-id=\"a1179b0\" data-element_type=\"widget\" data-e-type=\"widget\" data-widget_type=\"heading.default\">\n\t\t\t\t<div class=\"elementor-widget-container\">\n\t\t\t\t\t<h2 class=\"elementor-heading-title elementor-size-default\">IL NOSTRO PRODOTTO<\/h2>\t\t\t\t<\/div>\n\t\t\t\t<\/div>\n\t\t\t\t<div class=\"elementor-element elementor-element-bc2c302 elementor-widget elementor-widget-text-editor\" data-id=\"bc2c302\" data-element_type=\"widget\" data-e-type=\"widget\" data-widget_type=\"text-editor.default\">\n\t\t\t\t<div class=\"elementor-widget-container\">\n\t\t\t\t\t\t\t\t\t<p>Crediamo di offrire il miglior prodotto sul mercato al momento e siamo molto orgogliosi che il Gruppo Hurtigruten ci abbia scelto per rappresentarli come loro fornitore ufficiale sia nelle isole Lofoten che a Vester\u00e5len.<br \/>Questo significa che ogni volta che hanno una nave in porto, tutte le nostre barche sono a loro disposizione.<\/p><p>Ci sentiamo molto fortunati qui nelle isole Lofoten perch\u00e9 la straordinaria natura e fauna crea quasi da sola il nostro prodotto, ma lo integriamo con informazioni educative e divertenti che ti faranno divertire per tutta la durata del viaggio.<\/p><p>Grazie alle dimensioni ridotte delle nostre barche, potrai goderti da vicino la ricca fauna che la regione ha da offrire.<br \/>Possiamo praticamente garantire l'avvistamento di aquile di mare, ma \u00e8 possibile anche quello di lontre, foche, pulcinelle di mare, focene, orche e balene. Tuttavia, non possiamo prometterlo, poich\u00e9 dipende anche dalla stagione.<\/p><p>E grazie alla velocit\u00e0 delle nostre barche, siamo in grado di coprire nello stesso tempo un'area molto pi\u00f9 ampia rispetto a una barca di dimensioni maggiori, quindi potrai sperimentare molto di pi\u00f9 ma allo stesso prezzo.<\/p>\t\t\t\t\t\t\t\t<\/div>\n\t\t\t\t<\/div>\n\t\t\t\t\t<\/div>\n\t\t<\/div>\n\t\t\t\t\t<\/div>\n\t\t<\/section>\n\t\t\t\t<section class=\"elementor-section elementor-top-section elementor-element elementor-element-3ab0f7e elementor-section-boxed elementor-section-height-default elementor-section-height-default\" data-id=\"3ab0f7e\" data-element_type=\"section\" data-e-type=\"section\">\n\t\t\t\t\t\t<div class=\"elementor-container elementor-column-gap-default\">\n\t\t\t\t\t<div class=\"elementor-column elementor-col-50 elementor-top-column elementor-element elementor-element-61c713e\" data-id=\"61c713e\" data-element_type=\"column\" data-e-type=\"column\">\n\t\t\t<div class=\"elementor-widget-wrap elementor-element-populated\">\n\t\t\t\t\t\t<div class=\"elementor-element elementor-element-e7d6f77 elementor-widget elementor-widget-heading\" data-id=\"e7d6f77\" data-element_type=\"widget\" data-e-type=\"widget\" data-widget_type=\"heading.default\">\n\t\t\t\t<div class=\"elementor-widget-container\">\n\t\t\t\t\t<h2 class=\"elementor-heading-title elementor-size-default\">LE NOSTRE BARCHE<\/h2>\t\t\t\t<\/div>\n\t\t\t\t<\/div>\n\t\t\t\t<div class=\"elementor-element elementor-element-79816ff elementor-widget elementor-widget-text-editor\" data-id=\"79816ff\" data-element_type=\"widget\" data-e-type=\"widget\" data-widget_type=\"text-editor.default\">\n\t\t\t\t<div class=\"elementor-widget-container\">\n\t\t\t\t\t\t\t\t\t<p>La nostra flotta \u00e8 composta da 4 moderni gommoni (RIB) e muoviamo tra le 2.500 e le 3.500 persone ogni anno, sia in estate che in inverno, a differenza della maggior parte dei nostri competitor che lavorano solo in estate.<\/p><p>Tutti i nostri gommoni sono dotati di 2 potenti motori Suzuki da 300 CV ciascuno (per un totale di 600 CV) che rendono le nostre barche veloci e affidabili, ma ovviamente regoliamo la velocit\u00e0 in base alle condizioni meteorologiche e all'altezza delle onde. Il nostro obiettivo \u00e8 quello di offrire a tutti un tour confortevole in qualsiasi condizione atmosferica.<\/p><p>Ogni barca pu\u00f2 imbarcare un totale di 12 passeggeri pi\u00f9 il capitano.<\/p>\t\t\t\t\t\t\t\t<\/div>\n\t\t\t\t<\/div>\n\t\t\t\t\t<\/div>\n\t\t<\/div>\n\t\t\t\t<div class=\"elementor-column elementor-col-50 elementor-top-column elementor-element elementor-element-82e9203\" data-id=\"82e9203\" data-element_type=\"column\" data-e-type=\"column\">\n\t\t\t<div class=\"elementor-widget-wrap elementor-element-populated\">\n\t\t\t\t\t\t<div class=\"elementor-element elementor-element-641c3d3 elementor-widget elementor-widget-image\" data-id=\"641c3d3\" data-element_type=\"widget\" data-e-type=\"widget\" data-widget_type=\"image.default\">\n\t\t\t\t<div class=\"elementor-widget-container\">\n\t\t\t\t\t\t\t\t\t\t\t\t\t\t\t<img loading=\"lazy\" decoding=\"async\" width=\"1024\" height=\"577\" src=\"https:\/\/rib-lofoten.com\/wp-content\/uploads\/2022\/08\/70824409_128760158491423_2916691477302083584_n-1024x577.jpg\" class=\"attachment-large size-large wp-image-1477\" alt=\"\" srcset=\"https:\/\/rib-lofoten.com\/wp-content\/uploads\/2022\/08\/70824409_128760158491423_2916691477302083584_n-1024x577.jpg.webp 1024w, https:\/\/rib-lofoten.com\/wp-content\/uploads\/2022\/08\/70824409_128760158491423_2916691477302083584_n-300x169.jpg.webp 300w, https:\/\/rib-lofoten.com\/wp-content\/uploads\/2022\/08\/70824409_128760158491423_2916691477302083584_n-768x432.jpg.webp 768w, https:\/\/rib-lofoten.com\/wp-content\/uploads\/2022\/08\/70824409_128760158491423_2916691477302083584_n-1536x865.jpg.webp 1536w, https:\/\/rib-lofoten.com\/wp-content\/uploads\/2022\/08\/70824409_128760158491423_2916691477302083584_n.jpg 2048w\" sizes=\"(max-width: 1024px) 100vw, 1024px\" title=\"\">\t\t\t\t\t\t\t\t\t\t\t\t\t\t\t<\/div>\n\t\t\t\t<\/div>\n\t\t\t\t\t<\/div>\n\t\t<\/div>\n\t\t\t\t\t<\/div>\n\t\t<\/section>\n\t\t\t\t<\/div>","protected":false},"excerpt":{"rendered":"<p>hvem vi erLitt kort og morsom informasjon for \u00e5 bli litt bedre kjent med oss V\u00c5R HISTORIE RIB Lofoten ble grunnlagt i 2008 av Roar og Hans Egil for \u00e5 tilby RIB-turer og charterturer over hele Lofoten og Nordland. Reiselivet i Lofoten har vokst jevnt og trutt de siste \u00e5rene og st\u00e5r n\u00e5 for mer [&hellip;]<\/p>\n","protected":false},"author":6,"featured_media":0,"parent":0,"menu_order":0,"comment_status":"closed","ping_status":"closed","template":"","meta":{"inline_featured_image":false,"site-sidebar-layout":"no-sidebar","site-content-layout":"page-builder","ast-site-content-layout":"default","site-content-style":"default","site-sidebar-style":"default","ast-global-header-display":"","ast-banner-title-visibility":"","ast-main-header-display":"","ast-hfb-above-header-display":"","ast-hfb-below-header-display":"","ast-hfb-mobile-header-display":"","site-post-title":"disabled","ast-breadcrumbs-content":"","ast-featured-img":"disabled","footer-sml-layout":"","ast-disable-related-posts":"","theme-transparent-header-meta":"default","adv-header-id-meta":"","stick-header-meta":"","header-above-stick-meta":"","header-main-stick-meta":"","header-below-stick-meta":"","astra-migrate-meta-layouts":"default","ast-page-background-enabled":"default","ast-page-background-meta":{"desktop":{"background-color":"","background-image":"","background-repeat":"repeat","background-position":"center center","background-size":"auto","background-attachment":"scroll","background-type":"","background-media":"","overlay-type":"","overlay-color":"","overlay-opacity":"","overlay-gradient":""},"tablet":{"background-color":"","background-image":"","background-repeat":"repeat","background-position":"center center","background-size":"auto","background-attachment":"scroll","background-type":"","background-media":"","overlay-type":"","overlay-color":"","overlay-opacity":"","overlay-gradient":""},"mobile":{"background-color":"","background-image":"","background-repeat":"repeat","background-position":"center center","background-size":"auto","background-attachment":"scroll","background-type":"","background-media":"","overlay-type":"","overlay-color":"","overlay-opacity":"","overlay-gradient":""}},"ast-content-background-meta":{"desktop":{"background-color":"var(--ast-global-color-5)","background-image":"","background-repeat":"repeat","background-position":"center center","background-size":"auto","background-attachment":"scroll","background-type":"","background-media":"","overlay-type":"","overlay-color":"","overlay-opacity":"","overlay-gradient":""},"tablet":{"background-color":"var(--ast-global-color-5)","background-image":"","background-repeat":"repeat","background-position":"center center","background-size":"auto","background-attachment":"scroll","background-type":"","background-media":"","overlay-type":"","overlay-color":"","overlay-opacity":"","overlay-gradient":""},"mobile":{"background-color":"var(--ast-global-color-5)","background-image":"","background-repeat":"repeat","background-position":"center center","background-size":"auto","background-attachment":"scroll","background-type":"","background-media":"","overlay-type":"","overlay-color":"","overlay-opacity":"","overlay-gradient":""}},"footnotes":""},"class_list":["post-1520","page","type-page","status-publish","hentry"],"_links":{"self":[{"href":"https:\/\/rib-lofoten.com\/it\/wp-json\/wp\/v2\/pages\/1520","targetHints":{"allow":["GET"]}}],"collection":[{"href":"https:\/\/rib-lofoten.com\/it\/wp-json\/wp\/v2\/pages"}],"about":[{"href":"https:\/\/rib-lofoten.com\/it\/wp-json\/wp\/v2\/types\/page"}],"author":[{"embeddable":true,"href":"https:\/\/rib-lofoten.com\/it\/wp-json\/wp\/v2\/users\/6"}],"replies":[{"embeddable":true,"href":"https:\/\/rib-lofoten.com\/it\/wp-json\/wp\/v2\/comments?post=1520"}],"version-history":[{"count":10,"href":"https:\/\/rib-lofoten.com\/it\/wp-json\/wp\/v2\/pages\/1520\/revisions"}],"predecessor-version":[{"id":5061,"href":"https:\/\/rib-lofoten.com\/it\/wp-json\/wp\/v2\/pages\/1520\/revisions\/5061"}],"wp:attachment":[{"href":"https:\/\/rib-lofoten.com\/it\/wp-json\/wp\/v2\/media?parent=1520"}],"curies":[{"name":"wp","href":"https:\/\/api.w.org\/{rel}","templated":true}]}}