{"id":681,"date":"2022-07-18T15:09:07","date_gmt":"2022-07-18T14:09:07","guid":{"rendered":"https:\/\/rib-lofoten.com\/?page_id=681"},"modified":"2024-08-25T18:45:25","modified_gmt":"2024-08-25T16:45:25","slug":"barche-e-sicurezza","status":"publish","type":"page","link":"https:\/\/rib-lofoten.com\/it\/bater-og-sikkerhet\/","title":{"rendered":"Barche e sicurezza"},"content":{"rendered":"<div data-elementor-type=\"wp-page\" data-elementor-id=\"681\" class=\"elementor elementor-681\" data-elementor-post-type=\"page\">\n\t\t\t\t\t\t<section class=\"elementor-section elementor-top-section elementor-element elementor-element-21e7fc7 elementor-section-stretched elementor-section-full_width elementor-section-height-default elementor-section-height-default\" data-id=\"21e7fc7\" data-element_type=\"section\" data-e-type=\"section\" data-settings=\"{&quot;stretch_section&quot;:&quot;section-stretched&quot;}\">\n\t\t\t\t\t\t<div class=\"elementor-container elementor-column-gap-no\">\n\t\t\t\t\t<div class=\"elementor-column elementor-col-100 elementor-top-column elementor-element elementor-element-e9d7c92\" data-id=\"e9d7c92\" data-element_type=\"column\" data-e-type=\"column\">\n\t\t\t<div class=\"elementor-widget-wrap elementor-element-populated\">\n\t\t\t\t\t\t<div class=\"elementor-element elementor-element-2af7d3c elementor--h-position-center elementor--v-position-middle elementor-widget elementor-widget-slides\" data-id=\"2af7d3c\" data-element_type=\"widget\" data-e-type=\"widget\" data-settings=\"{&quot;transition_speed&quot;:1500,&quot;navigation&quot;:&quot;none&quot;,&quot;transition&quot;:&quot;slide&quot;}\" data-widget_type=\"slides.default\">\n\t\t\t\t<div class=\"elementor-widget-container\">\n\t\t\t\t\t\t\t\t\t<div class=\"elementor-swiper\">\n\t\t\t\t\t<div class=\"elementor-slides-wrapper elementor-main-swiper swiper\" role=\"region\" aria-roledescription=\"carousel\" aria-label=\"Slides\" dir=\"ltr\" data-animation=\"fadeInDown\">\n\t\t\t\t<div class=\"swiper-wrapper elementor-slides\">\n\t\t\t\t\t\t\t\t\t\t<div class=\"elementor-repeater-item-bc92736 swiper-slide\" role=\"group\" aria-roledescription=\"slide\"><div class=\"swiper-slide-bg\" role=\"img\" aria-label=\"70824409_128760158491423_2916691477302083584_n\"><\/div><div class=\"elementor-background-overlay\"><\/div><div class=\"swiper-slide-inner\" ><div class=\"swiper-slide-contents\"><div class=\"elementor-slide-heading\">Barche e sicurezza<\/div><div class=\"elementor-slide-description\">Conosci le barche e le dotazioni di sicurezza<\/div><\/div><\/div><\/div>\t\t\t\t<\/div>\n\t\t\t\t\t\t\t<\/div>\n\t\t\t\t<\/div>\n\t\t\t\t\t\t\t\t<\/div>\n\t\t\t\t<\/div>\n\t\t\t\t\t<\/div>\n\t\t<\/div>\n\t\t\t\t\t<\/div>\n\t\t<\/section>\n\t\t\t\t<section class=\"elementor-section elementor-top-section elementor-element elementor-element-fa17297 elementor-section-boxed elementor-section-height-default elementor-section-height-default\" data-id=\"fa17297\" data-element_type=\"section\" data-e-type=\"section\">\n\t\t\t\t\t\t<div class=\"elementor-container elementor-column-gap-default\">\n\t\t\t\t\t<div class=\"elementor-column elementor-col-50 elementor-top-column elementor-element elementor-element-cc5ce9a\" data-id=\"cc5ce9a\" data-element_type=\"column\" data-e-type=\"column\">\n\t\t\t<div class=\"elementor-widget-wrap elementor-element-populated\">\n\t\t\t\t\t\t<div class=\"elementor-element elementor-element-d37eb3c elementor-widget elementor-widget-heading\" data-id=\"d37eb3c\" data-element_type=\"widget\" data-e-type=\"widget\" data-widget_type=\"heading.default\">\n\t\t\t\t<div class=\"elementor-widget-container\">\n\t\t\t\t\t<h2 class=\"elementor-heading-title elementor-size-default\">le nostre barche<\/h2>\t\t\t\t<\/div>\n\t\t\t\t<\/div>\n\t\t\t\t<div class=\"elementor-element elementor-element-8752253 elementor-widget elementor-widget-text-editor\" data-id=\"8752253\" data-element_type=\"widget\" data-e-type=\"widget\" data-widget_type=\"text-editor.default\">\n\t\t\t\t<div class=\"elementor-widget-container\">\n\t\t\t\t\t\t\t\t\t<p>La nostra flotta \u00e8 composta da 4 moderni gommoni (RIB) e muoviamo tra le 2.500 e le 3.500 persone ogni anno, sia in estate che in inverno, a differenza della maggior parte dei nostri competitor che lavorano solo in estate.<\/p><p>Tutti i nostri gommoni sono dotati di 2 potenti motori Suzuki da 300 CV ciascuno (per un totale di 600 CV) che rendono le nostre barche veloci e affidabili, ma ovviamente regoliamo la velocit\u00e0 in base alle condizioni meteorologiche e all'altezza delle onde. Il nostro obiettivo \u00e8 quello di offrire a tutti un tour piacevole in qualsiasi condizione atmosferica.<\/p><p>Ogni barca pu\u00f2 imbarcare un totale di 12 passeggeri pi\u00f9 il capitano.<\/p>\t\t\t\t\t\t\t\t<\/div>\n\t\t\t\t<\/div>\n\t\t\t\t\t<\/div>\n\t\t<\/div>\n\t\t\t\t<div class=\"elementor-column elementor-col-50 elementor-top-column elementor-element elementor-element-bc9ad3d\" data-id=\"bc9ad3d\" data-element_type=\"column\" data-e-type=\"column\">\n\t\t\t<div class=\"elementor-widget-wrap elementor-element-populated\">\n\t\t\t\t\t\t<div class=\"elementor-element elementor-element-3ede240 elementor-widget elementor-widget-image\" data-id=\"3ede240\" data-element_type=\"widget\" data-e-type=\"widget\" data-widget_type=\"image.default\">\n\t\t\t\t<div class=\"elementor-widget-container\">\n\t\t\t\t\t\t\t\t\t\t\t\t\t\t\t<img fetchpriority=\"high\" decoding=\"async\" width=\"1024\" height=\"679\" src=\"https:\/\/rib-lofoten.com\/wp-content\/uploads\/2022\/08\/71537082_128729011827871_5406207014877528064_n-1024x679.jpg\" class=\"attachment-large size-large wp-image-1481\" alt=\"\" srcset=\"https:\/\/rib-lofoten.com\/wp-content\/uploads\/2022\/08\/71537082_128729011827871_5406207014877528064_n-1024x679.jpg 1024w, https:\/\/rib-lofoten.com\/wp-content\/uploads\/2022\/08\/71537082_128729011827871_5406207014877528064_n-300x199.jpg 300w, https:\/\/rib-lofoten.com\/wp-content\/uploads\/2022\/08\/71537082_128729011827871_5406207014877528064_n-768x509.jpg 768w, https:\/\/rib-lofoten.com\/wp-content\/uploads\/2022\/08\/71537082_128729011827871_5406207014877528064_n-1536x1018.jpg 1536w, https:\/\/rib-lofoten.com\/wp-content\/uploads\/2022\/08\/71537082_128729011827871_5406207014877528064_n.jpg 2048w\" sizes=\"(max-width: 1024px) 100vw, 1024px\" title=\"\">\t\t\t\t\t\t\t\t\t\t\t\t\t\t\t<\/div>\n\t\t\t\t<\/div>\n\t\t\t\t\t<\/div>\n\t\t<\/div>\n\t\t\t\t\t<\/div>\n\t\t<\/section>\n\t\t\t\t<section class=\"elementor-section elementor-top-section elementor-element elementor-element-054e115 elementor-reverse-mobile elementor-reverse-tablet elementor-section-boxed elementor-section-height-default elementor-section-height-default\" data-id=\"054e115\" data-element_type=\"section\" data-e-type=\"section\">\n\t\t\t\t\t\t<div class=\"elementor-container elementor-column-gap-default\">\n\t\t\t\t\t<div class=\"elementor-column elementor-col-50 elementor-top-column elementor-element elementor-element-ec422df elementor-hidden-tablet\" data-id=\"ec422df\" data-element_type=\"column\" data-e-type=\"column\">\n\t\t\t<div class=\"elementor-widget-wrap elementor-element-populated\">\n\t\t\t\t\t\t<div class=\"elementor-element elementor-element-bac56f0 elementor-hidden-tablet elementor-widget elementor-widget-image\" data-id=\"bac56f0\" data-element_type=\"widget\" data-e-type=\"widget\" data-widget_type=\"image.default\">\n\t\t\t\t<div class=\"elementor-widget-container\">\n\t\t\t\t\t\t\t\t\t\t\t\t\t\t\t<img decoding=\"async\" width=\"880\" height=\"880\" src=\"https:\/\/rib-lofoten.com\/wp-content\/uploads\/2022\/08\/IMAGE_FLADEN_22-845BG.jpg\" class=\"attachment-large size-large wp-image-1552\" alt=\"\" srcset=\"https:\/\/rib-lofoten.com\/wp-content\/uploads\/2022\/08\/IMAGE_FLADEN_22-845BG.jpg 880w, https:\/\/rib-lofoten.com\/wp-content\/uploads\/2022\/08\/IMAGE_FLADEN_22-845BG-300x300.jpg 300w, https:\/\/rib-lofoten.com\/wp-content\/uploads\/2022\/08\/IMAGE_FLADEN_22-845BG-150x150.jpg 150w, https:\/\/rib-lofoten.com\/wp-content\/uploads\/2022\/08\/IMAGE_FLADEN_22-845BG-768x768.jpg 768w\" sizes=\"(max-width: 880px) 100vw, 880px\" title=\"\">\t\t\t\t\t\t\t\t\t\t\t\t\t\t\t<\/div>\n\t\t\t\t<\/div>\n\t\t\t\t<section class=\"elementor-section elementor-inner-section elementor-element elementor-element-d66c59b elementor-hidden-tablet elementor-section-boxed elementor-section-height-default elementor-section-height-default\" data-id=\"d66c59b\" data-element_type=\"section\" data-e-type=\"section\">\n\t\t\t\t\t\t<div class=\"elementor-container elementor-column-gap-default\">\n\t\t\t\t\t<div class=\"elementor-column elementor-col-50 elementor-inner-column elementor-element elementor-element-8199e6c\" data-id=\"8199e6c\" data-element_type=\"column\" data-e-type=\"column\">\n\t\t\t<div class=\"elementor-widget-wrap elementor-element-populated\">\n\t\t\t\t\t\t<div class=\"elementor-element elementor-element-0bd17ee elementor-widget elementor-widget-image\" data-id=\"0bd17ee\" data-element_type=\"widget\" data-e-type=\"widget\" data-widget_type=\"image.default\">\n\t\t\t\t<div class=\"elementor-widget-container\">\n\t\t\t\t\t\t\t\t\t\t\t\t\t\t\t<img decoding=\"async\" width=\"191\" height=\"263\" src=\"https:\/\/rib-lofoten.com\/wp-content\/uploads\/2022\/08\/download.jpg\" class=\"attachment-large size-large wp-image-1553\" alt=\"\" title=\"\">\t\t\t\t\t\t\t\t\t\t\t\t\t\t\t<\/div>\n\t\t\t\t<\/div>\n\t\t\t\t\t<\/div>\n\t\t<\/div>\n\t\t\t\t<div class=\"elementor-column elementor-col-50 elementor-inner-column elementor-element elementor-element-2b005a1\" data-id=\"2b005a1\" data-element_type=\"column\" data-e-type=\"column\">\n\t\t\t<div class=\"elementor-widget-wrap elementor-element-populated\">\n\t\t\t\t\t\t<div class=\"elementor-element elementor-element-1b0cd24 elementor-widget elementor-widget-image\" data-id=\"1b0cd24\" data-element_type=\"widget\" data-e-type=\"widget\" data-widget_type=\"image.default\">\n\t\t\t\t<div class=\"elementor-widget-container\">\n\t\t\t\t\t\t\t\t\t\t\t\t\t\t\t<img loading=\"lazy\" decoding=\"async\" width=\"700\" height=\"400\" src=\"https:\/\/rib-lofoten.com\/wp-content\/uploads\/2022\/08\/620U.02.10.00.jpg\" class=\"attachment-large size-large wp-image-1551\" alt=\"\" srcset=\"https:\/\/rib-lofoten.com\/wp-content\/uploads\/2022\/08\/620U.02.10.00.jpg 700w, https:\/\/rib-lofoten.com\/wp-content\/uploads\/2022\/08\/620U.02.10.00-300x171.jpg 300w\" sizes=\"(max-width: 700px) 100vw, 700px\" title=\"\">\t\t\t\t\t\t\t\t\t\t\t\t\t\t\t<\/div>\n\t\t\t\t<\/div>\n\t\t\t\t\t<\/div>\n\t\t<\/div>\n\t\t\t\t\t<\/div>\n\t\t<\/section>\n\t\t\t\t\t<\/div>\n\t\t<\/div>\n\t\t\t\t<div class=\"elementor-column elementor-col-50 elementor-top-column elementor-element elementor-element-6342437\" data-id=\"6342437\" data-element_type=\"column\" data-e-type=\"column\">\n\t\t\t<div class=\"elementor-widget-wrap elementor-element-populated\">\n\t\t\t\t\t\t<div class=\"elementor-element elementor-element-c465b14 elementor-widget elementor-widget-heading\" data-id=\"c465b14\" data-element_type=\"widget\" data-e-type=\"widget\" data-widget_type=\"heading.default\">\n\t\t\t\t<div class=\"elementor-widget-container\">\n\t\t\t\t\t<h2 class=\"elementor-heading-title elementor-size-default\">ATTREZZATURE E SICUREZZA<\/h2>\t\t\t\t<\/div>\n\t\t\t\t<\/div>\n\t\t\t\t<div class=\"elementor-element elementor-element-d49cfce elementor-widget elementor-widget-text-editor\" data-id=\"d49cfce\" data-element_type=\"widget\" data-e-type=\"widget\" data-widget_type=\"text-editor.default\">\n\t\t\t\t<div class=\"elementor-widget-container\">\n\t\t\t\t\t\t\t\t\t<p>Prendiamo molto sul serio la sicurezza e poich\u00e9 siamo al di sopra del Circolo Polare Artico \u00e8 necessario disporre di attrezzature speciali per far fronte a tutte le possibili condizioni meteorologiche.<\/p><p>Per questo motivo tutti sono obbligati a indossare una tuta termica, che ovviamente viene fornita da noi. Questa ti terr\u00e0 al caldo in ogni momento anche nell'improbabile eventualit\u00e0 che tu cada in acqua. Ma non ti preoccuparti perch\u00e8 non \u00e8 mai successo!<br \/>L'altro articolo obbligatorio \u00e8 il giubbotto salvatagente che ti verr\u00e0 anch'esso fornito da noi.<br \/>Ti verranno forniti anche un paio di occhiali per proteggere gli occhi dal vento e guanti se necessario.<\/p><p>Devi solo vestirti in base alle condizioni meteorologiche del giorno in cui viaggi e preferibilmente avere scarpe calde e comode.<\/p><p>Non abbiamo rigorosi limiti di et\u00e0 sui nostri RIB, il che significa che tutti sono pi\u00f9 che benvenuti, e questa \u00e8 una chiara testimonianza di quanto siano sicure le nostre escursioni. Richiediamo solo che i bambini possano sedersi da soli.<\/p><p>Per motivi di sicurezza, chiediamo che i nostri clienti abbiano una mobilit\u00e0 sufficiente che gli consenta di poter salire e scendere dalle nostre barche senza difficolt\u00e0.\nLe uniche categorie a cui sconsigliamo il nostro prodotto sono donne in gravidanza e persone con gravi problemi o lesioni alla schiena.<\/p>\t\t\t\t\t\t\t\t<\/div>\n\t\t\t\t<\/div>\n\t\t\t\t\t<\/div>\n\t\t<\/div>\n\t\t\t\t\t<\/div>\n\t\t<\/section>\n\t\t\t\t<section class=\"elementor-section elementor-top-section elementor-element elementor-element-e9e2fa8 elementor-hidden-desktop elementor-hidden-mobile elementor-section-boxed elementor-section-height-default elementor-section-height-default\" data-id=\"e9e2fa8\" data-element_type=\"section\" data-e-type=\"section\">\n\t\t\t\t\t\t<div class=\"elementor-container elementor-column-gap-default\">\n\t\t\t\t\t<div class=\"elementor-column elementor-col-50 elementor-top-column elementor-element elementor-element-08ede66\" data-id=\"08ede66\" data-element_type=\"column\" data-e-type=\"column\">\n\t\t\t<div class=\"elementor-widget-wrap elementor-element-populated\">\n\t\t\t\t\t\t<div class=\"elementor-element elementor-element-78a71a1 elementor-widget elementor-widget-image\" data-id=\"78a71a1\" data-element_type=\"widget\" data-e-type=\"widget\" data-widget_type=\"image.default\">\n\t\t\t\t<div class=\"elementor-widget-container\">\n\t\t\t\t\t\t\t\t\t\t\t\t\t\t\t<img decoding=\"async\" width=\"880\" height=\"880\" src=\"https:\/\/rib-lofoten.com\/wp-content\/uploads\/2022\/08\/IMAGE_FLADEN_22-845BG.jpg\" class=\"attachment-large size-large wp-image-1552\" alt=\"\" srcset=\"https:\/\/rib-lofoten.com\/wp-content\/uploads\/2022\/08\/IMAGE_FLADEN_22-845BG.jpg 880w, https:\/\/rib-lofoten.com\/wp-content\/uploads\/2022\/08\/IMAGE_FLADEN_22-845BG-300x300.jpg 300w, https:\/\/rib-lofoten.com\/wp-content\/uploads\/2022\/08\/IMAGE_FLADEN_22-845BG-150x150.jpg 150w, https:\/\/rib-lofoten.com\/wp-content\/uploads\/2022\/08\/IMAGE_FLADEN_22-845BG-768x768.jpg 768w\" sizes=\"(max-width: 880px) 100vw, 880px\" title=\"\">\t\t\t\t\t\t\t\t\t\t\t\t\t\t\t<\/div>\n\t\t\t\t<\/div>\n\t\t\t\t\t<\/div>\n\t\t<\/div>\n\t\t\t\t<div class=\"elementor-column elementor-col-50 elementor-top-column elementor-element elementor-element-4ef7197\" data-id=\"4ef7197\" data-element_type=\"column\" data-e-type=\"column\">\n\t\t\t<div class=\"elementor-widget-wrap elementor-element-populated\">\n\t\t\t\t\t\t<section class=\"elementor-section elementor-inner-section elementor-element elementor-element-968bcdf elementor-section-boxed elementor-section-height-default elementor-section-height-default\" data-id=\"968bcdf\" data-element_type=\"section\" data-e-type=\"section\">\n\t\t\t\t\t\t<div class=\"elementor-container elementor-column-gap-default\">\n\t\t\t\t\t<div class=\"elementor-column elementor-col-50 elementor-inner-column elementor-element elementor-element-16a265f\" data-id=\"16a265f\" data-element_type=\"column\" data-e-type=\"column\">\n\t\t\t<div class=\"elementor-widget-wrap elementor-element-populated\">\n\t\t\t\t\t\t<div class=\"elementor-element elementor-element-b73a1e6 elementor-widget elementor-widget-image\" data-id=\"b73a1e6\" data-element_type=\"widget\" data-e-type=\"widget\" data-widget_type=\"image.default\">\n\t\t\t\t<div class=\"elementor-widget-container\">\n\t\t\t\t\t\t\t\t\t\t\t\t\t\t\t<img decoding=\"async\" width=\"191\" height=\"263\" src=\"https:\/\/rib-lofoten.com\/wp-content\/uploads\/2022\/08\/download.jpg\" class=\"attachment-large size-large wp-image-1553\" alt=\"\" title=\"\">\t\t\t\t\t\t\t\t\t\t\t\t\t\t\t<\/div>\n\t\t\t\t<\/div>\n\t\t\t\t\t<\/div>\n\t\t<\/div>\n\t\t\t\t<div class=\"elementor-column elementor-col-50 elementor-inner-column elementor-element elementor-element-a008c20\" data-id=\"a008c20\" data-element_type=\"column\" data-e-type=\"column\">\n\t\t\t<div class=\"elementor-widget-wrap elementor-element-populated\">\n\t\t\t\t\t\t<div class=\"elementor-element elementor-element-d1a4a78 elementor-widget elementor-widget-image\" data-id=\"d1a4a78\" data-element_type=\"widget\" data-e-type=\"widget\" data-widget_type=\"image.default\">\n\t\t\t\t<div class=\"elementor-widget-container\">\n\t\t\t\t\t\t\t\t\t\t\t\t\t\t\t<img loading=\"lazy\" decoding=\"async\" width=\"700\" height=\"400\" src=\"https:\/\/rib-lofoten.com\/wp-content\/uploads\/2022\/08\/620U.02.10.00.jpg\" class=\"attachment-large size-large wp-image-1551\" alt=\"\" srcset=\"https:\/\/rib-lofoten.com\/wp-content\/uploads\/2022\/08\/620U.02.10.00.jpg 700w, https:\/\/rib-lofoten.com\/wp-content\/uploads\/2022\/08\/620U.02.10.00-300x171.jpg 300w\" sizes=\"(max-width: 700px) 100vw, 700px\" title=\"\">\t\t\t\t\t\t\t\t\t\t\t\t\t\t\t<\/div>\n\t\t\t\t<\/div>\n\t\t\t\t\t<\/div>\n\t\t<\/div>\n\t\t\t\t\t<\/div>\n\t\t<\/section>\n\t\t\t\t\t<\/div>\n\t\t<\/div>\n\t\t\t\t\t<\/div>\n\t\t<\/section>\n\t\t\t\t<\/div>","protected":false},"excerpt":{"rendered":"<p>B\u00e5ter og SikkerhetBli kjent med b\u00e5tene og sikkerhetsutstyret v\u00e5re b\u00e5ter V\u00e5r fl\u00e5te best\u00e5r av 4 moderne RIB-b\u00e5ter og vi flytter mellom 2500 og 3500 personer hvert \u00e5r. Vi opererer b\u00e5de sommer og vinter, i motsetning til de fleste andre leverand\u00f8rer som kun jobber om sommeren. Alle v\u00e5re RIB-er er utstyrt med 2 kraftige 300 hk [&hellip;]<\/p>\n","protected":false},"author":6,"featured_media":0,"parent":0,"menu_order":0,"comment_status":"closed","ping_status":"closed","template":"","meta":{"inline_featured_image":false,"site-sidebar-layout":"no-sidebar","site-content-layout":"page-builder","ast-site-content-layout":"default","site-content-style":"default","site-sidebar-style":"default","ast-global-header-display":"","ast-banner-title-visibility":"","ast-main-header-display":"","ast-hfb-above-header-display":"","ast-hfb-below-header-display":"","ast-hfb-mobile-header-display":"","site-post-title":"disabled","ast-breadcrumbs-content":"","ast-featured-img":"disabled","footer-sml-layout":"","ast-disable-related-posts":"","theme-transparent-header-meta":"default","adv-header-id-meta":"","stick-header-meta":"","header-above-stick-meta":"","header-main-stick-meta":"","header-below-stick-meta":"","astra-migrate-meta-layouts":"default","ast-page-background-enabled":"default","ast-page-background-meta":{"desktop":{"background-color":"","background-image":"","background-repeat":"repeat","background-position":"center center","background-size":"auto","background-attachment":"scroll","background-type":"","background-media":"","overlay-type":"","overlay-color":"","overlay-opacity":"","overlay-gradient":""},"tablet":{"background-color":"","background-image":"","background-repeat":"repeat","background-position":"center center","background-size":"auto","background-attachment":"scroll","background-type":"","background-media":"","overlay-type":"","overlay-color":"","overlay-opacity":"","overlay-gradient":""},"mobile":{"background-color":"","background-image":"","background-repeat":"repeat","background-position":"center center","background-size":"auto","background-attachment":"scroll","background-type":"","background-media":"","overlay-type":"","overlay-color":"","overlay-opacity":"","overlay-gradient":""}},"ast-content-background-meta":{"desktop":{"background-color":"var(--ast-global-color-5)","background-image":"","background-repeat":"repeat","background-position":"center center","background-size":"auto","background-attachment":"scroll","background-type":"","background-media":"","overlay-type":"","overlay-color":"","overlay-opacity":"","overlay-gradient":""},"tablet":{"background-color":"var(--ast-global-color-5)","background-image":"","background-repeat":"repeat","background-position":"center center","background-size":"auto","background-attachment":"scroll","background-type":"","background-media":"","overlay-type":"","overlay-color":"","overlay-opacity":"","overlay-gradient":""},"mobile":{"background-color":"var(--ast-global-color-5)","background-image":"","background-repeat":"repeat","background-position":"center center","background-size":"auto","background-attachment":"scroll","background-type":"","background-media":"","overlay-type":"","overlay-color":"","overlay-opacity":"","overlay-gradient":""}},"footnotes":""},"class_list":["post-681","page","type-page","status-publish","hentry"],"_links":{"self":[{"href":"https:\/\/rib-lofoten.com\/it\/wp-json\/wp\/v2\/pages\/681","targetHints":{"allow":["GET"]}}],"collection":[{"href":"https:\/\/rib-lofoten.com\/it\/wp-json\/wp\/v2\/pages"}],"about":[{"href":"https:\/\/rib-lofoten.com\/it\/wp-json\/wp\/v2\/types\/page"}],"author":[{"embeddable":true,"href":"https:\/\/rib-lofoten.com\/it\/wp-json\/wp\/v2\/users\/6"}],"replies":[{"embeddable":true,"href":"https:\/\/rib-lofoten.com\/it\/wp-json\/wp\/v2\/comments?post=681"}],"version-history":[{"count":7,"href":"https:\/\/rib-lofoten.com\/it\/wp-json\/wp\/v2\/pages\/681\/revisions"}],"predecessor-version":[{"id":5064,"href":"https:\/\/rib-lofoten.com\/it\/wp-json\/wp\/v2\/pages\/681\/revisions\/5064"}],"wp:attachment":[{"href":"https:\/\/rib-lofoten.com\/it\/wp-json\/wp\/v2\/media?parent=681"}],"curies":[{"name":"wp","href":"https:\/\/api.w.org\/{rel}","templated":true}]}}